{"id":40991,"date":"2026-04-19T15:18:54","date_gmt":"2026-04-19T15:18:54","guid":{"rendered":"https:\/\/singuli.wpress.me\/index.php\/proizvod\/tonna-s3-m-220-ulje-za-klizne-staze-209-l\/"},"modified":"2026-04-20T12:33:34","modified_gmt":"2026-04-20T12:33:34","slug":"tonna-s3-m-220-ulje-za-klizne-staze-209-l","status":"publish","type":"product","link":"https:\/\/singuli.wpress.me\/index.php\/proizvod\/tonna-s3-m-220-ulje-za-klizne-staze-209-l\/","title":{"rendered":"TONNA S3 M 220, Ulje za klizne staze, 209\u00a0l"},"content":{"rendered":"<p>Vrhunska ulja za moderne visoko precizne strojeve. Glavne primjene su za klizne staze, pokretne stolove i mehanizme za punjenje strojeva za obradu. Njihova izra\u017eena adhezivnost kombinirana je sa superiornim karakteristikama smanjenja trenja na kliznim stazama. Posebno se preporu\u010duje za strojeve s visokim stupnjem preciznosti i malih brzina posmaka kao i u kombiniranim hidraulika-klizne staze sustavima podmazivanja. Jedna od karakteristika koje se isti\u010du je da potpuno i odmah se odvaja od vodomje\u0161ljivih teku\u0107ina za obradu omogu\u0107avaju\u0107i lako uklanjanje ulja raznim ure\u0111ajima. <\/p>\n<p><span style=\"font-weight: bold\">Specifikacija:<\/span> Fives Cincinnati P-50 (ISO 220), P-47 (ISO 68); ISO 11158\/ISO 6743-4 HG, ISO 12925-1\/ISO 6743-6 CKC, ISO 19378\/ISO 6743-13 GA i GB, CGLP klizna ulja u skladu s DIN 51502.<\/p>\n","protected":false},"excerpt":{"rendered":"<p>Ulje za klizne staze<br \/>\nRazvijena za eliminiranje &#8220;stick-slip&#8221; problema<br \/>\nDobra prionljivost na kliznim stazama<\/p>\n","protected":false},"featured_media":0,"template":"","meta":{"_seopress_robots_primary_cat":"","_seopress_titles_title":"","_seopress_titles_desc":"","_seopress_robots_index":"","iawp_total_views":0},"product_brand":[827],"product_cat":[243,276],"product_tag":[],"class_list":{"0":"post-40991","1":"product","2":"type-product","3":"status-publish","5":"product_brand-tonna","6":"product_cat-automobili-i-motori","7":"product_cat-industrijska-i-specijalna-ulja-243","9":"first","10":"outofstock","11":"shipping-taxable","12":"purchasable","13":"product-type-simple"},"_links":{"self":[{"href":"https:\/\/singuli.wpress.me\/index.php\/wp-json\/wp\/v2\/product\/40991","targetHints":{"allow":["GET"]}}],"collection":[{"href":"https:\/\/singuli.wpress.me\/index.php\/wp-json\/wp\/v2\/product"}],"about":[{"href":"https:\/\/singuli.wpress.me\/index.php\/wp-json\/wp\/v2\/types\/product"}],"version-history":[{"count":0,"href":"https:\/\/singuli.wpress.me\/index.php\/wp-json\/wp\/v2\/product\/40991\/revisions"}],"wp:attachment":[{"href":"https:\/\/singuli.wpress.me\/index.php\/wp-json\/wp\/v2\/media?parent=40991"}],"wp:term":[{"taxonomy":"product_brand","embeddable":true,"href":"https:\/\/singuli.wpress.me\/index.php\/wp-json\/wp\/v2\/product_brand?post=40991"},{"taxonomy":"product_cat","embeddable":true,"href":"https:\/\/singuli.wpress.me\/index.php\/wp-json\/wp\/v2\/product_cat?post=40991"},{"taxonomy":"product_tag","embeddable":true,"href":"https:\/\/singuli.wpress.me\/index.php\/wp-json\/wp\/v2\/product_tag?post=40991"}],"curies":[{"name":"wp","href":"https:\/\/api.w.org\/{rel}","templated":true}]}}