{"id":40992,"date":"2026-04-19T15:18:54","date_gmt":"2026-04-19T15:18:54","guid":{"rendered":"https:\/\/singuli.wpress.me\/index.php\/proizvod\/tomy-igracka-autobus-za-slaganje\/"},"modified":"2026-04-20T12:33:34","modified_gmt":"2026-04-20T12:33:34","slug":"tomy-igracka-autobus-za-slaganje","status":"publish","type":"product","link":"https:\/\/singuli.wpress.me\/index.php\/proizvod\/tomy-igracka-autobus-za-slaganje\/","title":{"rendered":"TOMY, igra\u010dka, autobus za slaganje"},"content":{"rendered":"<p>Slo\u017ei dijelove autobusa jedan na drugi po odgovaraju\u0107oj veli\u010dini od podno\u017eja do vrha. Svaki dio ima svoju boju i broj. <\/p>\n<p>Igra\u010dka uklju\u010duje podlogu na kota\u010dima koja slu\u017ei kao osnova za slaganje.<\/p>\n<p>Veselo jaje koje dolazi u setu mo\u017ee se smjestiti na vrh slo\u017eene piramide ili na bilo koji drugi dio. Pritiskom na Veselo jaje \u010duje se zvuk. <\/p>\n<p>Igra\u010dka u\u010di boje i brojeve, rje\u0161avanje problema i razvija finu motoriku.<\/p>\n<p>Preporu\u010dena dob: 12 &#8211; 36 mjeseci.<\/p>\n","protected":false},"excerpt":{"rendered":"<p>Igra\u010dka uklju\u010duje podlogu na kota\u010dima koja slu\u017ei kao osnova za slaganje<br \/>\nIgra\u010dka u\u010di boje i brojeve, rje\u0161avanje problema i razvija finu motoriku<br \/>\nPreporu\u010dena dob: 12 &#8211; 36 mjeseci<\/p>\n","protected":false},"featured_media":0,"template":"","meta":{"_seopress_robots_primary_cat":"","_seopress_titles_title":"","_seopress_titles_desc":"","_seopress_robots_index":"","iawp_total_views":0},"product_brand":[487],"product_cat":[221,291],"product_tag":[],"class_list":{"0":"post-40992","1":"product","2":"type-product","3":"status-publish","5":"product_brand-tomy","6":"product_cat-igracke","7":"product_cat-igracke-za-djecu-221","9":"first","10":"instock","11":"shipping-taxable","12":"purchasable","13":"product-type-simple"},"_links":{"self":[{"href":"https:\/\/singuli.wpress.me\/index.php\/wp-json\/wp\/v2\/product\/40992","targetHints":{"allow":["GET"]}}],"collection":[{"href":"https:\/\/singuli.wpress.me\/index.php\/wp-json\/wp\/v2\/product"}],"about":[{"href":"https:\/\/singuli.wpress.me\/index.php\/wp-json\/wp\/v2\/types\/product"}],"version-history":[{"count":0,"href":"https:\/\/singuli.wpress.me\/index.php\/wp-json\/wp\/v2\/product\/40992\/revisions"}],"wp:attachment":[{"href":"https:\/\/singuli.wpress.me\/index.php\/wp-json\/wp\/v2\/media?parent=40992"}],"wp:term":[{"taxonomy":"product_brand","embeddable":true,"href":"https:\/\/singuli.wpress.me\/index.php\/wp-json\/wp\/v2\/product_brand?post=40992"},{"taxonomy":"product_cat","embeddable":true,"href":"https:\/\/singuli.wpress.me\/index.php\/wp-json\/wp\/v2\/product_cat?post=40992"},{"taxonomy":"product_tag","embeddable":true,"href":"https:\/\/singuli.wpress.me\/index.php\/wp-json\/wp\/v2\/product_tag?post=40992"}],"curies":[{"name":"wp","href":"https:\/\/api.w.org\/{rel}","templated":true}]}}