{"id":40993,"date":"2026-04-19T15:18:55","date_gmt":"2026-04-19T15:18:55","guid":{"rendered":"https:\/\/singuli.wpress.me\/index.php\/proizvod\/bio-oil-gel-za-njegu-tijela-100-ml\/"},"modified":"2026-04-20T12:33:34","modified_gmt":"2026-04-20T12:33:34","slug":"bio-oil-gel-za-njegu-tijela-100-ml","status":"publish","type":"product","link":"https:\/\/singuli.wpress.me\/index.php\/proizvod\/bio-oil-gel-za-njegu-tijela-100-ml\/","title":{"rendered":"BIO-OIL, gel za njegu tijela, 100\u00a0ml"},"content":{"rendered":"<p>Bio-Oil\u00ae gel za suhu ko\u017eu je specijalna formulacija za suhu ko\u017eu.  To je nova, revolucionarna generacija tretmana za suhu ko\u017eu u obliku gela. Oslanja se na postoje\u0107u tehnologiju krema za tijelo, te je pobolj\u0161ava tako \u0161to umjesto vode koja nije aktivan sastojak koristi ulje, \u010dime proizvod postaje u\u010dinkovitiji. Bio-Oil\u00ae je otkrio potpuno novo rje\u0161enje: vodu je zamijenio uljem i tako stvorio proizvod koji je 100% aktivan.<br \/>\nBio-oil\u00ae gel za suhu ko\u017eu poma\u017ee u obnavljanju  prirodne funkcije barijere ko\u017ee, te dubinski vla\u017ei ko\u017eu. Jedinstvena tekstura uljnog gela je lagana, lako se nanosi i razmazuje, brzo se upija i stvara za\u0161titni film koji sprije\u010dava gubitak vode. Sa samo 3% vode, ovaj vrlo mo\u0107an pripravak kombinira emolijense kao \u0161to je shea maslac, humektanse ili tvari koje ve\u017eu vodu poput glicerina i uree zajedno s umiruju\u0107im sastojcima za ko\u017eu, kao \u0161to je vitamin B3, za izuzetan rezultat hidratacije. Glavni sastojci: Pur Cellin Oil tm  &#8211; utje\u010de na konzistenciju formule, \u010dini ji laganom i nemasnom , \u010dime osigurava da ko\u017ea lako upije sve dodane djelatne  tvari.  Na ko\u017ei stvara tanki za\u0161titni film koji  nije niti ljepljiv niti mastan.<br \/>\nIma ulogu emoliensa  \u010dini ko\u017eu mekanom , glatkom i bar\u0161unastom. Glavni sastojci: Glicerin &#8211; poja\u010dava hidrataciju<br \/>\nHijaluronska kiselina- poja\u010dava hidrataciju,<br \/>\nprivla\u010di molekule vode, doprinosi \u010dvr\u0161\u0107em izgledu ko\u017ee<br \/>\nShea maslac &#8211; njeguje i vla\u017ei ko\u017eu<br \/>\nNiacinamid B3 &#8211; poma\u017ee u o\u010duvanju ko\u017ene barijere<br \/>\nUrea &#8211; zagla\u0111uje i omek\u0161ava<br \/>\nKamilica- djeluje protuupalno i smiruje<br \/>\nUlje nevena-ima regenartivno djelovanje na stanice<br \/>\nVitamin A \u2013 ima va\u017enu ulogu u stvaranju kolagena i tako poma\u017ee<br \/>\nu obnovi ko\u017ee, pobolj\u0161ava elasti\u010dnost , tonus, teksturu ko\u017ee<\/p>\n","protected":false},"excerpt":{"rendered":"<p>Bio-Oil\u00ae gel za suhu ko\u017eu je nova generacija tretmana za suhu ko\u017eu<br \/>\nU istra\u017eiva\u010dkom laboratoriju Bio-Oila osmi\u0161ljena je nova inovativna tehnologija zamjene vode uljem, stvaraju\u0107i tako proizvod koji je 100% aktivan<br \/>\nNova jedinstvena tekstura gel-ulja upija se lako i stvara za\u0161titni film koji sprije\u010dava gubitak vode i vra\u0107a suhu ko\u017eu u optimalno hidratizirano stanje<\/p>\n","protected":false},"featured_media":0,"template":"","meta":{"_seopress_robots_primary_cat":"","_seopress_titles_title":"","_seopress_titles_desc":"","_seopress_robots_index":"","iawp_total_views":0},"product_brand":[856],"product_cat":[268,278],"product_tag":[],"class_list":{"0":"post-40993","1":"product","2":"type-product","3":"status-publish","5":"product_brand-bio-oil","6":"product_cat-kozmetika-2","7":"product_cat-njega-tijela-268","9":"first","10":"instock","11":"shipping-taxable","12":"purchasable","13":"product-type-simple"},"_links":{"self":[{"href":"https:\/\/singuli.wpress.me\/index.php\/wp-json\/wp\/v2\/product\/40993","targetHints":{"allow":["GET"]}}],"collection":[{"href":"https:\/\/singuli.wpress.me\/index.php\/wp-json\/wp\/v2\/product"}],"about":[{"href":"https:\/\/singuli.wpress.me\/index.php\/wp-json\/wp\/v2\/types\/product"}],"version-history":[{"count":0,"href":"https:\/\/singuli.wpress.me\/index.php\/wp-json\/wp\/v2\/product\/40993\/revisions"}],"wp:attachment":[{"href":"https:\/\/singuli.wpress.me\/index.php\/wp-json\/wp\/v2\/media?parent=40993"}],"wp:term":[{"taxonomy":"product_brand","embeddable":true,"href":"https:\/\/singuli.wpress.me\/index.php\/wp-json\/wp\/v2\/product_brand?post=40993"},{"taxonomy":"product_cat","embeddable":true,"href":"https:\/\/singuli.wpress.me\/index.php\/wp-json\/wp\/v2\/product_cat?post=40993"},{"taxonomy":"product_tag","embeddable":true,"href":"https:\/\/singuli.wpress.me\/index.php\/wp-json\/wp\/v2\/product_tag?post=40993"}],"curies":[{"name":"wp","href":"https:\/\/api.w.org\/{rel}","templated":true}]}}