{"id":40994,"date":"2026-04-19T15:18:55","date_gmt":"2026-04-19T15:18:55","guid":{"rendered":"https:\/\/singuli.wpress.me\/index.php\/proizvod\/oral-b-pulsonic-refills-clean-zamjenske-glave-za-cetkicu-4-kom\/"},"modified":"2026-04-20T12:33:34","modified_gmt":"2026-04-20T12:33:34","slug":"oral-b-pulsonic-refills-clean-zamjenske-glave-za-cetkicu-4-kom","status":"publish","type":"product","link":"https:\/\/singuli.wpress.me\/index.php\/proizvod\/oral-b-pulsonic-refills-clean-zamjenske-glave-za-cetkicu-4-kom\/","title":{"rendered":"ORAL-B Pulsonic Refills Clean, zamjenske glave za \u010detkicu, 4\u00a0kom"},"content":{"rendered":"<p>Na\u0161a najbolja glava zubne cetkice Pulsonic, za temeljito pranje zubi<br \/>\nIzdu\u017eena glava zubne cetkice u kombinaciji s nje\u017enom sonicnom tehnologijom uklanja vi\u0161e zubnih naslaga u usporedbi s klasicnom zubnom cetkicom<br \/>\nKompatibilna sa svim sonicnim elektricnim zubnim cetkicama Oral-B Pulsonic<\/p>\n","protected":false},"excerpt":{"rendered":"<p>Kompatibilna sa svim soni\u010dnim elektri\u010dnim zubnim \u010detkicama Oral-B Pulsonic<br \/>\nUklanja vi\u0161e zubnih naslaga u usporedbi s klasi\u010dnom zubnom \u010detkicom<br \/>\nnajbolja glava zubne \u010detkice Pulsonic<\/p>\n","protected":false},"featured_media":0,"template":"","meta":{"_seopress_robots_primary_cat":"","_seopress_titles_title":"","_seopress_titles_desc":"","_seopress_robots_index":"","iawp_total_views":0},"product_brand":[423],"product_cat":[192,207,209],"product_tag":[],"class_list":{"0":"post-40994","1":"product","2":"type-product","3":"status-publish","5":"product_brand-oral-b-2","6":"product_cat-aparati-za-osobnu-njegu","7":"product_cat-oralna-higijena","8":"product_cat-zamjenske-glave","10":"first","11":"instock","12":"shipping-taxable","13":"purchasable","14":"product-type-simple"},"_links":{"self":[{"href":"https:\/\/singuli.wpress.me\/index.php\/wp-json\/wp\/v2\/product\/40994","targetHints":{"allow":["GET"]}}],"collection":[{"href":"https:\/\/singuli.wpress.me\/index.php\/wp-json\/wp\/v2\/product"}],"about":[{"href":"https:\/\/singuli.wpress.me\/index.php\/wp-json\/wp\/v2\/types\/product"}],"version-history":[{"count":0,"href":"https:\/\/singuli.wpress.me\/index.php\/wp-json\/wp\/v2\/product\/40994\/revisions"}],"wp:attachment":[{"href":"https:\/\/singuli.wpress.me\/index.php\/wp-json\/wp\/v2\/media?parent=40994"}],"wp:term":[{"taxonomy":"product_brand","embeddable":true,"href":"https:\/\/singuli.wpress.me\/index.php\/wp-json\/wp\/v2\/product_brand?post=40994"},{"taxonomy":"product_cat","embeddable":true,"href":"https:\/\/singuli.wpress.me\/index.php\/wp-json\/wp\/v2\/product_cat?post=40994"},{"taxonomy":"product_tag","embeddable":true,"href":"https:\/\/singuli.wpress.me\/index.php\/wp-json\/wp\/v2\/product_tag?post=40994"}],"curies":[{"name":"wp","href":"https:\/\/api.w.org\/{rel}","templated":true}]}}