{"id":40997,"date":"2026-04-19T15:18:56","date_gmt":"2026-04-19T15:18:56","guid":{"rendered":"https:\/\/singuli.wpress.me\/index.php\/proizvod\/glade-aromatherapy-punjenje-za-elektricni-osvjezivac-zraka-lavandin-i-sandalovina-20-ml-2\/"},"modified":"2026-04-20T12:33:34","modified_gmt":"2026-04-20T12:33:34","slug":"glade-aromatherapy-punjenje-za-elektricni-osvjezivac-zraka-lavandin-i-sandalovina-20-ml-2","status":"publish","type":"product","link":"https:\/\/singuli.wpress.me\/index.php\/proizvod\/glade-aromatherapy-punjenje-za-elektricni-osvjezivac-zraka-lavandin-i-sandalovina-20-ml-2\/","title":{"rendered":"GLADE Aromatherapy, punjenje za elektri\u010dni osvje\u017eiva\u010d zraka, lavandin i sandalovina, 20\u00a0ml"},"content":{"rendered":"<p>Glade\u00ae Elektri\u010dni osvje\u017eiva\u010d zraka s dvostrukom mje\u0161avinom esencijalnih ulja pru\u017ea do 100 dana svje\u017eine, pri niskom intenzitetu mirisa ukoliko se koristi 12 sati dnevno. <\/p>\n<p>Odaberite \u017eeljeni intenzitet mirisa te stvorite savr\u0161en ambijent u svakoj prostoriji. <\/p>\n<p>Do dva puta vi\u0161e esencijalnih ulja od prosje\u010dne razine u osnovnim mirisima Glade elektri\u010dnih osvje\u017eiva\u010da zraka. <\/p>\n<p>Ne sadr\u017ei parabene, ftalate, nitro mo\u0161us, boje ili umjetna bojila.<\/p>\n<p>Uljep\u0161ajte svoj dan i inspirirajte se uz pomo\u0107 \u017eivopisne mje\u0161avine brazilske naran\u010de i slatkog sjevernoafri\u010dkog cvijeta nerolija.<\/p>\n","protected":false},"excerpt":{"rendered":"<p>Punjenje: lavandin i sandalovina<br \/>\nOboga\u0107eno dvostrukom mje\u0161avinom esencijalnih ulja<br \/>\nDo 100 dana mirisa<\/p>\n","protected":false},"featured_media":0,"template":"","meta":{"_seopress_robots_primary_cat":"","_seopress_titles_title":"","_seopress_titles_desc":"","_seopress_robots_index":"","iawp_total_views":0},"product_brand":[405],"product_cat":[243,272],"product_tag":[],"class_list":{"0":"post-40997","1":"product","2":"type-product","3":"status-publish","5":"product_brand-glade","6":"product_cat-automobili-i-motori","7":"product_cat-motorna-ulja-243","9":"first","10":"outofstock","11":"shipping-taxable","12":"purchasable","13":"product-type-simple"},"_links":{"self":[{"href":"https:\/\/singuli.wpress.me\/index.php\/wp-json\/wp\/v2\/product\/40997","targetHints":{"allow":["GET"]}}],"collection":[{"href":"https:\/\/singuli.wpress.me\/index.php\/wp-json\/wp\/v2\/product"}],"about":[{"href":"https:\/\/singuli.wpress.me\/index.php\/wp-json\/wp\/v2\/types\/product"}],"version-history":[{"count":0,"href":"https:\/\/singuli.wpress.me\/index.php\/wp-json\/wp\/v2\/product\/40997\/revisions"}],"wp:attachment":[{"href":"https:\/\/singuli.wpress.me\/index.php\/wp-json\/wp\/v2\/media?parent=40997"}],"wp:term":[{"taxonomy":"product_brand","embeddable":true,"href":"https:\/\/singuli.wpress.me\/index.php\/wp-json\/wp\/v2\/product_brand?post=40997"},{"taxonomy":"product_cat","embeddable":true,"href":"https:\/\/singuli.wpress.me\/index.php\/wp-json\/wp\/v2\/product_cat?post=40997"},{"taxonomy":"product_tag","embeddable":true,"href":"https:\/\/singuli.wpress.me\/index.php\/wp-json\/wp\/v2\/product_tag?post=40997"}],"curies":[{"name":"wp","href":"https:\/\/api.w.org\/{rel}","templated":true}]}}