{"id":40998,"date":"2026-04-19T15:18:56","date_gmt":"2026-04-19T15:18:56","guid":{"rendered":"https:\/\/singuli.wpress.me\/index.php\/proizvod\/hot-wheels-skate-s-tenisicama-multipack\/"},"modified":"2026-04-20T12:33:34","modified_gmt":"2026-04-20T12:33:34","slug":"hot-wheels-skate-s-tenisicama-multipack","status":"publish","type":"product","link":"https:\/\/singuli.wpress.me\/index.php\/proizvod\/hot-wheels-skate-s-tenisicama-multipack\/","title":{"rendered":"HOT WHEELS, skate s tenisicama, multipack"},"content":{"rendered":"<p>Hot Wheels Skate\u2122 Multipack sadr\u017ei \u010detiri razli\u010dite, izvrsno stilizirane fingerboarde zajedno s dva razli\u010dita para tenisica koje se mogu koristiti naizmjeni\u010dno sa svim daskama.<br \/>\nTenisice poma\u017eu djeci da steknu osje\u0107aj skateboarda i pokreta na njemu dok vje\u017ebaju vratolomije i okretaje. Dr\u017ee prste na mjestu kada svladavate tehnike na skateboardu, \u0161to je posebno korisno za mlade koji tek u\u010de kako izvoditi vratolomije svojim prstima. Cijela kolekcija ima fantasti\u010dnu grafiku i izvedbu koja kombinira kreativnu briljantnost Hot Wheelsa\u00ae i Tonyja Hawka.<br \/>\nSvaka daska dolazi u potpunosti sastavljena i ima kota\u010de s brzom osovinom za vrhunsku izvedbu i mobilnost. Hot Wheels Skate\u2122 Multipack izvrstan je dar za djecu od 5 godina i stariju, a radi tako posebnog dizajna htjet \u0107e ih sve skupiti. Igra\u010dka dolazi u vi\u0161e razli\u010ditih modela, a isporuka ovisi o njihovoj trenutnoj raspolo\u017eivosti. <\/p>\n","protected":false},"excerpt":{"rendered":"<p>Poma\u017eu djeci da steknu osje\u0107aj skateboarda<br \/>\nDob: 5+<br \/>\nIgra\u010dka dolazi u vi\u0161e razli\u010ditih modela<\/p>\n","protected":false},"featured_media":0,"template":"","meta":{"_seopress_robots_primary_cat":"","_seopress_titles_title":"","_seopress_titles_desc":"","_seopress_robots_index":"","iawp_total_views":0},"product_brand":[429],"product_cat":[243,273],"product_tag":[],"class_list":{"0":"post-40998","1":"product","2":"type-product","3":"status-publish","5":"product_brand-hot-wheels","6":"product_cat-automobili-i-motori","7":"product_cat-njega-vozila-243","9":"first","10":"instock","11":"shipping-taxable","12":"purchasable","13":"product-type-simple"},"_links":{"self":[{"href":"https:\/\/singuli.wpress.me\/index.php\/wp-json\/wp\/v2\/product\/40998","targetHints":{"allow":["GET"]}}],"collection":[{"href":"https:\/\/singuli.wpress.me\/index.php\/wp-json\/wp\/v2\/product"}],"about":[{"href":"https:\/\/singuli.wpress.me\/index.php\/wp-json\/wp\/v2\/types\/product"}],"version-history":[{"count":0,"href":"https:\/\/singuli.wpress.me\/index.php\/wp-json\/wp\/v2\/product\/40998\/revisions"}],"wp:attachment":[{"href":"https:\/\/singuli.wpress.me\/index.php\/wp-json\/wp\/v2\/media?parent=40998"}],"wp:term":[{"taxonomy":"product_brand","embeddable":true,"href":"https:\/\/singuli.wpress.me\/index.php\/wp-json\/wp\/v2\/product_brand?post=40998"},{"taxonomy":"product_cat","embeddable":true,"href":"https:\/\/singuli.wpress.me\/index.php\/wp-json\/wp\/v2\/product_cat?post=40998"},{"taxonomy":"product_tag","embeddable":true,"href":"https:\/\/singuli.wpress.me\/index.php\/wp-json\/wp\/v2\/product_tag?post=40998"}],"curies":[{"name":"wp","href":"https:\/\/api.w.org\/{rel}","templated":true}]}}