{"id":41000,"date":"2026-04-19T15:18:58","date_gmt":"2026-04-19T15:18:58","guid":{"rendered":"https:\/\/singuli.wpress.me\/index.php\/proizvod\/braun-serija-5-51-m4500cs-brijac\/"},"modified":"2026-04-20T12:33:34","modified_gmt":"2026-04-20T12:33:34","slug":"braun-serija-5-51-m4500cs-brijac","status":"publish","type":"product","link":"https:\/\/singuli.wpress.me\/index.php\/proizvod\/braun-serija-5-51-m4500cs-brijac\/","title":{"rendered":"BRAUN serija 5 51-M4500CS, brija\u010d"},"content":{"rendered":"<p>Braun Series 5 51-M4500cs, punjivi be\u017ei\u010dni brija\u0107i aparat s mre\u017eicom, za mokro i suho brijanje, s postoljem za punjenje i trimerom za bradu, menta zeleni<\/p>\n<p>Istaknute zna\u010dajke:<br \/>\n\u2022 Lako do temeljitog brijanja: ovaj brija\u0107i aparat ima 3 fleksibilne o\u0161trice koje se fluidno prilago\u0111avaju konturama va\u0161eg lica, dok sustav EasyClean omogu\u0107uje brzo i jednostavno \u010di\u0161\u0107enje bez skidanja glave brija\u0107eg aparata.<br \/>\n\u2022 U\u010dinkovitost i kod zahtjevnijih brada: tehnologija AutoSense o\u010ditava zna\u010dajke va\u0161e brade i prilago\u0111ava rad motora njezinoj gusto\u0107i, hvataju\u0107i i podrezuju\u0107i vi\u0161e dla\u010dica pri svakom brijanju.<br \/>\n\u2022 Litij-ionska baterija za do 3 tjedna brijanja  (do 50 minuta rada). 5-minutno brzo punjenje dostatno je za jedno brijanje.<br \/>\n\u2022 100% vodootporni elektri\u010dni brija\u0107i aparat za mokru i suhu upotrebu.<br \/>\n\u2022 S ovim brija\u0107im aparatom dobivate i postolje s punja\u010dem te nastavak s trimerom za bradu.<\/p>\n<p>Braun Series 5 51-M4500cs &#8211; Novi Series 5<br \/>\nJednostavno brijanje. Uistinu temeljito.<\/p>\n<p>Sustav EasyClean<br \/>\nO\u010distite svoj brija\u0107i aparat bez skidanja brija\u0107e glave. Voda prolazi kroz dijelove za podrezivanje i ispire odrezane dla\u010dice.<\/p>\n<p>Obe\u0107anje tehnologije na kojoj po\u010diva Series 5:<br \/>\n\u2022 Lako do temeljitog brijanja: 3 fleksibilne o\u0161trice prilago\u0111avaju se konturama va\u0161eg lica. Sa sustavom EasyClean.<br \/>\n\u2022 U\u010dinkovitost i kod zahtjevnijih brada: tehnologija AutoSense o\u010ditava zna\u010dajke va\u0161e brade i prilago\u0111ava rad motora njezinoj gusto\u0107i, hvataju\u0107i i podrezuju\u0107i vi\u0161e dla\u010dica pri svakom brijanju.<br \/>\n\u2022 Litij-ionska baterija pru\u017ea do 3 tjedna brijanja. 5-minutno brzo punjenje dostatno je za 1 brijanje.<br \/>\n\u2022 100% vodootporni elektri\u010dni brija\u0107i aparat za mokru i suhu upotrebu.<br \/>\n\u2022 Kompatibilan s nastavcima EasyClick za vi\u0161e funkcionalnosti.<\/p>\n<p>Tehnologija AutoSense<br \/>\nOvaj je brija\u0107i aparat stvoren za u\u010dinkovitost. Tehnologija Autosense o\u010ditava gusto\u0107u va\u0161e brade i prilago\u0111ava joj svoj rad, uklanjaju\u0107i vi\u0161e dla\u010dica pri svakom brijanju.<\/p>\n<p>Sustav nastavaka EasyClick<br \/>\nVa\u0161 brija\u0107i aparat mo\u017ee pru\u017eiti vi\u0161e od samog brijanja. S njim ve\u0107 dobivate trimer za podrezivanje najrazli\u010ditijih brada na duljine od 0,5 do 7 mm.<\/p>\n<p>Lako rukovanje<br \/>\nNova ergonomska dr\u0161ka omogu\u0107uje lako brijanje jednostavnim potezima u jednom smjeru.<\/p>\n<p>Dugotrajnija litij-ionska baterija<br \/>\n&#8211; 1 potpuno punjenje omogu\u0107uje do 3 tjedna brijanja.<br \/>\n&#8211; 5-minutno brzo punjenje dostatno je za 1 kompletno brijanje.<\/p>\n<p>100% vodootporan za mokru i suhu upotrebu<br \/>\nOsmi\u0161ljen tako da se mo\u017eete brijati kako god po\u017eelite: na suho, s pjenom ili gelom, ili pak pod tu\u0161em.<\/p>\n<p>Projektiran u Njema\u010dkoj<br \/>\nNa\u0161i su proizvodi stvoreni da traju: nudimo 2 godine jamstva i do 10 godina servisa za popravke.  <\/p>\n<p>Opis proizvoda:<br \/>\nElektri\u010dni brija\u0107i aparat Braun Series 5 olak\u0161ava brijanje svojim trima fleksibilnim o\u0161tricama koje se prilago\u0111avaju konturama va\u0161eg lica. Sustav EasyClean omogu\u0107uje brzo i jednostavno \u010di\u0161\u0107enje bez skidanja brija\u0107e glave. Litij-ionska baterija pru\u017ea do 3 tjedna brijanja. 5-minutno brzo punjenje dostatno je za 1 brijanje. Ovaj brija\u0107i aparat je 100% vodootporan za mokru i suhu upotrebu. Kompatibilan je sa sustavom EasyClick. Nastavak s trimerom za bradu dolazi s ure\u0111ajem.<\/p>\n<p>Sadr\u017eaj pakiranja:<br \/>\n1x elektri\u010dni brija\u0107i aparat Series 5, boje mente<br \/>\n1x nastavak s trimerom za bradu<br \/>\n1x postolje s punja\u010dem<br \/>\n1x za\u0161titni poklopac<br \/>\n1x utika\u010d SmartPlug koji se automatski prilago\u0111ava naponu 100-240 V diljem svijeta<br \/>\n1x \u010detkica za \u010di\u0161\u0107enje<br \/>\n1x meka torbica<\/p>\n","protected":false},"excerpt":{"rendered":"<p>Elektri\u010dni brija\u0107i aparat Braun Series 5 olak\u0161ava brijanje svojim trima fleksibilnim o\u0161tricama koje se prilago\u0111avaju konturama va\u0161eg lica<br \/>\nLitij-ionska baterija pru\u017ea do 3 tjedna brijanja<br \/>\n100% vodootporni elektri\u010dni brija\u0107i aparat za mokru i suhu upotrebu<\/p>\n","protected":false},"featured_media":0,"template":"","meta":{"_seopress_robots_primary_cat":"","_seopress_titles_title":"","_seopress_titles_desc":"","_seopress_robots_index":"","iawp_total_views":0},"product_brand":[144],"product_cat":[280,192,279],"product_tag":[],"class_list":{"0":"post-41000","1":"product","2":"type-product","3":"status-publish","5":"product_brand-braun","6":"product_cat-aparati-za-muskarce-279","7":"product_cat-aparati-za-osobnu-njegu","8":"product_cat-brijanje-i-sisanje-192","10":"first","11":"outofstock","12":"shipping-taxable","13":"purchasable","14":"product-type-simple"},"_links":{"self":[{"href":"https:\/\/singuli.wpress.me\/index.php\/wp-json\/wp\/v2\/product\/41000","targetHints":{"allow":["GET"]}}],"collection":[{"href":"https:\/\/singuli.wpress.me\/index.php\/wp-json\/wp\/v2\/product"}],"about":[{"href":"https:\/\/singuli.wpress.me\/index.php\/wp-json\/wp\/v2\/types\/product"}],"version-history":[{"count":0,"href":"https:\/\/singuli.wpress.me\/index.php\/wp-json\/wp\/v2\/product\/41000\/revisions"}],"wp:attachment":[{"href":"https:\/\/singuli.wpress.me\/index.php\/wp-json\/wp\/v2\/media?parent=41000"}],"wp:term":[{"taxonomy":"product_brand","embeddable":true,"href":"https:\/\/singuli.wpress.me\/index.php\/wp-json\/wp\/v2\/product_brand?post=41000"},{"taxonomy":"product_cat","embeddable":true,"href":"https:\/\/singuli.wpress.me\/index.php\/wp-json\/wp\/v2\/product_cat?post=41000"},{"taxonomy":"product_tag","embeddable":true,"href":"https:\/\/singuli.wpress.me\/index.php\/wp-json\/wp\/v2\/product_tag?post=41000"}],"curies":[{"name":"wp","href":"https:\/\/api.w.org\/{rel}","templated":true}]}}