{"id":41010,"date":"2026-04-19T15:19:01","date_gmt":"2026-04-19T15:19:01","guid":{"rendered":"https:\/\/singuli.wpress.me\/index.php\/proizvod\/helix-ultra-5w30-motorno-ulje-za-osobna-vozila-4x4l-16-l\/"},"modified":"2026-04-20T12:33:34","modified_gmt":"2026-04-20T12:33:34","slug":"helix-ultra-5w30-motorno-ulje-za-osobna-vozila-4x4l-16-l","status":"publish","type":"product","link":"https:\/\/singuli.wpress.me\/index.php\/proizvod\/helix-ultra-5w30-motorno-ulje-za-osobna-vozila-4x4l-16-l\/","title":{"rendered":"HELIX ULTRA 5W30 , motorno ulje za osobna vozila, 4x4l, 16\u00a0l"},"content":{"rendered":"<p>Potpuno je sinteti\u010dko motorno ulje. <\/p>\n<p>Formulirano na bazi najnovije Shell PurePlus tehnologije. <\/p>\n<p>Osigurava pobolj\u0161anu \u010disto\u0107u motora, znatno smanjuje trenja i tro\u0161enje u motoru te smanjuje potro\u0161nju goriva tijekom cijelog intervala izmjene. <\/p>\n<p>Prilago\u0111eno za benzinske, dizel i motore na plin, prikladno i za motore na biodizel i benzin\/ethanol smjesu.<\/p>\n<p><span style=\"font-weight: bold\">Specifikacija: <\/span>API SL, ACEA A3\/B3, A3\/B4, BMW LL-01, MB odobrenje 229.5, 226.5, VW standard 502.00, 505.00, Renault RN 0700, RN 0710, API SN<\/p>\n","protected":false},"excerpt":{"rendered":"<p>Formulirano na bazi Shell PurePlus tehnologije<br \/>\nPoma\u017ee smanjiti trenje motora<br \/>\nSpecifikacija u opisu<\/p>\n","protected":false},"featured_media":0,"template":"","meta":{"_seopress_robots_primary_cat":"","_seopress_titles_title":"","_seopress_titles_desc":"","_seopress_robots_index":"","iawp_total_views":0},"product_brand":[398],"product_cat":[243,272],"product_tag":[],"class_list":{"0":"post-41010","1":"product","2":"type-product","3":"status-publish","5":"product_brand-helix","6":"product_cat-automobili-i-motori","7":"product_cat-motorna-ulja-243","9":"first","10":"instock","11":"shipping-taxable","12":"purchasable","13":"product-type-simple"},"_links":{"self":[{"href":"https:\/\/singuli.wpress.me\/index.php\/wp-json\/wp\/v2\/product\/41010","targetHints":{"allow":["GET"]}}],"collection":[{"href":"https:\/\/singuli.wpress.me\/index.php\/wp-json\/wp\/v2\/product"}],"about":[{"href":"https:\/\/singuli.wpress.me\/index.php\/wp-json\/wp\/v2\/types\/product"}],"version-history":[{"count":0,"href":"https:\/\/singuli.wpress.me\/index.php\/wp-json\/wp\/v2\/product\/41010\/revisions"}],"wp:attachment":[{"href":"https:\/\/singuli.wpress.me\/index.php\/wp-json\/wp\/v2\/media?parent=41010"}],"wp:term":[{"taxonomy":"product_brand","embeddable":true,"href":"https:\/\/singuli.wpress.me\/index.php\/wp-json\/wp\/v2\/product_brand?post=41010"},{"taxonomy":"product_cat","embeddable":true,"href":"https:\/\/singuli.wpress.me\/index.php\/wp-json\/wp\/v2\/product_cat?post=41010"},{"taxonomy":"product_tag","embeddable":true,"href":"https:\/\/singuli.wpress.me\/index.php\/wp-json\/wp\/v2\/product_tag?post=41010"}],"curies":[{"name":"wp","href":"https:\/\/api.w.org\/{rel}","templated":true}]}}