{"id":41012,"date":"2026-04-19T15:19:01","date_gmt":"2026-04-19T15:19:01","guid":{"rendered":"https:\/\/singuli.wpress.me\/index.php\/proizvod\/mr-proper-univerzalno-sredstvo-za-ciscenje-lemon-1-l\/"},"modified":"2026-04-20T12:33:34","modified_gmt":"2026-04-20T12:33:34","slug":"mr-proper-univerzalno-sredstvo-za-ciscenje-lemon-1-l","status":"publish","type":"product","link":"https:\/\/singuli.wpress.me\/index.php\/proizvod\/mr-proper-univerzalno-sredstvo-za-ciscenje-lemon-1-l\/","title":{"rendered":"MR. PROPER, univerzalno sredstvo za \u010di\u0161\u0107enje, Lemon, 1\u00a0l"},"content":{"rendered":"<p>Vi\u0161enamjensko sredstvo za \u010di\u0161\u0107enje Mr. Proper savr\u0161eno \u010disti gotovo sve tvrde povr\u0161ine u va\u0161em domu. <\/p>\n<p>Upotrijebite ga za sudoper, masne povr\u0161ine \u0161tednjaka, \u010dak i za \u010di\u0161\u0107enje podova. <\/p>\n<p>Detaljne upute za uporabu potra\u017eite na pakiranju. <\/p>\n<p>Povr\u0161ine koje dolaze u izravan dodir s hranom dobro isperite nakon \u010di\u0161\u0107enja ovim proizvodom.<\/p>\n","protected":false},"excerpt":{"rendered":"<p>Temeljita \u010disto\u0107a<br \/>\nIntenzivna svje\u017eina<br \/>\nRastapa i uklanja do 100 % masno\u0107e<\/p>\n","protected":false},"featured_media":0,"template":"","meta":{"_seopress_robots_primary_cat":"","_seopress_titles_title":"","_seopress_titles_desc":"","_seopress_robots_index":"","iawp_total_views":0},"product_brand":[521],"product_cat":[274,238],"product_tag":[],"class_list":{"0":"post-41012","1":"product","2":"type-product","3":"status-publish","5":"product_brand-mr-proper","6":"product_cat-kucanski-pribor-238","7":"product_cat-sve-za-dom","9":"first","10":"outofstock","11":"shipping-taxable","12":"purchasable","13":"product-type-simple"},"_links":{"self":[{"href":"https:\/\/singuli.wpress.me\/index.php\/wp-json\/wp\/v2\/product\/41012","targetHints":{"allow":["GET"]}}],"collection":[{"href":"https:\/\/singuli.wpress.me\/index.php\/wp-json\/wp\/v2\/product"}],"about":[{"href":"https:\/\/singuli.wpress.me\/index.php\/wp-json\/wp\/v2\/types\/product"}],"version-history":[{"count":0,"href":"https:\/\/singuli.wpress.me\/index.php\/wp-json\/wp\/v2\/product\/41012\/revisions"}],"wp:attachment":[{"href":"https:\/\/singuli.wpress.me\/index.php\/wp-json\/wp\/v2\/media?parent=41012"}],"wp:term":[{"taxonomy":"product_brand","embeddable":true,"href":"https:\/\/singuli.wpress.me\/index.php\/wp-json\/wp\/v2\/product_brand?post=41012"},{"taxonomy":"product_cat","embeddable":true,"href":"https:\/\/singuli.wpress.me\/index.php\/wp-json\/wp\/v2\/product_cat?post=41012"},{"taxonomy":"product_tag","embeddable":true,"href":"https:\/\/singuli.wpress.me\/index.php\/wp-json\/wp\/v2\/product_tag?post=41012"}],"curies":[{"name":"wp","href":"https:\/\/api.w.org\/{rel}","templated":true}]}}