{"id":41014,"date":"2026-04-19T15:19:02","date_gmt":"2026-04-19T15:19:02","guid":{"rendered":"https:\/\/singuli.wpress.me\/index.php\/proizvod\/braun-combipack-32b-zamjenska-mrezica-i-noz\/"},"modified":"2026-04-20T12:33:34","modified_gmt":"2026-04-20T12:33:34","slug":"braun-combipack-32b-zamjenska-mrezica-i-noz","status":"publish","type":"product","link":"https:\/\/singuli.wpress.me\/index.php\/proizvod\/braun-combipack-32b-zamjenska-mrezica-i-noz\/","title":{"rendered":"BRAUN Combipack 32B, zamjenska mre\u017eica i no\u017e"},"content":{"rendered":"<p>Zamjenska mre\u017eica s o\u0161tricom za aparate za brijanje Braun Series 3.<\/p>\n<p>Pogodan je i za starije i za nove modele.<\/p>\n<p>Odgovara modelima:<br \/>\n&#8211; Serija 3: 320, 330, 340, 350, 380, 390<br \/>\n&#8211; Serija 3: 3020, 3030, 3040, 3050, 3080, 3090<\/p>\n","protected":false},"excerpt":{"rendered":"<p>Za aparate za brijanje Braun Series 3 &#8211; tako\u0111er za novije i starije modele.<br \/>\nRedovita zamjena jamstvo je glatko izbrijanog lica.<br \/>\nJednostavna zamjena.<\/p>\n","protected":false},"featured_media":0,"template":"","meta":{"_seopress_robots_primary_cat":"","_seopress_titles_title":"","_seopress_titles_desc":"","_seopress_robots_index":"","iawp_total_views":0},"product_brand":[144],"product_cat":[280,192,279],"product_tag":[],"class_list":{"0":"post-41014","1":"product","2":"type-product","3":"status-publish","5":"product_brand-braun","6":"product_cat-aparati-za-muskarce-279","7":"product_cat-aparati-za-osobnu-njegu","8":"product_cat-brijanje-i-sisanje-192","10":"first","11":"outofstock","12":"shipping-taxable","13":"purchasable","14":"product-type-simple"},"_links":{"self":[{"href":"https:\/\/singuli.wpress.me\/index.php\/wp-json\/wp\/v2\/product\/41014","targetHints":{"allow":["GET"]}}],"collection":[{"href":"https:\/\/singuli.wpress.me\/index.php\/wp-json\/wp\/v2\/product"}],"about":[{"href":"https:\/\/singuli.wpress.me\/index.php\/wp-json\/wp\/v2\/types\/product"}],"version-history":[{"count":0,"href":"https:\/\/singuli.wpress.me\/index.php\/wp-json\/wp\/v2\/product\/41014\/revisions"}],"wp:attachment":[{"href":"https:\/\/singuli.wpress.me\/index.php\/wp-json\/wp\/v2\/media?parent=41014"}],"wp:term":[{"taxonomy":"product_brand","embeddable":true,"href":"https:\/\/singuli.wpress.me\/index.php\/wp-json\/wp\/v2\/product_brand?post=41014"},{"taxonomy":"product_cat","embeddable":true,"href":"https:\/\/singuli.wpress.me\/index.php\/wp-json\/wp\/v2\/product_cat?post=41014"},{"taxonomy":"product_tag","embeddable":true,"href":"https:\/\/singuli.wpress.me\/index.php\/wp-json\/wp\/v2\/product_tag?post=41014"}],"curies":[{"name":"wp","href":"https:\/\/api.w.org\/{rel}","templated":true}]}}