{"id":41015,"date":"2026-04-19T15:19:03","date_gmt":"2026-04-19T15:19:03","guid":{"rendered":"https:\/\/singuli.wpress.me\/index.php\/proizvod\/disney-plisana-igracka-pasko-patak-35-cm\/"},"modified":"2026-04-20T12:33:34","modified_gmt":"2026-04-20T12:33:34","slug":"disney-plisana-igracka-pasko-patak-35-cm","status":"publish","type":"product","link":"https:\/\/singuli.wpress.me\/index.php\/proizvod\/disney-plisana-igracka-pasko-patak-35-cm\/","title":{"rendered":"DISNEY, pli\u0161ana igra\u010dka, Pa\u0161ko Patak, 35\u00a0cm"},"content":{"rendered":"<p>Disney pli\u0161ane igra\u010dke su izrazito mekane i nje\u017ene te napravljene od najkvalitetnijih materijala.<\/p>\n<p>Popularni Pa\u0161ko Patak od 35 cm.<\/p>\n","protected":false},"excerpt":{"rendered":"<p>Disney pli\u0161ana igra\u010dka<br \/>\nPopularni Pa\u0161ko Patak<br \/>\nVeli\u010dina igra\u010dke 35cm<\/p>\n","protected":false},"featured_media":0,"template":"","meta":{"_seopress_robots_primary_cat":"","_seopress_titles_title":"","_seopress_titles_desc":"","_seopress_robots_index":"","iawp_total_views":0},"product_brand":[522],"product_cat":[221,291],"product_tag":[],"class_list":{"0":"post-41015","1":"product","2":"type-product","3":"status-publish","5":"product_brand-disney","6":"product_cat-igracke","7":"product_cat-igracke-za-djecu-221","9":"first","10":"outofstock","11":"shipping-taxable","12":"purchasable","13":"product-type-simple"},"_links":{"self":[{"href":"https:\/\/singuli.wpress.me\/index.php\/wp-json\/wp\/v2\/product\/41015","targetHints":{"allow":["GET"]}}],"collection":[{"href":"https:\/\/singuli.wpress.me\/index.php\/wp-json\/wp\/v2\/product"}],"about":[{"href":"https:\/\/singuli.wpress.me\/index.php\/wp-json\/wp\/v2\/types\/product"}],"version-history":[{"count":0,"href":"https:\/\/singuli.wpress.me\/index.php\/wp-json\/wp\/v2\/product\/41015\/revisions"}],"wp:attachment":[{"href":"https:\/\/singuli.wpress.me\/index.php\/wp-json\/wp\/v2\/media?parent=41015"}],"wp:term":[{"taxonomy":"product_brand","embeddable":true,"href":"https:\/\/singuli.wpress.me\/index.php\/wp-json\/wp\/v2\/product_brand?post=41015"},{"taxonomy":"product_cat","embeddable":true,"href":"https:\/\/singuli.wpress.me\/index.php\/wp-json\/wp\/v2\/product_cat?post=41015"},{"taxonomy":"product_tag","embeddable":true,"href":"https:\/\/singuli.wpress.me\/index.php\/wp-json\/wp\/v2\/product_tag?post=41015"}],"curies":[{"name":"wp","href":"https:\/\/api.w.org\/{rel}","templated":true}]}}