{"id":41016,"date":"2026-04-19T15:19:03","date_gmt":"2026-04-19T15:19:03","guid":{"rendered":"https:\/\/singuli.wpress.me\/index.php\/proizvod\/ariel-extra-clean-power-kapsule-za-pranje-rublja-26-pranja\/"},"modified":"2026-04-20T12:33:34","modified_gmt":"2026-04-20T12:33:34","slug":"ariel-extra-clean-power-kapsule-za-pranje-rublja-26-pranja","status":"publish","type":"product","link":"https:\/\/singuli.wpress.me\/index.php\/proizvod\/ariel-extra-clean-power-kapsule-za-pranje-rublja-26-pranja\/","title":{"rendered":"ARIEL +Extra Clean Power, kapsule za pranje rublja, 26 pranja"},"content":{"rendered":"<p>Ariel, brend koji preporu\u010duju Whirlpool, Electrolux, Candy i Beko, predstavlja kapsule Ariel All-in-1 PODS +Extra Cleaning Power, Arielove najbolje kapsule All-in-1 PODS! Sad imaju dodatnu crvenu komoru, omogu\u0107uju dodatno uklanjanje mrlja za dodatnu higijenu (u usporedbi s kapsulama Ariel All-in-1 PODS Mountain Spring). <\/p>\n<p>\u0160tovi\u0161e, tablete za pranje Ariel sada mogu pridonijeti i smanjenju plasti\u010dnog otpada zahvaljuju\u0107i kartonskoj kutiji ECOCLIC koja se mo\u017ee reciklirati! <\/p>\n<p>Sadr\u017ei maksimalno samo 5% plastike i osmi\u0161ljena je za o\u010duvanje kapsula PODS. Kapsule Ariel osmi\u0161ljene su za pranje na niskim temperaturama, s jedinstvenim tehnologijama poput tehnologije Cool Clean. <\/p>\n<p>U dodiru s vodom omot se rastapa i osloba\u0111a sna\u017ene tehnologije za uklanjanje mrlja, za dubinsko i sna\u017eno \u010di\u0161\u0107enje kapsulama All-in-1 PODS +Extra Clean Power. <\/p>\n","protected":false},"excerpt":{"rendered":"<p>Uklanja mrlje, donosi blistavost, osvje\u017eava i \u0161titi tkaninu<br \/>\nDodatna crvena komora pru\u017ea dodatno uklanjanje mrlja za dodatnu higijenu<br \/>\nPerite na ni\u017eoj temperaturi kako bi u\u0161tedjeli energiju pri svakom pranju i pritom smanjili emisiju CO\u2082<\/p>\n","protected":false},"featured_media":0,"template":"","meta":{"_seopress_robots_primary_cat":"","_seopress_titles_title":"","_seopress_titles_desc":"","_seopress_robots_index":"","iawp_total_views":0},"product_brand":[427],"product_cat":[283,238],"product_tag":[],"class_list":{"0":"post-41016","1":"product","2":"type-product","3":"status-publish","5":"product_brand-ariel","6":"product_cat-pranje-rublja-238","7":"product_cat-sve-za-dom","9":"first","10":"outofstock","11":"shipping-taxable","12":"purchasable","13":"product-type-simple"},"_links":{"self":[{"href":"https:\/\/singuli.wpress.me\/index.php\/wp-json\/wp\/v2\/product\/41016","targetHints":{"allow":["GET"]}}],"collection":[{"href":"https:\/\/singuli.wpress.me\/index.php\/wp-json\/wp\/v2\/product"}],"about":[{"href":"https:\/\/singuli.wpress.me\/index.php\/wp-json\/wp\/v2\/types\/product"}],"version-history":[{"count":0,"href":"https:\/\/singuli.wpress.me\/index.php\/wp-json\/wp\/v2\/product\/41016\/revisions"}],"wp:attachment":[{"href":"https:\/\/singuli.wpress.me\/index.php\/wp-json\/wp\/v2\/media?parent=41016"}],"wp:term":[{"taxonomy":"product_brand","embeddable":true,"href":"https:\/\/singuli.wpress.me\/index.php\/wp-json\/wp\/v2\/product_brand?post=41016"},{"taxonomy":"product_cat","embeddable":true,"href":"https:\/\/singuli.wpress.me\/index.php\/wp-json\/wp\/v2\/product_cat?post=41016"},{"taxonomy":"product_tag","embeddable":true,"href":"https:\/\/singuli.wpress.me\/index.php\/wp-json\/wp\/v2\/product_tag?post=41016"}],"curies":[{"name":"wp","href":"https:\/\/api.w.org\/{rel}","templated":true}]}}