{"id":41018,"date":"2026-04-19T15:19:04","date_gmt":"2026-04-19T15:19:04","guid":{"rendered":"https:\/\/singuli.wpress.me\/index.php\/proizvod\/cunga-lunga-lizalica-s-gumom-za-zvakanje-karton-15-g\/"},"modified":"2026-04-20T12:33:34","modified_gmt":"2026-04-20T12:33:34","slug":"cunga-lunga-lizalica-s-gumom-za-zvakanje-karton-15-g","status":"publish","type":"product","link":"https:\/\/singuli.wpress.me\/index.php\/proizvod\/cunga-lunga-lizalica-s-gumom-za-zvakanje-karton-15-g\/","title":{"rendered":"\u010cUNGA LUNGA, lizalica s gumom za \u017evakanje, karton, 15\u00a0g"},"content":{"rendered":"<p>Lizalica s gumom za \u017evakanje sa okusom cole, vi\u0161nje, limuna, naran\u010de, jagode i jabuke.<\/p>\n","protected":false},"excerpt":{"rendered":"<p>Lizalica s gumom za \u017evakanje<br \/>\nDugotrajni okus<br \/>\nRazni okusi<\/p>\n","protected":false},"featured_media":0,"template":"","meta":{"_seopress_robots_primary_cat":"","_seopress_titles_title":"","_seopress_titles_desc":"","_seopress_robots_index":"","iawp_total_views":0},"product_brand":[850],"product_cat":[261,277],"product_tag":[],"class_list":{"0":"post-41018","1":"product","2":"type-product","3":"status-publish","5":"product_brand-cunga-lunga","6":"product_cat-hrana-i-pice","7":"product_cat-slatkisi-i-grickalice-261","9":"first","10":"instock","11":"shipping-taxable","12":"purchasable","13":"product-type-simple"},"_links":{"self":[{"href":"https:\/\/singuli.wpress.me\/index.php\/wp-json\/wp\/v2\/product\/41018","targetHints":{"allow":["GET"]}}],"collection":[{"href":"https:\/\/singuli.wpress.me\/index.php\/wp-json\/wp\/v2\/product"}],"about":[{"href":"https:\/\/singuli.wpress.me\/index.php\/wp-json\/wp\/v2\/types\/product"}],"version-history":[{"count":0,"href":"https:\/\/singuli.wpress.me\/index.php\/wp-json\/wp\/v2\/product\/41018\/revisions"}],"wp:attachment":[{"href":"https:\/\/singuli.wpress.me\/index.php\/wp-json\/wp\/v2\/media?parent=41018"}],"wp:term":[{"taxonomy":"product_brand","embeddable":true,"href":"https:\/\/singuli.wpress.me\/index.php\/wp-json\/wp\/v2\/product_brand?post=41018"},{"taxonomy":"product_cat","embeddable":true,"href":"https:\/\/singuli.wpress.me\/index.php\/wp-json\/wp\/v2\/product_cat?post=41018"},{"taxonomy":"product_tag","embeddable":true,"href":"https:\/\/singuli.wpress.me\/index.php\/wp-json\/wp\/v2\/product_tag?post=41018"}],"curies":[{"name":"wp","href":"https:\/\/api.w.org\/{rel}","templated":true}]}}