{"id":41019,"date":"2026-04-19T15:19:04","date_gmt":"2026-04-19T15:19:04","guid":{"rendered":"https:\/\/singuli.wpress.me\/index.php\/proizvod\/headshoulders-volume-sampon-protiv-peruti-400-ml\/"},"modified":"2026-04-20T12:33:34","modified_gmt":"2026-04-20T12:33:34","slug":"headshoulders-volume-sampon-protiv-peruti-400-ml","status":"publish","type":"product","link":"https:\/\/singuli.wpress.me\/index.php\/proizvod\/headshoulders-volume-sampon-protiv-peruti-400-ml\/","title":{"rendered":"HEAD&amp;SHOULDERS Volume, \u0161ampon protiv peruti, 400\u00a0ml"},"content":{"rendered":"<p>\u0160ampon protiv peruti Head &amp; Shoulders bori se protiv glavnog uzroka peruti, za do 72 sata za\u0161tite od ljuskica, suho\u0107e i svrbe\u017ea (vidljive ljuskice, uz redovitu upotrebu; svrbe\u017e zbog peruti).  <\/p>\n<p>Napredna formula dermatolo\u0161ki je testirana, pH uravnote\u017eena i osna\u017eena antioksidansima za nje\u017enu njegu kose i vlasi\u0161ta. Uz redovitu upotrebu ostavlja ih do 100 % bez peruti, \u0161to je i klini\u010dki dokazano. <\/p>\n<p>\u0160ampon protiv peruti Volume \u010disti i poma\u017ee da va\u0161a kosa bude gu\u0161\u0107a i voluminoznija. <\/p>\n<p>Head &amp; Shoulders vode\u0107a je marka \u0161ampona u svijetu (izra\u010dun tvrtke P&amp;G na temelju godi\u0161nje prodaje u kategoriji \u0161ampona) i brine za planet: ova se bo\u010dica mo\u017ee reciklirati (bez \u010depa i ovisno o pogonima za recikla\u017eu).<\/p>\n","protected":false},"excerpt":{"rendered":"<p>\u010cisti kosu, \u010dini je punijom i daje joj rasko\u0161an volumen<br \/>\nPru\u017ea do 72 sata za\u0161tite od svrbe\u017ea uslijed isu\u0161ivanja<br \/>\nVode\u0107i svjetski brend \u0161ampona<\/p>\n","protected":false},"featured_media":0,"template":"","meta":{"_seopress_robots_primary_cat":"","_seopress_titles_title":"","_seopress_titles_desc":"","_seopress_robots_index":"","iawp_total_views":0},"product_brand":[443],"product_cat":[268,300],"product_tag":[],"class_list":{"0":"post-41019","1":"product","2":"type-product","3":"status-publish","5":"product_brand-headshoulders","6":"product_cat-kozmetika-2","7":"product_cat-njega-kose-268","9":"first","10":"instock","11":"shipping-taxable","12":"purchasable","13":"product-type-simple"},"_links":{"self":[{"href":"https:\/\/singuli.wpress.me\/index.php\/wp-json\/wp\/v2\/product\/41019","targetHints":{"allow":["GET"]}}],"collection":[{"href":"https:\/\/singuli.wpress.me\/index.php\/wp-json\/wp\/v2\/product"}],"about":[{"href":"https:\/\/singuli.wpress.me\/index.php\/wp-json\/wp\/v2\/types\/product"}],"version-history":[{"count":0,"href":"https:\/\/singuli.wpress.me\/index.php\/wp-json\/wp\/v2\/product\/41019\/revisions"}],"wp:attachment":[{"href":"https:\/\/singuli.wpress.me\/index.php\/wp-json\/wp\/v2\/media?parent=41019"}],"wp:term":[{"taxonomy":"product_brand","embeddable":true,"href":"https:\/\/singuli.wpress.me\/index.php\/wp-json\/wp\/v2\/product_brand?post=41019"},{"taxonomy":"product_cat","embeddable":true,"href":"https:\/\/singuli.wpress.me\/index.php\/wp-json\/wp\/v2\/product_cat?post=41019"},{"taxonomy":"product_tag","embeddable":true,"href":"https:\/\/singuli.wpress.me\/index.php\/wp-json\/wp\/v2\/product_tag?post=41019"}],"curies":[{"name":"wp","href":"https:\/\/api.w.org\/{rel}","templated":true}]}}