{"id":41020,"date":"2026-04-19T15:19:04","date_gmt":"2026-04-19T15:19:04","guid":{"rendered":"https:\/\/singuli.wpress.me\/index.php\/proizvod\/uhu-flex-tube-univerzalno-ljepilo-20-ml\/"},"modified":"2026-04-20T12:33:34","modified_gmt":"2026-04-20T12:33:34","slug":"uhu-flex-tube-univerzalno-ljepilo-20-ml","status":"publish","type":"product","link":"https:\/\/singuli.wpress.me\/index.php\/proizvod\/uhu-flex-tube-univerzalno-ljepilo-20-ml\/","title":{"rendered":"UHU Flex Tube, univerzalno ljepilo, 20\u00a0ml"},"content":{"rendered":"<p>Univerzalno ljepilo UHU FlexTube, provjereno teku\u0107e, kristalno prozirno univerzalno ljepilo u posebnoj, mekanoj, nelomljivoj plasti\u010dnoj tubi. <\/p>\n<p>Osigurava \u010disto lijepljenje bez kapanja. <\/p>\n<p>Lijepi razne materijale, brzo i trajno. <\/p>\n<p>Nakon nano\u0161enja ljepila, kratko su mogu\u0107e korekcije predmeta koje ste zalijepili a ne sve\u017eanj papira. <\/p>\n<p>Idealno za univerzalnu primjenu kod ku\u0107e, u \u0161koli, uredu, za modeliranje, rukotvorine, popravke itd.<\/p>\n","protected":false},"excerpt":{"rendered":"<p>U posebnoj, mekanoj, nesalomljivoj plasti\u010dnoj tubi<br \/>\nPogodno za univerzalnu upotrebu<br \/>\nLijepi razne materijale, brzo i trajno<\/p>\n","protected":false},"featured_media":0,"template":"","meta":{"_seopress_robots_primary_cat":"","_seopress_titles_title":"","_seopress_titles_desc":"","_seopress_robots_index":"","iawp_total_views":0},"product_brand":[445],"product_cat":[264,238],"product_tag":[],"class_list":{"0":"post-41020","1":"product","2":"type-product","3":"status-publish","5":"product_brand-uhu","6":"product_cat-ljepila-i-brtvila-238","7":"product_cat-sve-za-dom","9":"first","10":"instock","11":"shipping-taxable","12":"purchasable","13":"product-type-simple"},"_links":{"self":[{"href":"https:\/\/singuli.wpress.me\/index.php\/wp-json\/wp\/v2\/product\/41020","targetHints":{"allow":["GET"]}}],"collection":[{"href":"https:\/\/singuli.wpress.me\/index.php\/wp-json\/wp\/v2\/product"}],"about":[{"href":"https:\/\/singuli.wpress.me\/index.php\/wp-json\/wp\/v2\/types\/product"}],"version-history":[{"count":0,"href":"https:\/\/singuli.wpress.me\/index.php\/wp-json\/wp\/v2\/product\/41020\/revisions"}],"wp:attachment":[{"href":"https:\/\/singuli.wpress.me\/index.php\/wp-json\/wp\/v2\/media?parent=41020"}],"wp:term":[{"taxonomy":"product_brand","embeddable":true,"href":"https:\/\/singuli.wpress.me\/index.php\/wp-json\/wp\/v2\/product_brand?post=41020"},{"taxonomy":"product_cat","embeddable":true,"href":"https:\/\/singuli.wpress.me\/index.php\/wp-json\/wp\/v2\/product_cat?post=41020"},{"taxonomy":"product_tag","embeddable":true,"href":"https:\/\/singuli.wpress.me\/index.php\/wp-json\/wp\/v2\/product_tag?post=41020"}],"curies":[{"name":"wp","href":"https:\/\/api.w.org\/{rel}","templated":true}]}}