{"id":41023,"date":"2026-04-19T15:19:05","date_gmt":"2026-04-19T15:19:05","guid":{"rendered":"https:\/\/singuli.wpress.me\/index.php\/proizvod\/lavazza-espresso-tanjuric-12-kom\/"},"modified":"2026-04-20T12:33:34","modified_gmt":"2026-04-20T12:33:34","slug":"lavazza-espresso-tanjuric-12-kom","status":"publish","type":"product","link":"https:\/\/singuli.wpress.me\/index.php\/proizvod\/lavazza-espresso-tanjuric-12-kom\/","title":{"rendered":"LAVAZZA Espresso, tanjuri\u0107, 12\u00a0kom"},"content":{"rendered":"<p>Pripadaju\u0107i tanjuri\u0107 savr\u0161eno se sla\u017ee s <b>LAVAZZA staklenom \u0161alicom za espresso<\/b>. Pru\u017ea stabilnu i elegantnu podlogu, idealnu za poslu\u017eivanje. Tanjuri\u0107i se isporu\u010duju u prakti\u010dnom pakiranju od <b>12 komada<\/b>.<\/p>\n","protected":false},"excerpt":{"rendered":"<p>Dizajniran za LAVAZZA staklenu \u0161alicu za espresso<br \/>\nStabilna i elegantna podloga<br \/>\nSet od 12 tanjuri\u0107a<\/p>\n","protected":false},"featured_media":0,"template":"","meta":{"_seopress_robots_primary_cat":"","_seopress_titles_title":"","_seopress_titles_desc":"","_seopress_robots_index":"","iawp_total_views":0},"product_brand":[393],"product_cat":[274,238],"product_tag":[],"class_list":{"0":"post-41023","1":"product","2":"type-product","3":"status-publish","5":"product_brand-lavazza","6":"product_cat-kucanski-pribor-238","7":"product_cat-sve-za-dom","9":"first","10":"instock","11":"shipping-taxable","12":"purchasable","13":"product-type-simple"},"_links":{"self":[{"href":"https:\/\/singuli.wpress.me\/index.php\/wp-json\/wp\/v2\/product\/41023","targetHints":{"allow":["GET"]}}],"collection":[{"href":"https:\/\/singuli.wpress.me\/index.php\/wp-json\/wp\/v2\/product"}],"about":[{"href":"https:\/\/singuli.wpress.me\/index.php\/wp-json\/wp\/v2\/types\/product"}],"version-history":[{"count":0,"href":"https:\/\/singuli.wpress.me\/index.php\/wp-json\/wp\/v2\/product\/41023\/revisions"}],"wp:attachment":[{"href":"https:\/\/singuli.wpress.me\/index.php\/wp-json\/wp\/v2\/media?parent=41023"}],"wp:term":[{"taxonomy":"product_brand","embeddable":true,"href":"https:\/\/singuli.wpress.me\/index.php\/wp-json\/wp\/v2\/product_brand?post=41023"},{"taxonomy":"product_cat","embeddable":true,"href":"https:\/\/singuli.wpress.me\/index.php\/wp-json\/wp\/v2\/product_cat?post=41023"},{"taxonomy":"product_tag","embeddable":true,"href":"https:\/\/singuli.wpress.me\/index.php\/wp-json\/wp\/v2\/product_tag?post=41023"}],"curies":[{"name":"wp","href":"https:\/\/api.w.org\/{rel}","templated":true}]}}