{"id":41024,"date":"2026-04-19T15:19:05","date_gmt":"2026-04-19T15:19:05","guid":{"rendered":"https:\/\/singuli.wpress.me\/index.php\/proizvod\/he-man-osnovna-figura\/"},"modified":"2026-04-21T00:27:06","modified_gmt":"2026-04-21T00:27:06","slug":"he-man-osnovna-figura","status":"publish","type":"product","link":"https:\/\/singuli.wpress.me\/index.php\/proizvod\/he-man-osnovna-figura\/","title":{"rendered":"HE-MAN, osnovna figura"},"content":{"rendered":"<p>Svaka figura dolazi s jedinstvenim osobinama i dodacima koji odgovaraju njihovim likovima iz crti\u0107a.<\/p>\n<p>Na pakiranju se komuniciraju mogu\u0107nosti igre.<\/p>\n<p>Izbor od 16 figura.<\/p>\n<p>Veli\u010dina figure 14 cm.<\/p>\n<p>Proizvod dolazi u vi\u0161e razli\u010ditih modela, a isporuka ovisi o njihovoj trenutnoj raspolo\u017eivosti. <\/p>\n","protected":false},"excerpt":{"rendered":"<p>Svaka figura dolazi s jedinstvenim osobinama i dodacima<br \/>\nIzbor od 16 figura<br \/>\nVeli\u010dina figure 14 cm<\/p>\n","protected":false},"featured_media":0,"template":"","meta":{"_seopress_robots_primary_cat":"","_seopress_titles_title":"","_seopress_titles_desc":"","_seopress_robots_index":"","iawp_total_views":0},"product_brand":[858],"product_cat":[221,263],"product_tag":[],"class_list":{"0":"post-41024","1":"product","2":"type-product","3":"status-publish","5":"product_brand-he-man","6":"product_cat-igracke","7":"product_cat-tematske-igracke-221","9":"first","10":"instock","11":"shipping-taxable","12":"purchasable","13":"product-type-simple"},"_links":{"self":[{"href":"https:\/\/singuli.wpress.me\/index.php\/wp-json\/wp\/v2\/product\/41024","targetHints":{"allow":["GET"]}}],"collection":[{"href":"https:\/\/singuli.wpress.me\/index.php\/wp-json\/wp\/v2\/product"}],"about":[{"href":"https:\/\/singuli.wpress.me\/index.php\/wp-json\/wp\/v2\/types\/product"}],"version-history":[{"count":0,"href":"https:\/\/singuli.wpress.me\/index.php\/wp-json\/wp\/v2\/product\/41024\/revisions"}],"wp:attachment":[{"href":"https:\/\/singuli.wpress.me\/index.php\/wp-json\/wp\/v2\/media?parent=41024"}],"wp:term":[{"taxonomy":"product_brand","embeddable":true,"href":"https:\/\/singuli.wpress.me\/index.php\/wp-json\/wp\/v2\/product_brand?post=41024"},{"taxonomy":"product_cat","embeddable":true,"href":"https:\/\/singuli.wpress.me\/index.php\/wp-json\/wp\/v2\/product_cat?post=41024"},{"taxonomy":"product_tag","embeddable":true,"href":"https:\/\/singuli.wpress.me\/index.php\/wp-json\/wp\/v2\/product_tag?post=41024"}],"curies":[{"name":"wp","href":"https:\/\/api.w.org\/{rel}","templated":true}]}}