{"id":41029,"date":"2026-04-19T15:19:07","date_gmt":"2026-04-19T15:19:07","guid":{"rendered":"https:\/\/singuli.wpress.me\/index.php\/proizvod\/gillette-blue3-cool-jednokratne-britvice-3-kom\/"},"modified":"2026-04-21T00:27:06","modified_gmt":"2026-04-21T00:27:06","slug":"gillette-blue3-cool-jednokratne-britvice-3-kom","status":"publish","type":"product","link":"https:\/\/singuli.wpress.me\/index.php\/proizvod\/gillette-blue3-cool-jednokratne-britvice-3-kom\/","title":{"rendered":"GILLETTE Blue3 Cool, jednokratne britvice, 3\u00a0kom"},"content":{"rendered":"<p>Jednokratna britvica koja pru\u017ea do 10 svje\u017eih brijanja? Gillette Blue3 Cool to posti\u017ee zahvaljuju\u0107i trima o\u0161tricama koje su presvu\u010dene kromom i blage prema ko\u017ei te pokretljivoj glavi koja se prilago\u0111ava konturama va\u0161eg lica. <\/p>\n<p>Pobolj\u0161ana lubrikantna trakica s tehnologijom Comfortfresh koja se aktivira u dodiru s vodom pru\u017ea vam svje\u017ee brijanje. <\/p>\n<p>Britvica ima protukliznu gumenu dr\u0161ku za jednostavnu kontrolu i rukovanje te o\u0161trice koje se lako ispiru za 100 % bolje ispiranje (u odnosu na BlueII Plus).<\/p>\n","protected":false},"excerpt":{"rendered":"<p>3 o\u0161trice presvu\u010dene kromom<br \/>\nPobolj\u0161ana lubrikantna trakica s tehnologijom Comfortfresh<br \/>\nProtukliznu gumena dr\u0161ka za jednostavnu kontrolu i rukovanje<\/p>\n","protected":false},"featured_media":0,"template":"","meta":{"_seopress_robots_primary_cat":"","_seopress_titles_title":"","_seopress_titles_desc":"","_seopress_robots_index":"","iawp_total_views":0},"product_brand":[323],"product_cat":[266,265,160],"product_tag":[],"class_list":{"0":"post-41029","1":"product","2":"type-product","3":"status-publish","5":"product_brand-gillette","6":"product_cat-aparati-za-kuhanje-265","7":"product_cat-kuhinjski-aparati-160","8":"product_cat-mali-kucanski-aparati","10":"first","11":"instock","12":"shipping-taxable","13":"purchasable","14":"product-type-simple"},"_links":{"self":[{"href":"https:\/\/singuli.wpress.me\/index.php\/wp-json\/wp\/v2\/product\/41029","targetHints":{"allow":["GET"]}}],"collection":[{"href":"https:\/\/singuli.wpress.me\/index.php\/wp-json\/wp\/v2\/product"}],"about":[{"href":"https:\/\/singuli.wpress.me\/index.php\/wp-json\/wp\/v2\/types\/product"}],"version-history":[{"count":0,"href":"https:\/\/singuli.wpress.me\/index.php\/wp-json\/wp\/v2\/product\/41029\/revisions"}],"wp:attachment":[{"href":"https:\/\/singuli.wpress.me\/index.php\/wp-json\/wp\/v2\/media?parent=41029"}],"wp:term":[{"taxonomy":"product_brand","embeddable":true,"href":"https:\/\/singuli.wpress.me\/index.php\/wp-json\/wp\/v2\/product_brand?post=41029"},{"taxonomy":"product_cat","embeddable":true,"href":"https:\/\/singuli.wpress.me\/index.php\/wp-json\/wp\/v2\/product_cat?post=41029"},{"taxonomy":"product_tag","embeddable":true,"href":"https:\/\/singuli.wpress.me\/index.php\/wp-json\/wp\/v2\/product_tag?post=41029"}],"curies":[{"name":"wp","href":"https:\/\/api.w.org\/{rel}","templated":true}]}}