{"id":41032,"date":"2026-04-19T15:19:08","date_gmt":"2026-04-19T15:19:08","guid":{"rendered":"https:\/\/singuli.wpress.me\/index.php\/proizvod\/twistshake-termo-torba-siva-15-l\/"},"modified":"2026-04-21T00:27:06","modified_gmt":"2026-04-21T00:27:06","slug":"twistshake-termo-torba-siva-15-l","status":"publish","type":"product","link":"https:\/\/singuli.wpress.me\/index.php\/proizvod\/twistshake-termo-torba-siva-15-l\/","title":{"rendered":"TWISTSHAKE, termo torba, siva, 15\u00a0l"},"content":{"rendered":"<p>Klasi\u010dna i  u\u010dinkovita termo torba Twistshake \u0107e se pobrinuti za svje\u017einu va\u0161ih obroka i pi\u0107a.<\/p>\n<p>Odli\u010dan je izbor kada idete na izlete, piknike, putovanja. Idealna je za sve va\u0161e aktivnosti u slobodno vrijeme. Velika torba za hla\u0111enje Twistshake nudi volumen do 15l.<\/p>\n<p>Torba ima i dodatan d\u017eep na gornjoj strani koji je primjeren za pohranjivanje svih stvari koje \u017eelite da su vam uvijek pri ruci. Tako\u0111er ima i vi\u0161e malih predjela i d\u017eepi\u0107a. Torba se otvara i zatvara s priru\u010dnim i sigurnim zatvara\u010dem. Dvije prakti\u010dne ru\u010dice olak\u0161aju no\u0161enje torbe i tako\u0111er mo\u017eete koristiti i du\u017eu podesivu ru\u010dku koju mo\u017eete namjestiti na kolica ili nositi preko ramena kao torbu.<\/p>\n<p>Napravljena je od vrlo izdr\u017eljivog poliestera, a unutra\u0161njost je izra\u0111ena od vodootporne PEVA prevlake koja omogu\u0107ava jednostavno \u010di\u0161\u0107enje i ozdr\u017eavanje.<\/p>\n<p><span style=\"font-weight: bold\">Zna\u010dajke:<br \/>\n<\/span>Dimenzije slo\u017eene torbe: D 37 x \u0160 26 x V 15 cm<br \/>\nDimenzije otvorene torbe: D 37 x \u0160 26 x V 30 cm<br \/>\nMaterijal: Vanjski dio- poliester, unutra\u0161nji-vodootporni PEVA materijal<br \/>\nVolumen: 15 litara<br \/>\nTe\u017eina: 724 g<br \/>\nOzdr\u017eavanje: poslije svake upotrebe prozra\u010dite torbu. Preporu\u010deno je ru\u010dno pranje s mlakom vodom i blagim sapunom, ne koristite jaka sredstava za \u010di\u0161\u0107enje i ne potapajte torbu u vodu. Su\u0161enje samo na zraku.<\/p>\n","protected":false},"excerpt":{"rendered":"<p>Brine za svje\u017einu obroka i pi\u0107a<br \/>\nVolumen od 15 litara<br \/>\nMaterijal: Vanjski dio- poliester, unutra\u0161nji-vodootporni PEVA materijal<\/p>\n","protected":false},"featured_media":0,"template":"","meta":{"_seopress_robots_primary_cat":"","_seopress_titles_title":"","_seopress_titles_desc":"","_seopress_robots_index":"","iawp_total_views":0},"product_brand":[433],"product_cat":[274,238],"product_tag":[],"class_list":{"0":"post-41032","1":"product","2":"type-product","3":"status-publish","5":"product_brand-twistshake","6":"product_cat-kucanski-pribor-238","7":"product_cat-sve-za-dom","9":"first","10":"outofstock","11":"shipping-taxable","12":"purchasable","13":"product-type-simple"},"_links":{"self":[{"href":"https:\/\/singuli.wpress.me\/index.php\/wp-json\/wp\/v2\/product\/41032","targetHints":{"allow":["GET"]}}],"collection":[{"href":"https:\/\/singuli.wpress.me\/index.php\/wp-json\/wp\/v2\/product"}],"about":[{"href":"https:\/\/singuli.wpress.me\/index.php\/wp-json\/wp\/v2\/types\/product"}],"version-history":[{"count":0,"href":"https:\/\/singuli.wpress.me\/index.php\/wp-json\/wp\/v2\/product\/41032\/revisions"}],"wp:attachment":[{"href":"https:\/\/singuli.wpress.me\/index.php\/wp-json\/wp\/v2\/media?parent=41032"}],"wp:term":[{"taxonomy":"product_brand","embeddable":true,"href":"https:\/\/singuli.wpress.me\/index.php\/wp-json\/wp\/v2\/product_brand?post=41032"},{"taxonomy":"product_cat","embeddable":true,"href":"https:\/\/singuli.wpress.me\/index.php\/wp-json\/wp\/v2\/product_cat?post=41032"},{"taxonomy":"product_tag","embeddable":true,"href":"https:\/\/singuli.wpress.me\/index.php\/wp-json\/wp\/v2\/product_tag?post=41032"}],"curies":[{"name":"wp","href":"https:\/\/api.w.org\/{rel}","templated":true}]}}