{"id":41033,"date":"2026-04-19T15:19:09","date_gmt":"2026-04-19T15:19:09","guid":{"rendered":"https:\/\/singuli.wpress.me\/index.php\/proizvod\/bison-2k-epoxy-5min-ljepilo-24-ml\/"},"modified":"2026-04-20T12:33:34","modified_gmt":"2026-04-20T12:33:34","slug":"bison-2k-epoxy-5min-ljepilo-24-ml","status":"publish","type":"product","link":"https:\/\/singuli.wpress.me\/index.php\/proizvod\/bison-2k-epoxy-5min-ljepilo-24-ml\/","title":{"rendered":"BISON 2K Epoxy 5min, ljepilo, 24\u00a0ml"},"content":{"rendered":"<p>Potpuno prozirno brzo dvokomponentno epoksidno ljepilo.<\/p>\n<p>Prikladno za brze, sna\u017ene i nevidljive popravke mnogih materijala, primjerice glinenih proizvoda, porculana, stakla, ko\u017ee, drva, kamena, metala i keramike. Me\u0111usobno i u kombinaciji.<\/p>\n<p>Nije prikladno za Polietilen (PE), polipropilen (PP), PTFE i silikonska guma.<\/p>\n","protected":false},"excerpt":{"rendered":"<p>Potpuno prozirno<br \/>\nIznimno sna\u017eno<br \/>\nOtporno na vodu i kemikalije<\/p>\n","protected":false},"featured_media":0,"template":"","meta":{"_seopress_robots_primary_cat":"","_seopress_titles_title":"","_seopress_titles_desc":"","_seopress_robots_index":"","iawp_total_views":0},"product_brand":[494],"product_cat":[264,238],"product_tag":[],"class_list":{"0":"post-41033","1":"product","2":"type-product","3":"status-publish","5":"product_brand-bison","6":"product_cat-ljepila-i-brtvila-238","7":"product_cat-sve-za-dom","9":"first","10":"instock","11":"shipping-taxable","12":"purchasable","13":"product-type-simple"},"_links":{"self":[{"href":"https:\/\/singuli.wpress.me\/index.php\/wp-json\/wp\/v2\/product\/41033","targetHints":{"allow":["GET"]}}],"collection":[{"href":"https:\/\/singuli.wpress.me\/index.php\/wp-json\/wp\/v2\/product"}],"about":[{"href":"https:\/\/singuli.wpress.me\/index.php\/wp-json\/wp\/v2\/types\/product"}],"version-history":[{"count":0,"href":"https:\/\/singuli.wpress.me\/index.php\/wp-json\/wp\/v2\/product\/41033\/revisions"}],"wp:attachment":[{"href":"https:\/\/singuli.wpress.me\/index.php\/wp-json\/wp\/v2\/media?parent=41033"}],"wp:term":[{"taxonomy":"product_brand","embeddable":true,"href":"https:\/\/singuli.wpress.me\/index.php\/wp-json\/wp\/v2\/product_brand?post=41033"},{"taxonomy":"product_cat","embeddable":true,"href":"https:\/\/singuli.wpress.me\/index.php\/wp-json\/wp\/v2\/product_cat?post=41033"},{"taxonomy":"product_tag","embeddable":true,"href":"https:\/\/singuli.wpress.me\/index.php\/wp-json\/wp\/v2\/product_tag?post=41033"}],"curies":[{"name":"wp","href":"https:\/\/api.w.org\/{rel}","templated":true}]}}