{"id":41036,"date":"2026-04-19T15:19:09","date_gmt":"2026-04-19T15:19:09","guid":{"rendered":"https:\/\/singuli.wpress.me\/index.php\/proizvod\/gillette-venus-smooth-brijac-s-zamjenskom-britvicom-2-kom\/"},"modified":"2026-04-20T12:33:34","modified_gmt":"2026-04-20T12:33:34","slug":"gillette-venus-smooth-brijac-s-zamjenskom-britvicom-2-kom","status":"publish","type":"product","link":"https:\/\/singuli.wpress.me\/index.php\/proizvod\/gillette-venus-smooth-brijac-s-zamjenskom-britvicom-2-kom\/","title":{"rendered":"GILLETTE Venus Smooth, brija\u010d s zamjenskom britvicom, 2\u00a0kom"},"content":{"rendered":"<p>\u017denski brija\u010d Gillette Venus Smooth prvi je brija\u010d s 3 o\u0161trice namijenjen \u017eenama. Brija\u010d ima 3 o\u0161trice koje prate konture tijela, okru\u017eene za\u0161titnim jastu\u010di\u0107ima koji zagla\u0111uju ko\u017eu te omogu\u0107uju precizno i ugodno brijanje u samo jednom potezu. <\/p>\n<p>Njegova plava indikatorska trakica blije\u0111enjem pokazuje kada o\u0161trice vi\u0161e ne pru\u017eaju optimalnu Venusovu razinu brijanja.<\/p>\n","protected":false},"excerpt":{"rendered":"<p>3 o\u0161trice koje prate konture tijela<br \/>\nErgonomska dr\u0161ka SoftGrip za bolju kontrolu<br \/>\nSet uklju\u010duje aparat za brijanje i 2 zamjenska nastavka za brijanje<\/p>\n","protected":false},"featured_media":0,"template":"","meta":{"_seopress_robots_primary_cat":"","_seopress_titles_title":"","_seopress_titles_desc":"","_seopress_robots_index":"","iawp_total_views":0},"product_brand":[323],"product_cat":[280,192,279],"product_tag":[],"class_list":{"0":"post-41036","1":"product","2":"type-product","3":"status-publish","5":"product_brand-gillette","6":"product_cat-aparati-za-muskarce-279","7":"product_cat-aparati-za-osobnu-njegu","8":"product_cat-brijanje-i-sisanje-192","10":"first","11":"instock","12":"shipping-taxable","13":"purchasable","14":"product-type-simple"},"_links":{"self":[{"href":"https:\/\/singuli.wpress.me\/index.php\/wp-json\/wp\/v2\/product\/41036","targetHints":{"allow":["GET"]}}],"collection":[{"href":"https:\/\/singuli.wpress.me\/index.php\/wp-json\/wp\/v2\/product"}],"about":[{"href":"https:\/\/singuli.wpress.me\/index.php\/wp-json\/wp\/v2\/types\/product"}],"version-history":[{"count":0,"href":"https:\/\/singuli.wpress.me\/index.php\/wp-json\/wp\/v2\/product\/41036\/revisions"}],"wp:attachment":[{"href":"https:\/\/singuli.wpress.me\/index.php\/wp-json\/wp\/v2\/media?parent=41036"}],"wp:term":[{"taxonomy":"product_brand","embeddable":true,"href":"https:\/\/singuli.wpress.me\/index.php\/wp-json\/wp\/v2\/product_brand?post=41036"},{"taxonomy":"product_cat","embeddable":true,"href":"https:\/\/singuli.wpress.me\/index.php\/wp-json\/wp\/v2\/product_cat?post=41036"},{"taxonomy":"product_tag","embeddable":true,"href":"https:\/\/singuli.wpress.me\/index.php\/wp-json\/wp\/v2\/product_tag?post=41036"}],"curies":[{"name":"wp","href":"https:\/\/api.w.org\/{rel}","templated":true}]}}