{"id":41037,"date":"2026-04-19T15:19:10","date_gmt":"2026-04-19T15:19:10","guid":{"rendered":"https:\/\/singuli.wpress.me\/index.php\/proizvod\/twistshake-kopca-za-dudu-pastel-siva\/"},"modified":"2026-04-21T00:27:06","modified_gmt":"2026-04-21T00:27:06","slug":"twistshake-kopca-za-dudu-pastel-siva","status":"publish","type":"product","link":"https:\/\/singuli.wpress.me\/index.php\/proizvod\/twistshake-kopca-za-dudu-pastel-siva\/","title":{"rendered":"TWISTSHAKE, kop\u010da za dudu, pastel siva"},"content":{"rendered":"<p>Prakti\u010dna kop\u010da za dudu varalicu kojom se duda varalica va\u0161e bebe \u010duva sigurnom uporabom tekstilne trake i kop\u010de. Ne sadr\u017ei BPA.<\/p>\n","protected":false},"excerpt":{"rendered":"<p>Lako uklonjivi prsten \u2013 njim se omogu\u0107uje pri\u010dvr\u0161\u0107ivanje duda varalica<br \/>\nKop\u010da \u2013 jednostavno se pri\u010dvr\u0161\u0107uje za odje\u0107u va\u0161e bebe<br \/>\nNe sadr\u017ei BPA \u2013 siguran proizvod za vas i va\u0161e dijete<\/p>\n","protected":false},"featured_media":0,"template":"","meta":{"_seopress_robots_primary_cat":"","_seopress_titles_title":"","_seopress_titles_desc":"","_seopress_robots_index":"","iawp_total_views":0},"product_brand":[433],"product_cat":[211,286,287],"product_tag":[],"class_list":{"0":"post-41037","1":"product","2":"type-product","3":"status-publish","5":"product_brand-twistshake","6":"product_cat-njega-majke-i-djeteta","7":"product_cat-oprema-za-bebe-211","8":"product_cat-za-bebe-286","10":"first","11":"outofstock","12":"shipping-taxable","13":"purchasable","14":"product-type-simple"},"_links":{"self":[{"href":"https:\/\/singuli.wpress.me\/index.php\/wp-json\/wp\/v2\/product\/41037","targetHints":{"allow":["GET"]}}],"collection":[{"href":"https:\/\/singuli.wpress.me\/index.php\/wp-json\/wp\/v2\/product"}],"about":[{"href":"https:\/\/singuli.wpress.me\/index.php\/wp-json\/wp\/v2\/types\/product"}],"version-history":[{"count":0,"href":"https:\/\/singuli.wpress.me\/index.php\/wp-json\/wp\/v2\/product\/41037\/revisions"}],"wp:attachment":[{"href":"https:\/\/singuli.wpress.me\/index.php\/wp-json\/wp\/v2\/media?parent=41037"}],"wp:term":[{"taxonomy":"product_brand","embeddable":true,"href":"https:\/\/singuli.wpress.me\/index.php\/wp-json\/wp\/v2\/product_brand?post=41037"},{"taxonomy":"product_cat","embeddable":true,"href":"https:\/\/singuli.wpress.me\/index.php\/wp-json\/wp\/v2\/product_cat?post=41037"},{"taxonomy":"product_tag","embeddable":true,"href":"https:\/\/singuli.wpress.me\/index.php\/wp-json\/wp\/v2\/product_tag?post=41037"}],"curies":[{"name":"wp","href":"https:\/\/api.w.org\/{rel}","templated":true}]}}