{"id":41042,"date":"2026-04-19T15:19:11","date_gmt":"2026-04-19T15:19:11","guid":{"rendered":"https:\/\/singuli.wpress.me\/index.php\/proizvod\/medex-propolis-sprej-30-ml\/"},"modified":"2026-04-21T00:27:06","modified_gmt":"2026-04-21T00:27:06","slug":"medex-propolis-sprej-30-ml","status":"publish","type":"product","link":"https:\/\/singuli.wpress.me\/index.php\/proizvod\/medex-propolis-sprej-30-ml\/","title":{"rendered":"MEDEX Propolis, sprej, 30\u00a0ml"},"content":{"rendered":"<p>Propolis koji oduvijek znate. Sada u spreju i s dodanim niacinom koji doprinosi odr\u017eavanju normalnih sluznica.  Propolis u spreju odlikuje jak okus propolisa, jer sadr\u017ei 7 % propolisa na alkoholnoj bazi.<br \/>\nRije\u010d propolis poti\u010de iz gr\u010dkog jezika i zna\u010di obranu grada. Kao prirodnu za\u0161titu koriste ga i p\u010dele, kojima propolis ve\u0107 45 milijuna godina poma\u017ee u o\u010duvanju njihove vrste i predstavlja temelj njihova zdravlja, jer omogu\u0107uje zdrav razvoj i \u017eivot p\u010dela u ko\u0161nici.<br \/>\nOsim propolisa proizvod sadr\u017ei i niacin, koji doprinosi odr\u017eavanju normalnih sluznica. Proizvod je prirodan i dobra okusa.<br \/>\nRaspr\u0161iva\u010d je prakti\u010dan za sve koji \u017eele uzimati propolis neposrednim raspr\u0161ivanjem u usnu \u0161upljinu.<\/p>\n<p>Kontrolirana kvaliteta. U staklenoj ambala\u017ei koja \u010duva kvalitetu proizvoda.<\/p>\n<p>Na\u010din primjene: Preporu\u010dena dnevna doza jest 8 raspr\u0161ivanja u usta. Otopinu 4 puta na dan po 2 puta raspr\u0161ite izravno u usnu \u0161upljinu.<\/p>\n<p>U 8 raspr\u0161ivanja: 77 mg propolisa, od toga 16 mg bioflavonoida, 2,4 mg niacina (15% PU).<\/p>\n","protected":false},"excerpt":{"rendered":"<p>Niacin doprinosi odr\u017eavanju normalnih sluznica<br \/>\n7 % propolisa u alkoholnoj otopini i niacin<br \/>\nStandardizirana vrijednost bioflavonoida u propolisu<\/p>\n","protected":false},"featured_media":0,"template":"","meta":{"_seopress_robots_primary_cat":"","_seopress_titles_title":"","_seopress_titles_desc":"","_seopress_robots_index":"","iawp_total_views":0},"product_brand":[415],"product_cat":[268,269],"product_tag":[],"class_list":{"0":"post-41042","1":"product","2":"type-product","3":"status-publish","5":"product_brand-medex","6":"product_cat-kozmetika-2","7":"product_cat-zastita-koze-268","9":"first","10":"instock","11":"shipping-taxable","12":"purchasable","13":"product-type-simple"},"_links":{"self":[{"href":"https:\/\/singuli.wpress.me\/index.php\/wp-json\/wp\/v2\/product\/41042","targetHints":{"allow":["GET"]}}],"collection":[{"href":"https:\/\/singuli.wpress.me\/index.php\/wp-json\/wp\/v2\/product"}],"about":[{"href":"https:\/\/singuli.wpress.me\/index.php\/wp-json\/wp\/v2\/types\/product"}],"version-history":[{"count":0,"href":"https:\/\/singuli.wpress.me\/index.php\/wp-json\/wp\/v2\/product\/41042\/revisions"}],"wp:attachment":[{"href":"https:\/\/singuli.wpress.me\/index.php\/wp-json\/wp\/v2\/media?parent=41042"}],"wp:term":[{"taxonomy":"product_brand","embeddable":true,"href":"https:\/\/singuli.wpress.me\/index.php\/wp-json\/wp\/v2\/product_brand?post=41042"},{"taxonomy":"product_cat","embeddable":true,"href":"https:\/\/singuli.wpress.me\/index.php\/wp-json\/wp\/v2\/product_cat?post=41042"},{"taxonomy":"product_tag","embeddable":true,"href":"https:\/\/singuli.wpress.me\/index.php\/wp-json\/wp\/v2\/product_tag?post=41042"}],"curies":[{"name":"wp","href":"https:\/\/api.w.org\/{rel}","templated":true}]}}