{"id":41043,"date":"2026-04-19T15:19:11","date_gmt":"2026-04-19T15:19:11","guid":{"rendered":"https:\/\/singuli.wpress.me\/index.php\/proizvod\/lipton-tresnja-i-limun-vocni-caj-20-vrecica\/"},"modified":"2026-04-20T12:33:34","modified_gmt":"2026-04-20T12:33:34","slug":"lipton-tresnja-i-limun-vocni-caj-20-vrecica","status":"publish","type":"product","link":"https:\/\/singuli.wpress.me\/index.php\/proizvod\/lipton-tresnja-i-limun-vocni-caj-20-vrecica\/","title":{"rendered":"LIPTON tre\u0161nja i limun, vo\u0107ni \u010daj, 20 vre\u0107ica"},"content":{"rendered":"<p>Svaka \u0161alica Lipton \u010daja kuhana je uz pomo\u0107 ki\u0161e, vjetra i sunca, za prepoznatljiv bogat okus i miris. Lipton \u010dajevi se proizvode na odr\u017eiv na\u010din. Svaka \u0161alica Lipton \u010daja ne samo da \u0107e vam uljep\u0161ati dan, ve\u0107 i uljep\u0161ati budu\u0107nost svi Lipton uzgajiva\u010di \u010daja i njihove obitelji te naravno i na\u0161 planet.<br \/>\nLipton \u010dajevi jedni su od najprodavanijih \u010dajeva na svijetu. Imaju \u0161iroku ponudu pravih, biljnih i vo\u0107nih \u010dajeva.<\/p>\n<p>Kombinacija mati\u010dnjaka i tre\u0161nje inspirirana Japanom stvorila je kompoziciju u kojoj se okus so\u010dne vi\u0161nje savr\u0161eno sla\u017ee s mati\u010dnjakom. Tradicionalno mu se pripisuju svojstva koja poma\u017eu zaspati i opustiti se.<br \/>\n\u0160alica ovog nje\u017enog i aromati\u010dnog mirisa pru\u017eit \u0107e vam trenutak opu\u0161tanja iu najzamornijem danu.<\/p>\n<p>Korisno barem do kraja: vidi dno kutije.<\/p>\n<p>Lot: vidi dno kutije.<\/p>\n<p>Na\u010din \u010duvanja: \u010cuvati na hladnom i suhom mjestu.<\/p>\n<p>Upute za upotrebu: Vre\u0107icu \u010daja preliti s 200 ml kipu\u0107e vode i nakon 4-5 minuta izvaditi.<\/p>\n","protected":false},"excerpt":{"rendered":"<p>Aromatizirani biljni \u010daj s mati\u010dnjakom i vi\u0161njom<br \/>\nOmogu\u0107uje trenutni odmor \u010dak iu najzamornijem danu<br \/>\nLipton \u010dajevi jedni su od najprodavanijih \u010dajeva na svijetu<\/p>\n","protected":false},"featured_media":0,"template":"","meta":{"_seopress_robots_primary_cat":"","_seopress_titles_title":"","_seopress_titles_desc":"","_seopress_robots_index":"","iawp_total_views":0},"product_brand":[361],"product_cat":[261,262],"product_tag":[],"class_list":{"0":"post-41043","1":"product","2":"type-product","3":"status-publish","5":"product_brand-lipton","6":"product_cat-hrana-i-pice","7":"product_cat-sokovi-i-napitci-261","9":"first","10":"outofstock","11":"shipping-taxable","12":"purchasable","13":"product-type-simple"},"_links":{"self":[{"href":"https:\/\/singuli.wpress.me\/index.php\/wp-json\/wp\/v2\/product\/41043","targetHints":{"allow":["GET"]}}],"collection":[{"href":"https:\/\/singuli.wpress.me\/index.php\/wp-json\/wp\/v2\/product"}],"about":[{"href":"https:\/\/singuli.wpress.me\/index.php\/wp-json\/wp\/v2\/types\/product"}],"version-history":[{"count":0,"href":"https:\/\/singuli.wpress.me\/index.php\/wp-json\/wp\/v2\/product\/41043\/revisions"}],"wp:attachment":[{"href":"https:\/\/singuli.wpress.me\/index.php\/wp-json\/wp\/v2\/media?parent=41043"}],"wp:term":[{"taxonomy":"product_brand","embeddable":true,"href":"https:\/\/singuli.wpress.me\/index.php\/wp-json\/wp\/v2\/product_brand?post=41043"},{"taxonomy":"product_cat","embeddable":true,"href":"https:\/\/singuli.wpress.me\/index.php\/wp-json\/wp\/v2\/product_cat?post=41043"},{"taxonomy":"product_tag","embeddable":true,"href":"https:\/\/singuli.wpress.me\/index.php\/wp-json\/wp\/v2\/product_tag?post=41043"}],"curies":[{"name":"wp","href":"https:\/\/api.w.org\/{rel}","templated":true}]}}