{"id":41046,"date":"2026-04-19T15:19:12","date_gmt":"2026-04-19T15:19:12","guid":{"rendered":"https:\/\/singuli.wpress.me\/index.php\/proizvod\/helix-ultra-ect-c3-5w30-motorno-ulje-za-osobna-vozila-12x1l-12-l\/"},"modified":"2026-04-21T00:27:06","modified_gmt":"2026-04-21T00:27:06","slug":"helix-ultra-ect-c3-5w30-motorno-ulje-za-osobna-vozila-12x1l-12-l","status":"publish","type":"product","link":"https:\/\/singuli.wpress.me\/index.php\/proizvod\/helix-ultra-ect-c3-5w30-motorno-ulje-za-osobna-vozila-12x1l-12-l\/","title":{"rendered":"HELIX ULTRA ECT C3 5W30, motorno ulje za osobna vozila, 12x1l, 12\u00a0l"},"content":{"rendered":"<p>Potpuno sinteti\u010dko motorno ulje formulirano na naprednoj Shell Emissions Compatible technology (ECT) koja odr\u017eava filter krutih \u010destica (DPF) \u010distim i omogu\u0107ava maksimalne performanse motora. <\/p>\n<p>Ulje osigurava smanjeno trenje i pri tome pove\u0107anu u\u0161tedu goriva. <\/p>\n<p>Odlikuju ga niska viskoznost i smanjeno trenje, nenadma\u0161na za\u0161tita od naslaga, visoka otpornost na mehani\u010dko optere\u0107enje, smanjenja volatilnost, izvrsna oksidacijska stabilnost tijekom cijelog intervala izmjene ulja. <\/p>\n<p>Preporu\u010da se za kori\u0161tenje u modernim dizelskim motorima, dizelskim motorima s filterom krutih \u010destica kao i za plinske motore.<\/p>\n<p><span style=\"font-weight: bold\">Specifikacija<\/span>: ACEA C3 , API SN, BMW LL-04, MB-odobrenje 229.51\/.229.31, Chrsyler MS-11106, ispunjava zahtjeve GM dexos2\u2122.<\/p>\n","protected":false},"excerpt":{"rendered":"<p>Odr\u017eava filter krutih \u010destica \u010distim<br \/>\nNiska viskoznost i smanjeno trenje<br \/>\nSpecifikacija u opisu<\/p>\n","protected":false},"featured_media":0,"template":"","meta":{"_seopress_robots_primary_cat":"","_seopress_titles_title":"","_seopress_titles_desc":"","_seopress_robots_index":"","iawp_total_views":0},"product_brand":[398],"product_cat":[243,272],"product_tag":[],"class_list":{"0":"post-41046","1":"product","2":"type-product","3":"status-publish","5":"product_brand-helix","6":"product_cat-automobili-i-motori","7":"product_cat-motorna-ulja-243","9":"first","10":"instock","11":"shipping-taxable","12":"purchasable","13":"product-type-simple"},"_links":{"self":[{"href":"https:\/\/singuli.wpress.me\/index.php\/wp-json\/wp\/v2\/product\/41046","targetHints":{"allow":["GET"]}}],"collection":[{"href":"https:\/\/singuli.wpress.me\/index.php\/wp-json\/wp\/v2\/product"}],"about":[{"href":"https:\/\/singuli.wpress.me\/index.php\/wp-json\/wp\/v2\/types\/product"}],"version-history":[{"count":0,"href":"https:\/\/singuli.wpress.me\/index.php\/wp-json\/wp\/v2\/product\/41046\/revisions"}],"wp:attachment":[{"href":"https:\/\/singuli.wpress.me\/index.php\/wp-json\/wp\/v2\/media?parent=41046"}],"wp:term":[{"taxonomy":"product_brand","embeddable":true,"href":"https:\/\/singuli.wpress.me\/index.php\/wp-json\/wp\/v2\/product_brand?post=41046"},{"taxonomy":"product_cat","embeddable":true,"href":"https:\/\/singuli.wpress.me\/index.php\/wp-json\/wp\/v2\/product_cat?post=41046"},{"taxonomy":"product_tag","embeddable":true,"href":"https:\/\/singuli.wpress.me\/index.php\/wp-json\/wp\/v2\/product_tag?post=41046"}],"curies":[{"name":"wp","href":"https:\/\/api.w.org\/{rel}","templated":true}]}}