{"id":41048,"date":"2026-04-19T15:19:12","date_gmt":"2026-04-19T15:19:12","guid":{"rendered":"https:\/\/singuli.wpress.me\/index.php\/proizvod\/bissell-featherwight-eco-2u1-usisavac\/"},"modified":"2026-04-21T00:27:06","modified_gmt":"2026-04-21T00:27:06","slug":"bissell-featherwight-eco-2u1-usisavac","status":"publish","type":"product","link":"https:\/\/singuli.wpress.me\/index.php\/proizvod\/bissell-featherwight-eco-2u1-usisavac\/","title":{"rendered":"BISSELL Featherwight Eco 2u1, usisava\u010d"},"content":{"rendered":"<p>Bisell Featherweight je kompaktni 2-u-1 ure\u0111aj sa kablom koji je savr\u0161en za brzo i jednostavno \u010di\u0161\u0107enje, te\u017eak je samo 2 kg. Ovaj ciklonski usisava\u010d bez vre\u0107ice \u010disti i uklanja prljav\u0161tinu s tvrdih podnih povr\u0161ina u cijelom va\u0161em domu. Svestran lagani usisava\u010d sa kablom usisava\u010d , idealan za brzo \u010di\u0161\u0107enje doma.<\/p>\n<p>Glavne zna\u010dajke:<br \/>\n&#8211; Lagani dizajn bez vre\u0107ice za brzo i prakti\u010dno \u010di\u0161\u0107enje<br \/>\n&#8211; Dva proizvoda u jednom: lako se pretvara u vi\u0161enamjenski ru\u010dni usisava\u010d<br \/>\n&#8211; Izvrstan za kori\u0161tenje na tepisima i tvrdim podovima<br \/>\n&#8211; Vrsta poda: tvrdi podovi, tepisi<br \/>\n&#8211; 6 metara radnog radijusa i 23 cm putanje \u010di\u0161\u0107enja<\/p>\n<p>Tehni\u010dki detalji:<br \/>\n&#8211; Usisna snaga: 450 W<br \/>\n&#8211; Volumen rezervoara: 0,5 litara<br \/>\n&#8211; Ru\u010dna funkcija: da<br \/>\n&#8211; Razina zvuka: 83 dB<br \/>\n&#8211; Te\u017eina (prazan): 2 kg<br \/>\n&#8211; Dimenzije: 24 x 115 x 12 cm<br \/>\n&#8211; Duljina kabela: 5 m<br \/>\n&#8211; Jamstvo: 2 godine<\/p>\n","protected":false},"excerpt":{"rendered":"<p>Svestran, lagan kabelski usisava\u010d, savr\u0161en za brzo \u010di\u0161\u0107enje doma<br \/>\nLako se pretvara u vi\u0161enamjenski ru\u010dni usisava\u010d<br \/>\nOdli\u010dan za kori\u0161tenje na tepisima i tvrdim podovima<\/p>\n","protected":false},"featured_media":0,"template":"","meta":{"_seopress_robots_primary_cat":"","_seopress_titles_title":"","_seopress_titles_desc":"","_seopress_robots_index":"","iawp_total_views":0},"product_brand":[819],"product_cat":[160,271],"product_tag":[],"class_list":{"0":"post-41048","1":"product","2":"type-product","3":"status-publish","5":"product_brand-bissell","6":"product_cat-mali-kucanski-aparati","7":"product_cat-usisavaci-i-ciscenje-160","9":"first","10":"outofstock","11":"shipping-taxable","12":"purchasable","13":"product-type-simple"},"_links":{"self":[{"href":"https:\/\/singuli.wpress.me\/index.php\/wp-json\/wp\/v2\/product\/41048","targetHints":{"allow":["GET"]}}],"collection":[{"href":"https:\/\/singuli.wpress.me\/index.php\/wp-json\/wp\/v2\/product"}],"about":[{"href":"https:\/\/singuli.wpress.me\/index.php\/wp-json\/wp\/v2\/types\/product"}],"version-history":[{"count":0,"href":"https:\/\/singuli.wpress.me\/index.php\/wp-json\/wp\/v2\/product\/41048\/revisions"}],"wp:attachment":[{"href":"https:\/\/singuli.wpress.me\/index.php\/wp-json\/wp\/v2\/media?parent=41048"}],"wp:term":[{"taxonomy":"product_brand","embeddable":true,"href":"https:\/\/singuli.wpress.me\/index.php\/wp-json\/wp\/v2\/product_brand?post=41048"},{"taxonomy":"product_cat","embeddable":true,"href":"https:\/\/singuli.wpress.me\/index.php\/wp-json\/wp\/v2\/product_cat?post=41048"},{"taxonomy":"product_tag","embeddable":true,"href":"https:\/\/singuli.wpress.me\/index.php\/wp-json\/wp\/v2\/product_tag?post=41048"}],"curies":[{"name":"wp","href":"https:\/\/api.w.org\/{rel}","templated":true}]}}