{"id":41050,"date":"2026-04-19T15:19:19","date_gmt":"2026-04-19T15:19:19","guid":{"rendered":"https:\/\/singuli.wpress.me\/index.php\/proizvod\/spirax-s4-g-75w90-mjenjacko-ulje-20-l\/"},"modified":"2026-04-20T12:33:34","modified_gmt":"2026-04-20T12:33:34","slug":"spirax-s4-g-75w90-mjenjacko-ulje-20-l","status":"publish","type":"product","link":"https:\/\/singuli.wpress.me\/index.php\/proizvod\/spirax-s4-g-75w90-mjenjacko-ulje-20-l\/","title":{"rendered":"SPIRAX S4 G 75W90 , mjenja\u010dko ulje, 20\u00a0l"},"content":{"rendered":"<p>Mjenja\u010dko ulje sinteti\u010dke osnove visokih performansi za ru\u010dne mjenja\u010de ugra\u0111ene u Volkswagen osobna i komercijalna vozila. Tako\u0111er se preporu\u010da za mjenja\u010de osobnih automobila drugih proizvo\u0111a\u010da gdje se tra\u017ee performanse sinteti\u010dkih maziva i odli\u010dna kompatibilnost sa sinkronima. Viskozitet omogu\u0107ava lako prebacivanje brzina pri niskim temperaturama i konstantno podmazivanje pri najvi\u0161im radnim temperaturama. Smanjenje radne temperature osigurava dugotrajnu za\u0161titu zubaca i produljeni interval izmjene.<\/p>\n<p>Specifikacija: API GL-4, prikladno za aplikacije koje zahtijevaju ulja sa specifikacijom VW TL 501.50<\/p>\n","protected":false},"excerpt":{"rendered":"<p>Podmazivanje pri najvi\u0161im temperaturama i lako prebacivanje brzina pri niskim temperaturama<br \/>\nProduljuje interval izmjene ulja<br \/>\nMjenja\u010dko ulje za ru\u010dne mjenja\u010de ugra\u0111ene u Volkswagen osobna i komercijalna vozila<\/p>\n","protected":false},"featured_media":0,"template":"","meta":{"_seopress_robots_primary_cat":"","_seopress_titles_title":"","_seopress_titles_desc":"","_seopress_robots_index":"","iawp_total_views":0},"product_brand":[371],"product_cat":[243,276],"product_tag":[],"class_list":{"0":"post-41050","1":"product","2":"type-product","3":"status-publish","5":"product_brand-spirax","6":"product_cat-automobili-i-motori","7":"product_cat-industrijska-i-specijalna-ulja-243","9":"first","10":"outofstock","11":"shipping-taxable","12":"purchasable","13":"product-type-simple"},"_links":{"self":[{"href":"https:\/\/singuli.wpress.me\/index.php\/wp-json\/wp\/v2\/product\/41050","targetHints":{"allow":["GET"]}}],"collection":[{"href":"https:\/\/singuli.wpress.me\/index.php\/wp-json\/wp\/v2\/product"}],"about":[{"href":"https:\/\/singuli.wpress.me\/index.php\/wp-json\/wp\/v2\/types\/product"}],"version-history":[{"count":0,"href":"https:\/\/singuli.wpress.me\/index.php\/wp-json\/wp\/v2\/product\/41050\/revisions"}],"wp:attachment":[{"href":"https:\/\/singuli.wpress.me\/index.php\/wp-json\/wp\/v2\/media?parent=41050"}],"wp:term":[{"taxonomy":"product_brand","embeddable":true,"href":"https:\/\/singuli.wpress.me\/index.php\/wp-json\/wp\/v2\/product_brand?post=41050"},{"taxonomy":"product_cat","embeddable":true,"href":"https:\/\/singuli.wpress.me\/index.php\/wp-json\/wp\/v2\/product_cat?post=41050"},{"taxonomy":"product_tag","embeddable":true,"href":"https:\/\/singuli.wpress.me\/index.php\/wp-json\/wp\/v2\/product_tag?post=41050"}],"curies":[{"name":"wp","href":"https:\/\/api.w.org\/{rel}","templated":true}]}}