{"id":41055,"date":"2026-04-19T15:19:20","date_gmt":"2026-04-19T15:19:20","guid":{"rendered":"https:\/\/singuli.wpress.me\/index.php\/proizvod\/pantene-pro-v-repair-protect-3u1-sampon-balzam-tretman-360-ml\/"},"modified":"2026-04-20T12:33:34","modified_gmt":"2026-04-20T12:33:34","slug":"pantene-pro-v-repair-protect-3u1-sampon-balzam-tretman-360-ml","status":"publish","type":"product","link":"https:\/\/singuli.wpress.me\/index.php\/proizvod\/pantene-pro-v-repair-protect-3u1-sampon-balzam-tretman-360-ml\/","title":{"rendered":"PANTENE Pro-V Repair &amp; Protect 3u1, \u0161ampon + balzam + tretman, 360\u00a0ml"},"content":{"rendered":"<p>Pantene Pro-V Repair &amp; Protect 3u1, \u0161ampon, balzam i tretman, \u010disti kosu, raspli\u0107e je i njeguje u jednom koraku. <\/p>\n<p>Hrani kosu aktivnim nutrijentima Pro-V. <\/p>\n<p>U trenu popravlja znakove o\u0161te\u0107enja.<\/p>\n","protected":false},"excerpt":{"rendered":"<p>Pere kosu i \u010disti vlasi\u0161te<br \/>\nRegenerira i hrani kosu<br \/>\nJa\u010da dlaku kose<\/p>\n","protected":false},"featured_media":0,"template":"","meta":{"_seopress_robots_primary_cat":"","_seopress_titles_title":"","_seopress_titles_desc":"","_seopress_robots_index":"","iawp_total_views":0},"product_brand":[411],"product_cat":[268,300],"product_tag":[],"class_list":{"0":"post-41055","1":"product","2":"type-product","3":"status-publish","5":"product_brand-pantene","6":"product_cat-kozmetika-2","7":"product_cat-njega-kose-268","9":"first","10":"outofstock","11":"shipping-taxable","12":"purchasable","13":"product-type-simple"},"_links":{"self":[{"href":"https:\/\/singuli.wpress.me\/index.php\/wp-json\/wp\/v2\/product\/41055","targetHints":{"allow":["GET"]}}],"collection":[{"href":"https:\/\/singuli.wpress.me\/index.php\/wp-json\/wp\/v2\/product"}],"about":[{"href":"https:\/\/singuli.wpress.me\/index.php\/wp-json\/wp\/v2\/types\/product"}],"version-history":[{"count":0,"href":"https:\/\/singuli.wpress.me\/index.php\/wp-json\/wp\/v2\/product\/41055\/revisions"}],"wp:attachment":[{"href":"https:\/\/singuli.wpress.me\/index.php\/wp-json\/wp\/v2\/media?parent=41055"}],"wp:term":[{"taxonomy":"product_brand","embeddable":true,"href":"https:\/\/singuli.wpress.me\/index.php\/wp-json\/wp\/v2\/product_brand?post=41055"},{"taxonomy":"product_cat","embeddable":true,"href":"https:\/\/singuli.wpress.me\/index.php\/wp-json\/wp\/v2\/product_cat?post=41055"},{"taxonomy":"product_tag","embeddable":true,"href":"https:\/\/singuli.wpress.me\/index.php\/wp-json\/wp\/v2\/product_tag?post=41055"}],"curies":[{"name":"wp","href":"https:\/\/api.w.org\/{rel}","templated":true}]}}