{"id":41056,"date":"2026-04-19T15:19:20","date_gmt":"2026-04-19T15:19:20","guid":{"rendered":"https:\/\/singuli.wpress.me\/index.php\/proizvod\/intimea-hygieia-jasmine-tekuci-sapun-za-intimnu-njegu-miris-jasmina-200-ml\/"},"modified":"2026-04-20T12:33:34","modified_gmt":"2026-04-20T12:33:34","slug":"intimea-hygieia-jasmine-tekuci-sapun-za-intimnu-njegu-miris-jasmina-200-ml","status":"publish","type":"product","link":"https:\/\/singuli.wpress.me\/index.php\/proizvod\/intimea-hygieia-jasmine-tekuci-sapun-za-intimnu-njegu-miris-jasmina-200-ml\/","title":{"rendered":"INTIMEA HYGIEIA Jasmine, teku\u0107i sapun, za intimnu njegu, miris jasmina, 200\u00a0ml"},"content":{"rendered":"<p>Intimea Jasmine nje\u017eni teku\u0107i sapun za intimnu njegu, kremaste strukture i blagog ugodnog mirisa jasmina. Sapun pru\u017ea osobnu svje\u017einu tijekom cijelog dana, ne nadra\u017euje intimno podru\u010dje.<br \/>\nBez dodanih mirisa, s ekstraktom kadulje, maslinovim uljem i mlije\u010dnom kiselinom i mirisom jasmina iz kojeg su uklonjeni alergeni.<br \/>\npH = 4,0 odr\u017eava prirodnu ravnote\u017eu vaginalne flore.<br \/>\nNanesite malu koli\u010dinu sapuna na intimne dijelove, zapijenite i isperite.<br \/>\nSamo za vanjsku upotrebu. Dr\u017eite izvan dosega djece!<\/p>\n","protected":false},"excerpt":{"rendered":"<p>Nje\u017eni teku\u0107i sapun za intimnu njegu<br \/>\nMiris jasmina<br \/>\nKremaste strukture<\/p>\n","protected":false},"featured_media":0,"template":"","meta":{"_seopress_robots_primary_cat":"","_seopress_titles_title":"","_seopress_titles_desc":"","_seopress_robots_index":"","iawp_total_views":0},"product_brand":[417],"product_cat":[268,278],"product_tag":[],"class_list":{"0":"post-41056","1":"product","2":"type-product","3":"status-publish","5":"product_brand-intimea-hygieia","6":"product_cat-kozmetika-2","7":"product_cat-njega-tijela-268","9":"first","10":"instock","11":"shipping-taxable","12":"purchasable","13":"product-type-simple"},"_links":{"self":[{"href":"https:\/\/singuli.wpress.me\/index.php\/wp-json\/wp\/v2\/product\/41056","targetHints":{"allow":["GET"]}}],"collection":[{"href":"https:\/\/singuli.wpress.me\/index.php\/wp-json\/wp\/v2\/product"}],"about":[{"href":"https:\/\/singuli.wpress.me\/index.php\/wp-json\/wp\/v2\/types\/product"}],"version-history":[{"count":0,"href":"https:\/\/singuli.wpress.me\/index.php\/wp-json\/wp\/v2\/product\/41056\/revisions"}],"wp:attachment":[{"href":"https:\/\/singuli.wpress.me\/index.php\/wp-json\/wp\/v2\/media?parent=41056"}],"wp:term":[{"taxonomy":"product_brand","embeddable":true,"href":"https:\/\/singuli.wpress.me\/index.php\/wp-json\/wp\/v2\/product_brand?post=41056"},{"taxonomy":"product_cat","embeddable":true,"href":"https:\/\/singuli.wpress.me\/index.php\/wp-json\/wp\/v2\/product_cat?post=41056"},{"taxonomy":"product_tag","embeddable":true,"href":"https:\/\/singuli.wpress.me\/index.php\/wp-json\/wp\/v2\/product_tag?post=41056"}],"curies":[{"name":"wp","href":"https:\/\/api.w.org\/{rel}","templated":true}]}}