{"id":41057,"date":"2026-04-19T15:19:20","date_gmt":"2026-04-19T15:19:20","guid":{"rendered":"https:\/\/singuli.wpress.me\/index.php\/proizvod\/mr-proper-univerzalno-sredstvo-za-ciscenje-lavanda-1-l\/"},"modified":"2026-04-20T12:33:34","modified_gmt":"2026-04-20T12:33:34","slug":"mr-proper-univerzalno-sredstvo-za-ciscenje-lavanda-1-l","status":"publish","type":"product","link":"https:\/\/singuli.wpress.me\/index.php\/proizvod\/mr-proper-univerzalno-sredstvo-za-ciscenje-lavanda-1-l\/","title":{"rendered":"MR. PROPER, univerzalno sredstvo za \u010di\u0161\u0107enje, lavanda, 1\u00a0l"},"content":{"rendered":"<p>Univerzalni deterd\u017eent Mr. Proper idealan je za \u010di\u0161\u0107enje gotovo svih tvrdih povr\u0161ina u va\u0161em domu. <\/p>\n<p>Mo\u017ee se koristiti za \u010di\u0161\u0107enje sudopera, uklanjanje masno\u0107e sa \u0161tednjaka pa \u010dak i podova.<\/p>\n","protected":false},"excerpt":{"rendered":"<p>Univerzalno sredstvo za \u010di\u0161\u0107enje<br \/>\nMiris lavande<br \/>\nIdealan za \u010di\u0161\u0107enje gotovo svih tvrdih povr\u0161ina<\/p>\n","protected":false},"featured_media":0,"template":"","meta":{"_seopress_robots_primary_cat":"","_seopress_titles_title":"","_seopress_titles_desc":"","_seopress_robots_index":"","iawp_total_views":0},"product_brand":[521],"product_cat":[274,238],"product_tag":[],"class_list":{"0":"post-41057","1":"product","2":"type-product","3":"status-publish","5":"product_brand-mr-proper","6":"product_cat-kucanski-pribor-238","7":"product_cat-sve-za-dom","9":"first","10":"outofstock","11":"shipping-taxable","12":"purchasable","13":"product-type-simple"},"_links":{"self":[{"href":"https:\/\/singuli.wpress.me\/index.php\/wp-json\/wp\/v2\/product\/41057","targetHints":{"allow":["GET"]}}],"collection":[{"href":"https:\/\/singuli.wpress.me\/index.php\/wp-json\/wp\/v2\/product"}],"about":[{"href":"https:\/\/singuli.wpress.me\/index.php\/wp-json\/wp\/v2\/types\/product"}],"version-history":[{"count":0,"href":"https:\/\/singuli.wpress.me\/index.php\/wp-json\/wp\/v2\/product\/41057\/revisions"}],"wp:attachment":[{"href":"https:\/\/singuli.wpress.me\/index.php\/wp-json\/wp\/v2\/media?parent=41057"}],"wp:term":[{"taxonomy":"product_brand","embeddable":true,"href":"https:\/\/singuli.wpress.me\/index.php\/wp-json\/wp\/v2\/product_brand?post=41057"},{"taxonomy":"product_cat","embeddable":true,"href":"https:\/\/singuli.wpress.me\/index.php\/wp-json\/wp\/v2\/product_cat?post=41057"},{"taxonomy":"product_tag","embeddable":true,"href":"https:\/\/singuli.wpress.me\/index.php\/wp-json\/wp\/v2\/product_tag?post=41057"}],"curies":[{"name":"wp","href":"https:\/\/api.w.org\/{rel}","templated":true}]}}