{"id":41059,"date":"2026-04-19T15:19:21","date_gmt":"2026-04-19T15:19:21","guid":{"rendered":"https:\/\/singuli.wpress.me\/index.php\/proizvod\/braun-series-3-3010-bt-shavestyle-brijaci-aparat\/"},"modified":"2026-04-21T00:27:06","modified_gmt":"2026-04-21T00:27:06","slug":"braun-series-3-3010-bt-shavestyle-brijaci-aparat","status":"publish","type":"product","link":"https:\/\/singuli.wpress.me\/index.php\/proizvod\/braun-series-3-3010-bt-shavestyle-brijaci-aparat\/","title":{"rendered":"BRAUN Series 3 3010 BT Shave&amp;Style, brija\u0107i aparat"},"content":{"rendered":"<p>Elektri\u010dni brija\u0107i aparat 3-u-1 Braun Series 3 Shave&amp;Style 3010BT Wet&amp; Dry s preciznim trimerom i 5 \u010de\u0161lji\u0107a<br \/>\nPunjivi elektri\u010dni brija\u0107i aparat s mre\u017eicom Braun Series 3 Shave&amp;Style idealan je 3-u-1 ure\u0111aj za njegu mu\u0161karaca. S njim se lako mo\u017eete prebaciti s temeljitog brijanja na precizno podrezivanje odnosno oblikovanje brade: samo zamijenite glave ure\u0111aja i postavite neki od 5 \u010de\u0161lji\u0107a kako biste dobili \u017eeljenu duljinu. <\/p>\n","protected":false},"excerpt":{"rendered":"<p>3-u-1 ure\u0111aj za brijanje, podrezivanje i oblikovanje kontura<br \/>\nDugotrajan be\u017ei\u010dni brija\u0107i aparat, vodootporan do 5 metara dubine<br \/>\nUjedna\u010deno podrezivanje: 5 \u010de\u0161lji\u0107a (u rasponu duljina 1-7 mm) za mu\u017eevan izgled 3-dnevne brade<\/p>\n","protected":false},"featured_media":0,"template":"","meta":{"_seopress_robots_primary_cat":"","_seopress_titles_title":"","_seopress_titles_desc":"","_seopress_robots_index":"","iawp_total_views":0},"product_brand":[144],"product_cat":[280,192,279],"product_tag":[],"class_list":{"0":"post-41059","1":"product","2":"type-product","3":"status-publish","5":"product_brand-braun","6":"product_cat-aparati-za-muskarce-279","7":"product_cat-aparati-za-osobnu-njegu","8":"product_cat-brijanje-i-sisanje-192","10":"first","11":"outofstock","12":"shipping-taxable","13":"purchasable","14":"product-type-simple"},"_links":{"self":[{"href":"https:\/\/singuli.wpress.me\/index.php\/wp-json\/wp\/v2\/product\/41059","targetHints":{"allow":["GET"]}}],"collection":[{"href":"https:\/\/singuli.wpress.me\/index.php\/wp-json\/wp\/v2\/product"}],"about":[{"href":"https:\/\/singuli.wpress.me\/index.php\/wp-json\/wp\/v2\/types\/product"}],"version-history":[{"count":0,"href":"https:\/\/singuli.wpress.me\/index.php\/wp-json\/wp\/v2\/product\/41059\/revisions"}],"wp:attachment":[{"href":"https:\/\/singuli.wpress.me\/index.php\/wp-json\/wp\/v2\/media?parent=41059"}],"wp:term":[{"taxonomy":"product_brand","embeddable":true,"href":"https:\/\/singuli.wpress.me\/index.php\/wp-json\/wp\/v2\/product_brand?post=41059"},{"taxonomy":"product_cat","embeddable":true,"href":"https:\/\/singuli.wpress.me\/index.php\/wp-json\/wp\/v2\/product_cat?post=41059"},{"taxonomy":"product_tag","embeddable":true,"href":"https:\/\/singuli.wpress.me\/index.php\/wp-json\/wp\/v2\/product_tag?post=41059"}],"curies":[{"name":"wp","href":"https:\/\/api.w.org\/{rel}","templated":true}]}}