{"id":41060,"date":"2026-04-19T15:19:22","date_gmt":"2026-04-19T15:19:22","guid":{"rendered":"https:\/\/singuli.wpress.me\/index.php\/proizvod\/disney-mickey-plisana-igracka-xl\/"},"modified":"2026-04-21T00:27:06","modified_gmt":"2026-04-21T00:27:06","slug":"disney-mickey-plisana-igracka-xl","status":"publish","type":"product","link":"https:\/\/singuli.wpress.me\/index.php\/proizvod\/disney-mickey-plisana-igracka-xl\/","title":{"rendered":"DISNEY Mickey, pli\u0161ana igra\u010dka, XL"},"content":{"rendered":"<p>Novi predivni Disney pli\u0161, mekan i neodoljiv za sve generacije! <span style=\"font-weight: bold\">Super veliki Mickey veli\u010dine 60 cm<\/span> izra\u0111en od najkvalitetnijih materijala i prikladan za djecu od najranije dobi. Dob: 0+<\/p>\n","protected":false},"excerpt":{"rendered":"<p>Siguran za najmla\u0111e<br \/>\nVeli\u010dine 60 cm<br \/>\nDob: 0+ god<\/p>\n","protected":false},"featured_media":0,"template":"","meta":{"_seopress_robots_primary_cat":"","_seopress_titles_title":"","_seopress_titles_desc":"","_seopress_robots_index":"","iawp_total_views":0},"product_brand":[522],"product_cat":[221,291],"product_tag":[],"class_list":{"0":"post-41060","1":"product","2":"type-product","3":"status-publish","5":"product_brand-disney","6":"product_cat-igracke","7":"product_cat-igracke-za-djecu-221","9":"first","10":"instock","11":"shipping-taxable","12":"purchasable","13":"product-type-simple"},"_links":{"self":[{"href":"https:\/\/singuli.wpress.me\/index.php\/wp-json\/wp\/v2\/product\/41060","targetHints":{"allow":["GET"]}}],"collection":[{"href":"https:\/\/singuli.wpress.me\/index.php\/wp-json\/wp\/v2\/product"}],"about":[{"href":"https:\/\/singuli.wpress.me\/index.php\/wp-json\/wp\/v2\/types\/product"}],"version-history":[{"count":0,"href":"https:\/\/singuli.wpress.me\/index.php\/wp-json\/wp\/v2\/product\/41060\/revisions"}],"wp:attachment":[{"href":"https:\/\/singuli.wpress.me\/index.php\/wp-json\/wp\/v2\/media?parent=41060"}],"wp:term":[{"taxonomy":"product_brand","embeddable":true,"href":"https:\/\/singuli.wpress.me\/index.php\/wp-json\/wp\/v2\/product_brand?post=41060"},{"taxonomy":"product_cat","embeddable":true,"href":"https:\/\/singuli.wpress.me\/index.php\/wp-json\/wp\/v2\/product_cat?post=41060"},{"taxonomy":"product_tag","embeddable":true,"href":"https:\/\/singuli.wpress.me\/index.php\/wp-json\/wp\/v2\/product_tag?post=41060"}],"curies":[{"name":"wp","href":"https:\/\/api.w.org\/{rel}","templated":true}]}}