{"id":41062,"date":"2026-04-19T15:19:23","date_gmt":"2026-04-19T15:19:23","guid":{"rendered":"https:\/\/singuli.wpress.me\/index.php\/proizvod\/autan-family-care-suhi-sprej-protiv-uboda-komaraca-100-ml\/"},"modified":"2026-04-20T12:33:34","modified_gmt":"2026-04-20T12:33:34","slug":"autan-family-care-suhi-sprej-protiv-uboda-komaraca-100-ml","status":"publish","type":"product","link":"https:\/\/singuli.wpress.me\/index.php\/proizvod\/autan-family-care-suhi-sprej-protiv-uboda-komaraca-100-ml\/","title":{"rendered":"AUTAN Family Care, suhi sprej, protiv uboda komaraca, 100\u00a0ml"},"content":{"rendered":"<p>Autan\u00ae Family suhi sprej je repelentsko sredstvo koje je suho i lagano tako da ga se uop\u0107e ne osje\u0107a na ko\u017ei.<\/p>\n<p>Zahvaljuju\u0107i svojoj formuli stvara nepropusnu prepreku koja traje do 4 sata nakon nano\u0161enja.<\/p>\n<p>Istovremeno je u\u010dinkovit i nje\u017ean te time prikladan i pogodan za djecu iznad 2 godine.<\/p>\n<p>Nakon upotrebe ko\u017ea ostaje mirisna i nje\u017ena.<\/p>\n<p><span style=\"font-weight: bold\">Upute za uporabu: <\/span><br \/>\nDobro protresite prije uporabe.<\/p>\n<p>Raspr\u0161ite sredstvo ravnomjerno, dr\u017ee\u0107i pri tome spremnik \u0161to uspravnije, kru\u017enim pokretima u trajanju 1 sekunde s udaljenosti 15 do 20 cm po sljede\u0107im otkrivenim dijelovima tijela:<\/p>\n<p>&#8211; Odrasli: *lice, vrat, ruke, podlaktice i gornji dijelovi stopala<\/p>\n<p>&#8211; Djeca starija od 2 godine: *lice, vrat i gornji dijelovi stopala<\/p>\n<p>* Za lice: raspr\u0161ite sredstvo na dlan odrasle osobe i umjereno nanesite na lice odrasle osobe ili djeteta, izbjegavaju\u0107i o\u010di i usta.<\/p>\n","protected":false},"excerpt":{"rendered":"<p>Pru\u017ea za\u0161titu od komaraca do 4 sata<br \/>\nSuha i lagana formula<br \/>\nNakon uporabe ko\u017ea ostaje mirisna i nje\u017ena<\/p>\n","protected":false},"featured_media":0,"template":"","meta":{"_seopress_robots_primary_cat":"","_seopress_titles_title":"","_seopress_titles_desc":"","_seopress_robots_index":"","iawp_total_views":0},"product_brand":[821],"product_cat":[268,300],"product_tag":[],"class_list":{"0":"post-41062","1":"product","2":"type-product","3":"status-publish","5":"product_brand-autan","6":"product_cat-kozmetika-2","7":"product_cat-njega-kose-268","9":"first","10":"instock","11":"shipping-taxable","12":"purchasable","13":"product-type-simple"},"_links":{"self":[{"href":"https:\/\/singuli.wpress.me\/index.php\/wp-json\/wp\/v2\/product\/41062","targetHints":{"allow":["GET"]}}],"collection":[{"href":"https:\/\/singuli.wpress.me\/index.php\/wp-json\/wp\/v2\/product"}],"about":[{"href":"https:\/\/singuli.wpress.me\/index.php\/wp-json\/wp\/v2\/types\/product"}],"version-history":[{"count":0,"href":"https:\/\/singuli.wpress.me\/index.php\/wp-json\/wp\/v2\/product\/41062\/revisions"}],"wp:attachment":[{"href":"https:\/\/singuli.wpress.me\/index.php\/wp-json\/wp\/v2\/media?parent=41062"}],"wp:term":[{"taxonomy":"product_brand","embeddable":true,"href":"https:\/\/singuli.wpress.me\/index.php\/wp-json\/wp\/v2\/product_brand?post=41062"},{"taxonomy":"product_cat","embeddable":true,"href":"https:\/\/singuli.wpress.me\/index.php\/wp-json\/wp\/v2\/product_cat?post=41062"},{"taxonomy":"product_tag","embeddable":true,"href":"https:\/\/singuli.wpress.me\/index.php\/wp-json\/wp\/v2\/product_tag?post=41062"}],"curies":[{"name":"wp","href":"https:\/\/api.w.org\/{rel}","templated":true}]}}