{"id":41067,"date":"2026-04-19T15:19:24","date_gmt":"2026-04-19T15:19:24","guid":{"rendered":"https:\/\/singuli.wpress.me\/index.php\/proizvod\/borotalco-manneti-puder-za-tijelo-u-vrecici-100-g\/"},"modified":"2026-04-20T12:33:34","modified_gmt":"2026-04-20T12:33:34","slug":"borotalco-manneti-puder-za-tijelo-u-vrecici-100-g","status":"publish","type":"product","link":"https:\/\/singuli.wpress.me\/index.php\/proizvod\/borotalco-manneti-puder-za-tijelo-u-vrecici-100-g\/","title":{"rendered":"BOROTALCO Manneti, puder za tijelo, u vre\u0107ici, 100\u00a0g"},"content":{"rendered":"<p>Puder Borotalco u legendarnoj zelenoj ambala\u017ei svojim jedinstvenim mirisom prati Talijane jo\u0161 od 1904., te ostaje nezamjenjiv proizvod za njegu ko\u017ee.<\/p>\n<p>Borotalco je nje\u017ean prirodni puder karakteristi\u010dne visokokvalitetne formule. <\/p>\n<p>Idealan je vi\u0161enamjenski proizvod za njegu ko\u017ee djece i odraslih zahvaljuju\u0107i svojim upijaju\u0107im, osvje\u017eavaju\u0107im i njeguju\u0107im svojstvima. <\/p>\n<p>Budu\u0107i da omogu\u0107ava disanje ko\u017ee kroz pore, dobar je i za najosjetljiviju ko\u017eu.<\/p>\n","protected":false},"excerpt":{"rendered":"<p>Jedinstveni puder u prahu<br \/>\nSadr\u017ei mnogobrojne aktivne sastojke<br \/>\nKo\u017eu \u010dini \u010distom i mekanom<\/p>\n","protected":false},"featured_media":0,"template":"","meta":{"_seopress_robots_primary_cat":"","_seopress_titles_title":"","_seopress_titles_desc":"","_seopress_robots_index":"","iawp_total_views":0},"product_brand":[484],"product_cat":[285,268],"product_tag":[],"class_list":{"0":"post-41067","1":"product","2":"type-product","3":"status-publish","5":"product_brand-borotalco","6":"product_cat-dezodoransi-268","7":"product_cat-kozmetika-2","9":"first","10":"instock","11":"shipping-taxable","12":"purchasable","13":"product-type-simple"},"_links":{"self":[{"href":"https:\/\/singuli.wpress.me\/index.php\/wp-json\/wp\/v2\/product\/41067","targetHints":{"allow":["GET"]}}],"collection":[{"href":"https:\/\/singuli.wpress.me\/index.php\/wp-json\/wp\/v2\/product"}],"about":[{"href":"https:\/\/singuli.wpress.me\/index.php\/wp-json\/wp\/v2\/types\/product"}],"version-history":[{"count":0,"href":"https:\/\/singuli.wpress.me\/index.php\/wp-json\/wp\/v2\/product\/41067\/revisions"}],"wp:attachment":[{"href":"https:\/\/singuli.wpress.me\/index.php\/wp-json\/wp\/v2\/media?parent=41067"}],"wp:term":[{"taxonomy":"product_brand","embeddable":true,"href":"https:\/\/singuli.wpress.me\/index.php\/wp-json\/wp\/v2\/product_brand?post=41067"},{"taxonomy":"product_cat","embeddable":true,"href":"https:\/\/singuli.wpress.me\/index.php\/wp-json\/wp\/v2\/product_cat?post=41067"},{"taxonomy":"product_tag","embeddable":true,"href":"https:\/\/singuli.wpress.me\/index.php\/wp-json\/wp\/v2\/product_tag?post=41067"}],"curies":[{"name":"wp","href":"https:\/\/api.w.org\/{rel}","templated":true}]}}