{"id":41076,"date":"2026-04-19T15:19:27","date_gmt":"2026-04-19T15:19:27","guid":{"rendered":"https:\/\/singuli.wpress.me\/index.php\/proizvod\/eti-crax-stapici-sir-23x40g\/"},"modified":"2026-04-21T00:27:06","modified_gmt":"2026-04-21T00:27:06","slug":"eti-crax-stapici-sir-23x40g","status":"publish","type":"product","link":"https:\/\/singuli.wpress.me\/index.php\/proizvod\/eti-crax-stapici-sir-23x40g\/","title":{"rendered":"ETI Crax, \u0161tapi\u0107i, sir, 23x40g"},"content":{"rendered":"<p>Hrskavi \u0161tapi\u0107i s okusom sira.<\/p>\n<p>Hrskavi krekeri s velikom raznoliko\u0161\u0107u okusa i mje\u0161avinom sastojaka, koje je zabavno trgati, \u0161to dovodi do veselog iskustva jedenja. <\/p>\n<p>Dolaze\u0107i u raznim oblicima, teksturama i okusima, Crax je va\u0161 savr\u0161eni suputnik za zabavne trenutke. <\/p>\n<p>Dostupni u &quot;to-go&quot; pakiranju.<\/p>\n","protected":false},"excerpt":{"rendered":"<p>Hrskavi \u0161tapi\u0107i s okusom sira<br \/>\nRazni okusi i mje\u0161avina sastojaka<br \/>\nDostupno &#8220;to-go&#8221; pakiranje<\/p>\n","protected":false},"featured_media":0,"template":"","meta":{"_seopress_robots_primary_cat":"","_seopress_titles_title":"","_seopress_titles_desc":"","_seopress_robots_index":"","iawp_total_views":0},"product_brand":[499],"product_cat":[261,277],"product_tag":[],"class_list":{"0":"post-41076","1":"product","2":"type-product","3":"status-publish","5":"product_brand-eti","6":"product_cat-hrana-i-pice","7":"product_cat-slatkisi-i-grickalice-261","9":"first","10":"outofstock","11":"shipping-taxable","12":"purchasable","13":"product-type-simple"},"_links":{"self":[{"href":"https:\/\/singuli.wpress.me\/index.php\/wp-json\/wp\/v2\/product\/41076","targetHints":{"allow":["GET"]}}],"collection":[{"href":"https:\/\/singuli.wpress.me\/index.php\/wp-json\/wp\/v2\/product"}],"about":[{"href":"https:\/\/singuli.wpress.me\/index.php\/wp-json\/wp\/v2\/types\/product"}],"version-history":[{"count":0,"href":"https:\/\/singuli.wpress.me\/index.php\/wp-json\/wp\/v2\/product\/41076\/revisions"}],"wp:attachment":[{"href":"https:\/\/singuli.wpress.me\/index.php\/wp-json\/wp\/v2\/media?parent=41076"}],"wp:term":[{"taxonomy":"product_brand","embeddable":true,"href":"https:\/\/singuli.wpress.me\/index.php\/wp-json\/wp\/v2\/product_brand?post=41076"},{"taxonomy":"product_cat","embeddable":true,"href":"https:\/\/singuli.wpress.me\/index.php\/wp-json\/wp\/v2\/product_cat?post=41076"},{"taxonomy":"product_tag","embeddable":true,"href":"https:\/\/singuli.wpress.me\/index.php\/wp-json\/wp\/v2\/product_tag?post=41076"}],"curies":[{"name":"wp","href":"https:\/\/api.w.org\/{rel}","templated":true}]}}