{"id":41079,"date":"2026-04-19T15:19:28","date_gmt":"2026-04-19T15:19:28","guid":{"rendered":"https:\/\/singuli.wpress.me\/index.php\/proizvod\/borotalco-manneti-pure-deo-roll-on-50-ml\/"},"modified":"2026-04-21T00:27:06","modified_gmt":"2026-04-21T00:27:06","slug":"borotalco-manneti-pure-deo-roll-on-50-ml","status":"publish","type":"product","link":"https:\/\/singuli.wpress.me\/index.php\/proizvod\/borotalco-manneti-pure-deo-roll-on-50-ml\/","title":{"rendered":"BOROTALCO Manneti Pure, deo roll-on, 50\u00a0ml"},"content":{"rendered":"<p>Borotalco Pure deo roll-on donosi osvje\u017eavaju\u0107i cvjetni miris koji \u0107e vas pratiti tijekom \u010ditavog dana. <\/p>\n<p>Jedinstveni deo roll-on donosi u\u010dinkovitu 48-satnu za\u0161titu od znojenja i neugodnih mirisa. <\/p>\n<p>Bogata formula osigurava predivan cvjetni miris koji \u0107e o\u010darati va\u0161a osjetila te vam pru\u017eiti dugotrajnu svje\u017einu. <\/p>\n<p>Borotalco deo roll-on Pure ne sadr\u017ei soli aluminija i dermatolo\u0161ki je testiran.<\/p>\n","protected":false},"excerpt":{"rendered":"<p>48 sati u\u010dinkovite za\u0161tite od znojenja<br \/>\nSprje\u010dava nastajanje neugodnih mirisa<br \/>\nCvjetni miris<\/p>\n","protected":false},"featured_media":0,"template":"","meta":{"_seopress_robots_primary_cat":"","_seopress_titles_title":"","_seopress_titles_desc":"","_seopress_robots_index":"","iawp_total_views":0},"product_brand":[484],"product_cat":[285,268],"product_tag":[],"class_list":{"0":"post-41079","1":"product","2":"type-product","3":"status-publish","5":"product_brand-borotalco","6":"product_cat-dezodoransi-268","7":"product_cat-kozmetika-2","9":"first","10":"outofstock","11":"shipping-taxable","12":"purchasable","13":"product-type-simple"},"_links":{"self":[{"href":"https:\/\/singuli.wpress.me\/index.php\/wp-json\/wp\/v2\/product\/41079","targetHints":{"allow":["GET"]}}],"collection":[{"href":"https:\/\/singuli.wpress.me\/index.php\/wp-json\/wp\/v2\/product"}],"about":[{"href":"https:\/\/singuli.wpress.me\/index.php\/wp-json\/wp\/v2\/types\/product"}],"version-history":[{"count":0,"href":"https:\/\/singuli.wpress.me\/index.php\/wp-json\/wp\/v2\/product\/41079\/revisions"}],"wp:attachment":[{"href":"https:\/\/singuli.wpress.me\/index.php\/wp-json\/wp\/v2\/media?parent=41079"}],"wp:term":[{"taxonomy":"product_brand","embeddable":true,"href":"https:\/\/singuli.wpress.me\/index.php\/wp-json\/wp\/v2\/product_brand?post=41079"},{"taxonomy":"product_cat","embeddable":true,"href":"https:\/\/singuli.wpress.me\/index.php\/wp-json\/wp\/v2\/product_cat?post=41079"},{"taxonomy":"product_tag","embeddable":true,"href":"https:\/\/singuli.wpress.me\/index.php\/wp-json\/wp\/v2\/product_tag?post=41079"}],"curies":[{"name":"wp","href":"https:\/\/api.w.org\/{rel}","templated":true}]}}