{"id":41081,"date":"2026-04-19T15:19:29","date_gmt":"2026-04-19T15:19:29","guid":{"rendered":"https:\/\/singuli.wpress.me\/index.php\/proizvod\/uhu-korektura-u-bocici-20-ml\/"},"modified":"2026-04-21T00:27:06","modified_gmt":"2026-04-21T00:27:06","slug":"uhu-korektura-u-bocici-20-ml","status":"publish","type":"product","link":"https:\/\/singuli.wpress.me\/index.php\/proizvod\/uhu-korektura-u-bocici-20-ml\/","title":{"rendered":"UHU, korektura u bo\u010dici, 20\u00a0ml"},"content":{"rendered":"<p>Bijela korektura u bo\u010dici za brzo ispravljanje ve\u0107ih povr\u0161ina.<\/p>\n<p>Prikladna za otisnuti ili rukom pisani tekst na svim vrstama papira (osim termalnog papira).<\/p>\n<p>Nije prikladno za termalni papir.<\/p>\n","protected":false},"excerpt":{"rendered":"<p>Za ispravljanje ve\u0107ih povr\u0161ina<br \/>\nBrzo se su\u0161i i odli\u010dno prekriva<br \/>\nPrikladna za ve\u0107inu vrsta papira<\/p>\n","protected":false},"featured_media":0,"template":"","meta":{"_seopress_robots_primary_cat":"","_seopress_titles_title":"","_seopress_titles_desc":"","_seopress_robots_index":"","iawp_total_views":0},"product_brand":[445],"product_cat":[268,309],"product_tag":[],"class_list":{"0":"post-41081","1":"product","2":"type-product","3":"status-publish","5":"product_brand-uhu","6":"product_cat-kozmetika-2","7":"product_cat-oralna-higijena-268","9":"first","10":"instock","11":"shipping-taxable","12":"purchasable","13":"product-type-simple"},"_links":{"self":[{"href":"https:\/\/singuli.wpress.me\/index.php\/wp-json\/wp\/v2\/product\/41081","targetHints":{"allow":["GET"]}}],"collection":[{"href":"https:\/\/singuli.wpress.me\/index.php\/wp-json\/wp\/v2\/product"}],"about":[{"href":"https:\/\/singuli.wpress.me\/index.php\/wp-json\/wp\/v2\/types\/product"}],"version-history":[{"count":0,"href":"https:\/\/singuli.wpress.me\/index.php\/wp-json\/wp\/v2\/product\/41081\/revisions"}],"wp:attachment":[{"href":"https:\/\/singuli.wpress.me\/index.php\/wp-json\/wp\/v2\/media?parent=41081"}],"wp:term":[{"taxonomy":"product_brand","embeddable":true,"href":"https:\/\/singuli.wpress.me\/index.php\/wp-json\/wp\/v2\/product_brand?post=41081"},{"taxonomy":"product_cat","embeddable":true,"href":"https:\/\/singuli.wpress.me\/index.php\/wp-json\/wp\/v2\/product_cat?post=41081"},{"taxonomy":"product_tag","embeddable":true,"href":"https:\/\/singuli.wpress.me\/index.php\/wp-json\/wp\/v2\/product_tag?post=41081"}],"curies":[{"name":"wp","href":"https:\/\/api.w.org\/{rel}","templated":true}]}}