{"id":41082,"date":"2026-04-19T15:19:29","date_gmt":"2026-04-19T15:19:29","guid":{"rendered":"https:\/\/singuli.wpress.me\/index.php\/proizvod\/dr-oetker-bourbon-vanilin-secer-10-g\/"},"modified":"2026-04-20T12:33:34","modified_gmt":"2026-04-20T12:33:34","slug":"dr-oetker-bourbon-vanilin-secer-10-g","status":"publish","type":"product","link":"https:\/\/singuli.wpress.me\/index.php\/proizvod\/dr-oetker-bourbon-vanilin-secer-10-g\/","title":{"rendered":"DR. OETKER Bourbon, vanilin \u0161e\u0107er, 10\u00a0g"},"content":{"rendered":"<p>Dr. Oetker Bourbon vanilin \u0161e\u0107er daje nje\u017eni miris i fini okus prave bourbon vanilije \u0161lagovima, finim tijestima i nadjevima za kola\u010de. <\/p>\n<p>Dr. Oetker Bourbon vanilin \u0161e\u0107er proizvodi se uporabom prirodnih ekstrakata i komadi\u0107a mahune visokovrijedne bourbon vanilije. <\/p>\n<p>Ova plemenita aroma uvijek je u trendu i sla\u017ee se sa svim okusima slastica pa su mogu\u0107nosti uporabe nebrojene.\u00a0<\/p>\n<p>Skladi\u0161tenje:\u00a0\u010cuvati na hladnom i suhom mjestu.<\/p>\n","protected":false},"excerpt":{"rendered":"<p>Daje nje\u017eni miris i fini okus prave bourbon vanilije<br \/>\nProizveden od prirodnih ektrakata i komadi\u0107a mahune vanilije<br \/>\nAroma koja se sla\u017ee sa svim okusima slastica<\/p>\n","protected":false},"featured_media":0,"template":"","meta":{"_seopress_robots_primary_cat":"","_seopress_titles_title":"","_seopress_titles_desc":"","_seopress_robots_index":"","iawp_total_views":0},"product_brand":[328],"product_cat":[261,270],"product_tag":[],"class_list":{"0":"post-41082","1":"product","2":"type-product","3":"status-publish","5":"product_brand-dr-oetker","6":"product_cat-hrana-i-pice","7":"product_cat-slasticarstvo-261","9":"first","10":"outofstock","11":"shipping-taxable","12":"purchasable","13":"product-type-simple"},"_links":{"self":[{"href":"https:\/\/singuli.wpress.me\/index.php\/wp-json\/wp\/v2\/product\/41082","targetHints":{"allow":["GET"]}}],"collection":[{"href":"https:\/\/singuli.wpress.me\/index.php\/wp-json\/wp\/v2\/product"}],"about":[{"href":"https:\/\/singuli.wpress.me\/index.php\/wp-json\/wp\/v2\/types\/product"}],"version-history":[{"count":0,"href":"https:\/\/singuli.wpress.me\/index.php\/wp-json\/wp\/v2\/product\/41082\/revisions"}],"wp:attachment":[{"href":"https:\/\/singuli.wpress.me\/index.php\/wp-json\/wp\/v2\/media?parent=41082"}],"wp:term":[{"taxonomy":"product_brand","embeddable":true,"href":"https:\/\/singuli.wpress.me\/index.php\/wp-json\/wp\/v2\/product_brand?post=41082"},{"taxonomy":"product_cat","embeddable":true,"href":"https:\/\/singuli.wpress.me\/index.php\/wp-json\/wp\/v2\/product_cat?post=41082"},{"taxonomy":"product_tag","embeddable":true,"href":"https:\/\/singuli.wpress.me\/index.php\/wp-json\/wp\/v2\/product_tag?post=41082"}],"curies":[{"name":"wp","href":"https:\/\/api.w.org\/{rel}","templated":true}]}}