{"id":41085,"date":"2026-04-19T15:19:30","date_gmt":"2026-04-19T15:19:30","guid":{"rendered":"https:\/\/singuli.wpress.me\/index.php\/proizvod\/clearblue-ovulacijski-digitalni-test-10-trakica1-testni-stapic\/"},"modified":"2026-04-20T12:33:34","modified_gmt":"2026-04-20T12:33:34","slug":"clearblue-ovulacijski-digitalni-test-10-trakica1-testni-stapic","status":"publish","type":"product","link":"https:\/\/singuli.wpress.me\/index.php\/proizvod\/clearblue-ovulacijski-digitalni-test-10-trakica1-testni-stapic\/","title":{"rendered":"CLEARBLUE, Ovulacijski digitalni test, 10 trakica+1 testni \u0161tapi\u0107"},"content":{"rendered":"<p>Pouzdanost ve\u0107a od 99% u utvr\u0111ivanju va\u0161a dva najplodnija dana- uz jasne rezultate bez pogre\u0161ke. U svakom ciklusu \u017eena mo\u017ee zatrudnjeti samo tijekom nekoliko dana. <\/p>\n<p>Prema tome, ako poku\u0161avate zatrudnjeti, jako je va\u017eno tih dana imati spolne odnose. Clearblue Digital test za utvr\u0111ivanje ovulacije poma\u017ee u pove\u0107anju va\u0161ih izgleda da prirodno zatrudnite utvr\u0111uju\u0107i va\u0161a 2 najplodnija dana u svakom ciklusu, mjerenjem promjena u razini klju\u010dnog hormona plodnosti \u2013 luteiniziraju\u0107eg hormona (LH). Test je pouzdaniji od kalendarske i temperaturne metode* te vam pru\u017ea jasne rezultate bez pogre\u0161ke koji su prikazani na digitalnom zaslonu. <\/p>\n<p>Utvr\u0111ivanjem 2 dana kada su va\u0161e mogu\u0107nosti da zatrudnite najvi\u0161e, mo\u017eete biti sigurniji da poku\u0161avate u pravo vrijeme. Uz pomo\u0107 jasnog digitalnog zaslona, svoje rezultate mo\u017eete o\u010ditati jednostavnije nego ikad prije. <\/p>\n<p>Jednostavan za uporabu. Jedinstveni svjetle\u0107i simbol &#8216;\u0161tapi\u0107a za testiranje&#8217; pokazuje da digitalni test za utvr\u0111ivanje ovulacije ispravno radi.<span style=\"font-weight: bold;color: #808080\"><br \/>\n* Ellis JE., et al. Human Reproduction (2011.) 26: i76 (O-191)<\/span><\/p>\n","protected":false},"excerpt":{"rendered":"<p>Clearblue ovulacijski digitalni test<br \/>\nU pakiranju 10 testnih trakica i 1 \u010dita\u010d rezultata<br \/>\nPouzdanost pokazatelja tjedana u odre\u0111ivanju kada ste zanijeli je 93 %<\/p>\n","protected":false},"featured_media":0,"template":"","meta":{"_seopress_robots_primary_cat":"","_seopress_titles_title":"","_seopress_titles_desc":"","_seopress_robots_index":"","iawp_total_views":0},"product_brand":[753],"product_cat":[211,289],"product_tag":[],"class_list":{"0":"post-41085","1":"product","2":"type-product","3":"status-publish","5":"product_brand-clearblue","6":"product_cat-njega-majke-i-djeteta","7":"product_cat-trudnoca-i-vitamini-211","9":"first","10":"instock","11":"shipping-taxable","12":"purchasable","13":"product-type-simple"},"_links":{"self":[{"href":"https:\/\/singuli.wpress.me\/index.php\/wp-json\/wp\/v2\/product\/41085","targetHints":{"allow":["GET"]}}],"collection":[{"href":"https:\/\/singuli.wpress.me\/index.php\/wp-json\/wp\/v2\/product"}],"about":[{"href":"https:\/\/singuli.wpress.me\/index.php\/wp-json\/wp\/v2\/types\/product"}],"version-history":[{"count":0,"href":"https:\/\/singuli.wpress.me\/index.php\/wp-json\/wp\/v2\/product\/41085\/revisions"}],"wp:attachment":[{"href":"https:\/\/singuli.wpress.me\/index.php\/wp-json\/wp\/v2\/media?parent=41085"}],"wp:term":[{"taxonomy":"product_brand","embeddable":true,"href":"https:\/\/singuli.wpress.me\/index.php\/wp-json\/wp\/v2\/product_brand?post=41085"},{"taxonomy":"product_cat","embeddable":true,"href":"https:\/\/singuli.wpress.me\/index.php\/wp-json\/wp\/v2\/product_cat?post=41085"},{"taxonomy":"product_tag","embeddable":true,"href":"https:\/\/singuli.wpress.me\/index.php\/wp-json\/wp\/v2\/product_tag?post=41085"}],"curies":[{"name":"wp","href":"https:\/\/api.w.org\/{rel}","templated":true}]}}