{"id":41092,"date":"2026-04-19T15:19:33","date_gmt":"2026-04-19T15:19:33","guid":{"rendered":"https:\/\/singuli.wpress.me\/index.php\/proizvod\/miglior-mokra-hrana-za-macke-govedina-i-mrkva-u-vrecici-100-g\/"},"modified":"2026-04-20T12:33:35","modified_gmt":"2026-04-20T12:33:35","slug":"miglior-mokra-hrana-za-macke-govedina-i-mrkva-u-vrecici-100-g","status":"publish","type":"product","link":"https:\/\/singuli.wpress.me\/index.php\/proizvod\/miglior-mokra-hrana-za-macke-govedina-i-mrkva-u-vrecici-100-g\/","title":{"rendered":"MIGLIOR, mokra hrana za ma\u010dke, govedina i mrkva u vre\u0107ici, 100\u00a0g"},"content":{"rendered":"<p>Formula osmi\u0161ljena tako da jam\u010di klju\u010dne hranjive tvari potrebne za zdravlje va\u0161e ma\u010dke. Vitamin E sa antioksidativnim djelovanjem i receptom za odr\u017eavanje tonusa mi\u0161i\u0107a.<\/p>\n","protected":false},"excerpt":{"rendered":"<p>Hranjive tvari potrebne ma\u010dki<br \/>\nOdr\u017eavanje tonusa mi\u0161i\u0107a<br \/>\nProizvod \u010duvajte na hladnom i suhom mjestu. Izbjegavajte izravnu sun\u010devu svjetlost<\/p>\n","protected":false},"featured_media":0,"template":"","meta":{"_seopress_robots_primary_cat":"","_seopress_titles_title":"","_seopress_titles_desc":"","_seopress_robots_index":"","iawp_total_views":0},"product_brand":[813],"product_cat":[261,299],"product_tag":[],"class_list":{"0":"post-41092","1":"product","2":"type-product","3":"status-publish","5":"product_brand-miglior","6":"product_cat-hrana-i-pice","7":"product_cat-konzervirana-i-gotova-hrana-261","9":"first","10":"outofstock","11":"shipping-taxable","12":"purchasable","13":"product-type-simple"},"_links":{"self":[{"href":"https:\/\/singuli.wpress.me\/index.php\/wp-json\/wp\/v2\/product\/41092","targetHints":{"allow":["GET"]}}],"collection":[{"href":"https:\/\/singuli.wpress.me\/index.php\/wp-json\/wp\/v2\/product"}],"about":[{"href":"https:\/\/singuli.wpress.me\/index.php\/wp-json\/wp\/v2\/types\/product"}],"version-history":[{"count":0,"href":"https:\/\/singuli.wpress.me\/index.php\/wp-json\/wp\/v2\/product\/41092\/revisions"}],"wp:attachment":[{"href":"https:\/\/singuli.wpress.me\/index.php\/wp-json\/wp\/v2\/media?parent=41092"}],"wp:term":[{"taxonomy":"product_brand","embeddable":true,"href":"https:\/\/singuli.wpress.me\/index.php\/wp-json\/wp\/v2\/product_brand?post=41092"},{"taxonomy":"product_cat","embeddable":true,"href":"https:\/\/singuli.wpress.me\/index.php\/wp-json\/wp\/v2\/product_cat?post=41092"},{"taxonomy":"product_tag","embeddable":true,"href":"https:\/\/singuli.wpress.me\/index.php\/wp-json\/wp\/v2\/product_tag?post=41092"}],"curies":[{"name":"wp","href":"https:\/\/api.w.org\/{rel}","templated":true}]}}