{"id":41094,"date":"2026-04-19T15:19:34","date_gmt":"2026-04-19T15:19:34","guid":{"rendered":"https:\/\/singuli.wpress.me\/index.php\/proizvod\/braun-silk-expert-mini-pl1124-ipl-uredaj\/"},"modified":"2026-04-21T00:27:06","modified_gmt":"2026-04-21T00:27:06","slug":"braun-silk-expert-mini-pl1124-ipl-uredaj","status":"publish","type":"product","link":"https:\/\/singuli.wpress.me\/index.php\/proizvod\/braun-silk-expert-mini-pl1124-ipl-uredaj\/","title":{"rendered":"BRAUN Silk &#8211; expert Mini PL1124, IPL ure\u0111aj"},"content":{"rendered":"<p>Braun Silk-expert PL1124 IPL ure\u0111aj za dugotrajno vidljivo uklanjanje dla\u010dica kod ku\u0107e <\/p>\n<p>Najnovija generacija IPL ure\u0111aja za \u017eene, dugotrajno vidljivo uklanjanje dla\u010dica, bijeli, s putnom torbicom, kompaktna veli\u010dina prakti\u010dna kad ste u pokretu; jednostavno, sigurno i u\u010dinkovito rje\u0161enje!<\/p>\n<p>Istaknute zna\u010dajke:<br \/>\n\u2022 Brz, jednostavan i nje\u017ean IPL tretman za vidljivo manje dla\u010dica u samo 3 mjeseca\u00b9 u udobnosti va\u0161eg doma.<br \/>\n\u2022 Ovaj IPL ure\u0111aj za uklanjanje dla\u010dica nje\u017ean je prema ko\u017ei, \u0161to je i klini\u010dki testirano. Poseban senzor prilago\u0111ava intenzitet energije nijansi ko\u017ee.<br \/>\n\u2022 Optimalna snaga za svaki dio tijela zahvaljuju\u0107i senzoru SkinPro (SensoAdapt\u2122) s tehnologijom za neprekidno automatsko prilago\u0111avanje nijansi va\u0161e ko\u017ee, poput one koja se koristi u salonima.<br \/>\n\u2022 Kompaktan i prakti\u010dan, u mini formatu. Dolazi s putnom torbicom pa ga je lak\u0161e koristiti kad putujete ili ste u pokretu.<br \/>\n\u2022 Vitko ku\u0107i\u0161te: za udobno dr\u017eanje, bolju kontrolu i lako rukovanje.<br \/>\n\u00b9pod uvjetom da se pridr\u017eavate rasporeda tretmana; rezultati se mogu razlikovati od osobe do osobe<\/p>\n<p>Braun Silk\u00b7expert Mini<br \/>\nBrz, jednostavan i nje\u017ean IPL ure\u0111aj za dugotrajno vidljivo uklanjanje dla\u010dica\u00b9 u udobnosti va\u0161eg doma.<br \/>\n\u00b9pod uvjetom da se pridr\u017eavate rasporeda tretmana; rezultati se mogu razlikovati od osobe do osobe<\/p>\n<p>Tehnologija SkinPro (SensoAdapt\u2122)\u00b2<br \/>\nNitko od nas nema istu, ujedna\u010denu nijansu ko\u017ee na cijelom tijelu, pa senzor SkinPro (SensoAdapt\u2122) (s UV za\u0161titom) neprekidno o\u010ditava nijansu ko\u017ee i automatski prilago\u0111ava intenzitet svakog bljeska razli\u010ditim dijelovima tijela.<br \/>\n\u00b2Istu tehnologiju koriste i ure\u0111aji marke Cyden.<\/p>\n<p>Prilago\u0111ava tretman svim dijelovima tijela<br \/>\nPrecizan i temeljit na svakom dijelu tijela. Tretirajte u\u017ea podru\u010dja poput lica, pazuha ili bikini zone, kao i ve\u0107e povr\u0161ine poput bedara.<\/p>\n<p>Sna\u017eno, ali i nje\u017eno<br \/>\nNje\u017eno ali mo\u0107no dugotrajno vidljivo uklanjanje dla\u010dica u udobnosti va\u0161eg doma. Ovaj IPL ure\u0111aj neprekidno o\u010ditava nijansu va\u0161e ko\u017ee i automatski prilago\u0111ava intenzitet bljeskanja kako bi osigurao optimalnu ravnote\u017eu u\u010dinkovitosti i nje\u017enosti.<\/p>\n<p>Vidljivi rezultati za 3 mjeseca<br \/>\nKlini\u010dki dokazano smanjuje broj vidljivih dla\u010dica za samo 3 mjeseca. Mo\u0107 koju pru\u017ea IPL.<\/p>\n<p>Doznajte je li IPL tehnologija prikladna za vas<br \/>\nIPL tehnologija je naju\u010dinkovitija na svijetlim do srednje tamnim nijansama ko\u017ee s dla\u010dicama u rasponu od prirodno svijetlih do tamnosme\u0111ih ili crnih. Me\u0111utim, nije u\u010dinkovita na izuzetno svijetlim, crvenim, sivim ili bijelim dla\u010dicama \u010dija manja koli\u010dina melanina ne upija svjetlosnu energiju.<\/p>\n<p>3 razine intenziteta<br \/>\nOvaj IPL ure\u0111aj ima 3 razine intenziteta koje \u0107e se pobrinuti da intenzitet svjetlosti bude prikladan za va\u0161u nijansu ko\u017ee. To vam pru\u017ea savr\u0161enu ravnote\u017eu za dugotrajne rezultate u udobnosti va\u0161eg doma.  <\/p>\n<p>Bljeska svakih 0,6 sekundi<br \/>\nOvaj IPL ure\u0111aj neprekidno osloba\u0111a bljeskove u brzom ritmu za lako klizanje po ko\u017ei i manje propu\u0161tenih mjesta. Na\u010din rada zvan \u201eklizanje\u201c preporu\u010duje se za tretman ve\u0107ih povr\u0161ina poput nogu.<\/p>\n<p>Pouzdana snaga eliminiranja dla\u010dica<br \/>\nIPL ure\u0111aj s do 300.000 bljesaka osigurava oko 16 godina uklanjanja dla\u010dica s tijela i lica, bez potrebe za zamjenom lampe.<\/p>\n<p>Kompaktan i lagan dizajn<br \/>\nVitko ku\u0107i\u0161te osmi\u0161ljeno je za lako rukovanje jer savr\u0161eno sjedi u ruci. Spremite ure\u0111aj u njegovu putnu torbicu i ponesite ga sa sobom kako biste ga mogli koristiti bilo kad i bilo gdje.<\/p>\n<p>Opis proizvoda:<br \/>\nSilk\u00b7expert Mini je brz, jednostavan i nje\u017ean IPL ure\u0111aj za uklanjanje dla\u010dica kod \u017eena. Za vidljivo manje dla\u010dica u samo 3 mjeseca. Zahvaljuju\u0107i tehnologiji SkinPro (SensoAdapt\u2122), automatski se i kontinuirano prilago\u0111ava nijansi va\u0161e ko\u017ee kako bi osigurao optimalnu ravnote\u017eu izme\u0111u brzih rezultata i nje\u017enosti prema ko\u017ei, za dugotrajno vidljivo uklanjanje dla\u010dica u udobnosti va\u0161eg doma. Nema kompliciranih postavki, lako se koristi. Kompaktan dizajn za lako rukovanje. Putna torbica \u010dini ga prakti\u010dnim i kad ste u pokretu.<\/p>\n<p>Sadr\u017eaj pakiranja:<br \/>\n1x Silk\u00b7expert Mini<br \/>\n1x siva putna torbica<br \/>\n1x brija\u010d Venus<\/p>\n","protected":false},"excerpt":{"rendered":"<p>Ure\u0111aj za dugotrajno vidljivo uklanjanje dla\u010dica kod ku\u0107e<br \/>\nNajnovija generacija IPL ure\u0111aja za \u017eene<br \/>\nTehnologija SkinPro (SensoAdapt\u2122), automatski se i kontinuirano prilago\u0111ava nijansi va\u0161e ko\u017ee<\/p>\n","protected":false},"featured_media":0,"template":"","meta":{"_seopress_robots_primary_cat":"","_seopress_titles_title":"","_seopress_titles_desc":"","_seopress_robots_index":"","iawp_total_views":0},"product_brand":[144],"product_cat":[192,282,281],"product_tag":[],"class_list":{"0":"post-41094","1":"product","2":"type-product","3":"status-publish","5":"product_brand-braun","6":"product_cat-aparati-za-osobnu-njegu","7":"product_cat-aparati-za-zene-281","8":"product_cat-epilatori-i-ipl-192","10":"first","11":"outofstock","12":"shipping-taxable","13":"purchasable","14":"product-type-simple"},"_links":{"self":[{"href":"https:\/\/singuli.wpress.me\/index.php\/wp-json\/wp\/v2\/product\/41094","targetHints":{"allow":["GET"]}}],"collection":[{"href":"https:\/\/singuli.wpress.me\/index.php\/wp-json\/wp\/v2\/product"}],"about":[{"href":"https:\/\/singuli.wpress.me\/index.php\/wp-json\/wp\/v2\/types\/product"}],"version-history":[{"count":0,"href":"https:\/\/singuli.wpress.me\/index.php\/wp-json\/wp\/v2\/product\/41094\/revisions"}],"wp:attachment":[{"href":"https:\/\/singuli.wpress.me\/index.php\/wp-json\/wp\/v2\/media?parent=41094"}],"wp:term":[{"taxonomy":"product_brand","embeddable":true,"href":"https:\/\/singuli.wpress.me\/index.php\/wp-json\/wp\/v2\/product_brand?post=41094"},{"taxonomy":"product_cat","embeddable":true,"href":"https:\/\/singuli.wpress.me\/index.php\/wp-json\/wp\/v2\/product_cat?post=41094"},{"taxonomy":"product_tag","embeddable":true,"href":"https:\/\/singuli.wpress.me\/index.php\/wp-json\/wp\/v2\/product_tag?post=41094"}],"curies":[{"name":"wp","href":"https:\/\/api.w.org\/{rel}","templated":true}]}}