{"id":41099,"date":"2026-04-19T15:19:36","date_gmt":"2026-04-19T15:19:36","guid":{"rendered":"https:\/\/singuli.wpress.me\/index.php\/proizvod\/twistshake-stolcic-pastel-sivi\/"},"modified":"2026-04-20T12:33:35","modified_gmt":"2026-04-20T12:33:35","slug":"twistshake-stolcic-pastel-sivi","status":"publish","type":"product","link":"https:\/\/singuli.wpress.me\/index.php\/proizvod\/twistshake-stolcic-pastel-sivi\/","title":{"rendered":"TWISTSHAKE, stol\u010di\u0107, pastel sivi"},"content":{"rendered":"<p>Ovaj stabilan, neklizaju\u0107i stol\u010di\u0107 savr\u0161en je da se djeca pridru\u017ee odraslima i u\u010de. Ako va\u0161e dijete jo\u0161 ne mo\u017ee dosegnuti sudoper ili toaletnu dasku, tada je stolac marke Twistshake rje\u0161enje za vas. Ovaj je stolac od pomo\u0107i va\u0161em djetetu pri dosezanju vi\u0161ih mjesta na siguran na\u010din.<\/p>\n<p>Stol\u010di\u0107 ima protukliznu za\u0161titu na vrhu pa je rizik od posklizavanja manji.<\/p>\n<p>Stoji stabilno jer ima protukliznu za\u0161titu s donje strane. Lako se odr\u017eava i ne sadr\u017ei BPA.<\/p>\n","protected":false},"excerpt":{"rendered":"<p>Stabilan<br \/>\nProtuklizna  za\u0161tita<br \/>\nNe sadr\u017ei BPA<\/p>\n","protected":false},"featured_media":0,"template":"","meta":{"_seopress_robots_primary_cat":"","_seopress_titles_title":"","_seopress_titles_desc":"","_seopress_robots_index":"","iawp_total_views":0},"product_brand":[433],"product_cat":[274,238],"product_tag":[],"class_list":{"0":"post-41099","1":"product","2":"type-product","3":"status-publish","5":"product_brand-twistshake","6":"product_cat-kucanski-pribor-238","7":"product_cat-sve-za-dom","9":"first","10":"instock","11":"shipping-taxable","12":"purchasable","13":"product-type-simple"},"_links":{"self":[{"href":"https:\/\/singuli.wpress.me\/index.php\/wp-json\/wp\/v2\/product\/41099","targetHints":{"allow":["GET"]}}],"collection":[{"href":"https:\/\/singuli.wpress.me\/index.php\/wp-json\/wp\/v2\/product"}],"about":[{"href":"https:\/\/singuli.wpress.me\/index.php\/wp-json\/wp\/v2\/types\/product"}],"version-history":[{"count":0,"href":"https:\/\/singuli.wpress.me\/index.php\/wp-json\/wp\/v2\/product\/41099\/revisions"}],"wp:attachment":[{"href":"https:\/\/singuli.wpress.me\/index.php\/wp-json\/wp\/v2\/media?parent=41099"}],"wp:term":[{"taxonomy":"product_brand","embeddable":true,"href":"https:\/\/singuli.wpress.me\/index.php\/wp-json\/wp\/v2\/product_brand?post=41099"},{"taxonomy":"product_cat","embeddable":true,"href":"https:\/\/singuli.wpress.me\/index.php\/wp-json\/wp\/v2\/product_cat?post=41099"},{"taxonomy":"product_tag","embeddable":true,"href":"https:\/\/singuli.wpress.me\/index.php\/wp-json\/wp\/v2\/product_tag?post=41099"}],"curies":[{"name":"wp","href":"https:\/\/api.w.org\/{rel}","templated":true}]}}