{"id":41103,"date":"2026-04-19T15:19:37","date_gmt":"2026-04-19T15:19:37","guid":{"rendered":"https:\/\/singuli.wpress.me\/index.php\/proizvod\/bison-grizzly-tape-traka-10m\/"},"modified":"2026-04-20T12:33:35","modified_gmt":"2026-04-20T12:33:35","slug":"bison-grizzly-tape-traka-10m","status":"publish","type":"product","link":"https:\/\/singuli.wpress.me\/index.php\/proizvod\/bison-grizzly-tape-traka-10m\/","title":{"rendered":"BISON Grizzly Tape, traka, 10m"},"content":{"rendered":"<p>Zastra\u0161uju\u0107e sna\u017ena, iznimno trajna PE ekstrudirana traka otporna na vremenske prilike.<\/p>\n<p>Prikladna za vodootporno popravljanje, u\u010dvr\u0161\u0107ivanje, ja\u010danje i spajanje svih vrsta unutarnjih i vanjskih zadataka, u svim vremenskim prilikama. Iznimno izdr\u017eljiva, osobito u vanjskim primjenama.<\/p>\n","protected":false},"excerpt":{"rendered":"<p>Visoka rastezna \u010dvrsto\u0107a<br \/>\nOtporna na vremenske prilike, temperaturu i UV zra\u010denje<br \/>\nVodootporna<\/p>\n","protected":false},"featured_media":0,"template":"","meta":{"_seopress_robots_primary_cat":"","_seopress_titles_title":"","_seopress_titles_desc":"","_seopress_robots_index":"","iawp_total_views":0},"product_brand":[494],"product_cat":[264,238],"product_tag":[],"class_list":{"0":"post-41103","1":"product","2":"type-product","3":"status-publish","5":"product_brand-bison","6":"product_cat-ljepila-i-brtvila-238","7":"product_cat-sve-za-dom","9":"first","10":"instock","11":"shipping-taxable","12":"purchasable","13":"product-type-simple"},"_links":{"self":[{"href":"https:\/\/singuli.wpress.me\/index.php\/wp-json\/wp\/v2\/product\/41103","targetHints":{"allow":["GET"]}}],"collection":[{"href":"https:\/\/singuli.wpress.me\/index.php\/wp-json\/wp\/v2\/product"}],"about":[{"href":"https:\/\/singuli.wpress.me\/index.php\/wp-json\/wp\/v2\/types\/product"}],"version-history":[{"count":0,"href":"https:\/\/singuli.wpress.me\/index.php\/wp-json\/wp\/v2\/product\/41103\/revisions"}],"wp:attachment":[{"href":"https:\/\/singuli.wpress.me\/index.php\/wp-json\/wp\/v2\/media?parent=41103"}],"wp:term":[{"taxonomy":"product_brand","embeddable":true,"href":"https:\/\/singuli.wpress.me\/index.php\/wp-json\/wp\/v2\/product_brand?post=41103"},{"taxonomy":"product_cat","embeddable":true,"href":"https:\/\/singuli.wpress.me\/index.php\/wp-json\/wp\/v2\/product_cat?post=41103"},{"taxonomy":"product_tag","embeddable":true,"href":"https:\/\/singuli.wpress.me\/index.php\/wp-json\/wp\/v2\/product_tag?post=41103"}],"curies":[{"name":"wp","href":"https:\/\/api.w.org\/{rel}","templated":true}]}}