{"id":41104,"date":"2026-04-19T15:19:38","date_gmt":"2026-04-19T15:19:38","guid":{"rendered":"https:\/\/singuli.wpress.me\/index.php\/proizvod\/helix-ultra-a5-b5-0w30-motorno-ulje-za-osobna-vozila-209-l\/"},"modified":"2026-04-20T12:33:35","modified_gmt":"2026-04-20T12:33:35","slug":"helix-ultra-a5-b5-0w30-motorno-ulje-za-osobna-vozila-209-l","status":"publish","type":"product","link":"https:\/\/singuli.wpress.me\/index.php\/proizvod\/helix-ultra-a5-b5-0w30-motorno-ulje-za-osobna-vozila-209-l\/","title":{"rendered":"HELIX ULTRA A5 B5 0W30, motorno ulje za osobna vozila, 209\u00a0l"},"content":{"rendered":"<p>Potpuno sinteti\u010dko motorno ulje koje osigurava izvanrednu \u010disto\u0107u motora visokih performansi pru\u017ea maksimalnu u\u010dinkovitost i pri tome za\u0161tite od naslaga i tro\u0161enja. <\/p>\n<p>Poma\u017ee samnjiti trenje dijelova motora kako bi se osigurala smanjena potro\u0161nja goriva i do 3%. <\/p>\n<p>Prilago\u0111eno za benzinske, dizel, biodizel i motore na plin, prikladno i za motore na biodizel i benzin\/ethanol smjesu.<\/p>\n<p><span style=\"font-weight: bold\">Specifikacija<\/span>: API SL, ACEA A5\/B5<\/p>\n","protected":false},"excerpt":{"rendered":"<p>Formulirano na bazi Shell PurePlus tehnologije<br \/>\nPoma\u017ee smanjiti trenje motora<br \/>\nSpecifikacija u opisu<\/p>\n","protected":false},"featured_media":0,"template":"","meta":{"_seopress_robots_primary_cat":"","_seopress_titles_title":"","_seopress_titles_desc":"","_seopress_robots_index":"","iawp_total_views":0},"product_brand":[398],"product_cat":[243,272],"product_tag":[],"class_list":{"0":"post-41104","1":"product","2":"type-product","3":"status-publish","5":"product_brand-helix","6":"product_cat-automobili-i-motori","7":"product_cat-motorna-ulja-243","9":"first","10":"outofstock","11":"shipping-taxable","12":"purchasable","13":"product-type-simple"},"_links":{"self":[{"href":"https:\/\/singuli.wpress.me\/index.php\/wp-json\/wp\/v2\/product\/41104","targetHints":{"allow":["GET"]}}],"collection":[{"href":"https:\/\/singuli.wpress.me\/index.php\/wp-json\/wp\/v2\/product"}],"about":[{"href":"https:\/\/singuli.wpress.me\/index.php\/wp-json\/wp\/v2\/types\/product"}],"version-history":[{"count":0,"href":"https:\/\/singuli.wpress.me\/index.php\/wp-json\/wp\/v2\/product\/41104\/revisions"}],"wp:attachment":[{"href":"https:\/\/singuli.wpress.me\/index.php\/wp-json\/wp\/v2\/media?parent=41104"}],"wp:term":[{"taxonomy":"product_brand","embeddable":true,"href":"https:\/\/singuli.wpress.me\/index.php\/wp-json\/wp\/v2\/product_brand?post=41104"},{"taxonomy":"product_cat","embeddable":true,"href":"https:\/\/singuli.wpress.me\/index.php\/wp-json\/wp\/v2\/product_cat?post=41104"},{"taxonomy":"product_tag","embeddable":true,"href":"https:\/\/singuli.wpress.me\/index.php\/wp-json\/wp\/v2\/product_tag?post=41104"}],"curies":[{"name":"wp","href":"https:\/\/api.w.org\/{rel}","templated":true}]}}