{"id":41106,"date":"2026-04-19T15:19:38","date_gmt":"2026-04-19T15:19:38","guid":{"rendered":"https:\/\/singuli.wpress.me\/index.php\/proizvod\/lavazza-cappucino-tanjuric-6-kom\/"},"modified":"2026-04-21T00:27:06","modified_gmt":"2026-04-21T00:27:06","slug":"lavazza-cappucino-tanjuric-6-kom","status":"publish","type":"product","link":"https:\/\/singuli.wpress.me\/index.php\/proizvod\/lavazza-cappucino-tanjuric-6-kom\/","title":{"rendered":"LAVAZZA Cappucino, tanjuri\u0107, 6\u00a0kom"},"content":{"rendered":"<p>Pripadaju\u0107i tanjuri\u0107 namijenjen je za <b>LAVAZZA \u0161alicu za cappuccino<\/b>. Idealan je za poslu\u017eivanje cappuccina, slu\u017ee\u0107i kao stabilna podloga za \u0161alicu i mjesto za \u017eli\u010dicu. Pakiranje sadr\u017ei <b>6 komada<\/b>.<\/p>\n","protected":false},"excerpt":{"rendered":"<p>Dizajniran za LAVAZZA \u0161alicu za cappuccino<br \/>\nSet od 6 tanjuri\u0107a<br \/>\nStabilna i prakti\u010dna podloga za poslu\u017eivanje<\/p>\n","protected":false},"featured_media":0,"template":"","meta":{"_seopress_robots_primary_cat":"","_seopress_titles_title":"","_seopress_titles_desc":"","_seopress_robots_index":"","iawp_total_views":0},"product_brand":[393],"product_cat":[274,238],"product_tag":[],"class_list":{"0":"post-41106","1":"product","2":"type-product","3":"status-publish","5":"product_brand-lavazza","6":"product_cat-kucanski-pribor-238","7":"product_cat-sve-za-dom","9":"first","10":"instock","11":"shipping-taxable","12":"purchasable","13":"product-type-simple"},"_links":{"self":[{"href":"https:\/\/singuli.wpress.me\/index.php\/wp-json\/wp\/v2\/product\/41106","targetHints":{"allow":["GET"]}}],"collection":[{"href":"https:\/\/singuli.wpress.me\/index.php\/wp-json\/wp\/v2\/product"}],"about":[{"href":"https:\/\/singuli.wpress.me\/index.php\/wp-json\/wp\/v2\/types\/product"}],"version-history":[{"count":0,"href":"https:\/\/singuli.wpress.me\/index.php\/wp-json\/wp\/v2\/product\/41106\/revisions"}],"wp:attachment":[{"href":"https:\/\/singuli.wpress.me\/index.php\/wp-json\/wp\/v2\/media?parent=41106"}],"wp:term":[{"taxonomy":"product_brand","embeddable":true,"href":"https:\/\/singuli.wpress.me\/index.php\/wp-json\/wp\/v2\/product_brand?post=41106"},{"taxonomy":"product_cat","embeddable":true,"href":"https:\/\/singuli.wpress.me\/index.php\/wp-json\/wp\/v2\/product_cat?post=41106"},{"taxonomy":"product_tag","embeddable":true,"href":"https:\/\/singuli.wpress.me\/index.php\/wp-json\/wp\/v2\/product_tag?post=41106"}],"curies":[{"name":"wp","href":"https:\/\/api.w.org\/{rel}","templated":true}]}}