{"id":41107,"date":"2026-04-19T15:19:38","date_gmt":"2026-04-19T15:19:38","guid":{"rendered":"https:\/\/singuli.wpress.me\/index.php\/proizvod\/braun-series-3-3020-brijaci-aparat-crni\/"},"modified":"2026-04-20T12:33:35","modified_gmt":"2026-04-20T12:33:35","slug":"braun-series-3-3020-brijaci-aparat-crni","status":"publish","type":"product","link":"https:\/\/singuli.wpress.me\/index.php\/proizvod\/braun-series-3-3020-brijaci-aparat-crni\/","title":{"rendered":"BRAUN Series 3 3020, brija\u0107i aparat, crni"},"content":{"rendered":"<p>Brija\u010d Braun Series 3 3020 elektri\u010dni brija\u010d<br \/>\n&#8211; Za br\u017ee brijanje, MicroComb usmjerava vi\u0161e dla\u010dica na rezne dijelove<br \/>\n&#8211; Trostupanjski sustav podrezivanja: tri neovisno pokretna rezna dijela koja se prilago\u0111avaju linijama lica<br \/>\n&#8211; 100% vodootporan za jednostavno \u010di\u0161\u0107enje<br \/>\n&#8211; 1 sat punjenja za cijeli tjedan elektri\u010dnog brijanja<\/p>\n","protected":false},"excerpt":{"rendered":"<p>Trostupanjski sustav podrezivanja.<br \/>\nMicroComb za br\u017ee brijanje s usmjeravanjem dla\u010dica.<br \/>\nTrimer za duge dlake za precizno oblikovanje brkova i zalisaka.<\/p>\n","protected":false},"featured_media":0,"template":"","meta":{"_seopress_robots_primary_cat":"","_seopress_titles_title":"","_seopress_titles_desc":"","_seopress_robots_index":"","iawp_total_views":0},"product_brand":[144],"product_cat":[280,192,279],"product_tag":[],"class_list":{"0":"post-41107","1":"product","2":"type-product","3":"status-publish","5":"product_brand-braun","6":"product_cat-aparati-za-muskarce-279","7":"product_cat-aparati-za-osobnu-njegu","8":"product_cat-brijanje-i-sisanje-192","10":"first","11":"outofstock","12":"shipping-taxable","13":"purchasable","14":"product-type-simple"},"_links":{"self":[{"href":"https:\/\/singuli.wpress.me\/index.php\/wp-json\/wp\/v2\/product\/41107","targetHints":{"allow":["GET"]}}],"collection":[{"href":"https:\/\/singuli.wpress.me\/index.php\/wp-json\/wp\/v2\/product"}],"about":[{"href":"https:\/\/singuli.wpress.me\/index.php\/wp-json\/wp\/v2\/types\/product"}],"version-history":[{"count":0,"href":"https:\/\/singuli.wpress.me\/index.php\/wp-json\/wp\/v2\/product\/41107\/revisions"}],"wp:attachment":[{"href":"https:\/\/singuli.wpress.me\/index.php\/wp-json\/wp\/v2\/media?parent=41107"}],"wp:term":[{"taxonomy":"product_brand","embeddable":true,"href":"https:\/\/singuli.wpress.me\/index.php\/wp-json\/wp\/v2\/product_brand?post=41107"},{"taxonomy":"product_cat","embeddable":true,"href":"https:\/\/singuli.wpress.me\/index.php\/wp-json\/wp\/v2\/product_cat?post=41107"},{"taxonomy":"product_tag","embeddable":true,"href":"https:\/\/singuli.wpress.me\/index.php\/wp-json\/wp\/v2\/product_tag?post=41107"}],"curies":[{"name":"wp","href":"https:\/\/api.w.org\/{rel}","templated":true}]}}