{"id":41116,"date":"2026-04-19T15:19:42","date_gmt":"2026-04-19T15:19:42","guid":{"rendered":"https:\/\/singuli.wpress.me\/index.php\/proizvod\/braun-power-case-futrola-za-punjenje\/"},"modified":"2026-04-20T12:33:35","modified_gmt":"2026-04-20T12:33:35","slug":"braun-power-case-futrola-za-punjenje","status":"publish","type":"product","link":"https:\/\/singuli.wpress.me\/index.php\/proizvod\/braun-power-case-futrola-za-punjenje\/","title":{"rendered":"BRAUN Power Case, futrola za punjenje"},"content":{"rendered":"<p><span style=\"font-weight: bold;color: #4472C4\">Braun PowerCase<\/span><span style=\"color: #4472C4\"> je mobilna torbica za punjenje aparata za brijanje. <\/p>\n<p>Kompatibilna s elektri\u010dnim brija\u010dima serije 9 i serije 8 Braun.<\/p>\n<p>&#8211; Braun PowerCase:- Be\u017ei\u010dni i punjivi aparat za brijanje<br \/>\n&#8211; 45 minuta be\u017ei\u010dnog rada<br \/>\n&#8211; Zamjenska o\u0161trica za brijanje i folija za brijanje s izuzetno uskim rezom<br \/>\n&#8211; Punjenje 8h<br \/>\n&#8211; \u0160irina o\u0161trice 17mm<br \/>\n&#8211; Minimalna duljina o\u0161trice 0,4mm<br \/>\n&#8211; Energija \/ snaga \/ frekvencija: 220-230 V\/3 W\/50-60 Hz. Prva kutija za punjenje mobilnog brija\u010da na svijetu.<br \/>\n&#8211; Do 90 minuta brijanja bez ponovnog punjenja: PowerCase ku\u0107i\u0161te vam daje dodatnih 50% vremena rada, \u0161to omogu\u0107uje ugra\u0111ena sna\u017ena Li-ion baterija.<br \/>\n&#8211; \u0160titi va\u0161 aparat za brijanje: PowerCase je izra\u0111en od prvoklasnih materijala. Dizajniran je za potpunu za\u0161titu od udaraca, ogrebotina, prolivenih teku\u0107ina i pra\u0161ine.<br \/>\n&#8211; Potpuno kompatibilan s mu\u0161kim elektri\u010dnim brija\u010dima Braun serije 9 i serije 8.<\/span><\/p>\n","protected":false},"excerpt":{"rendered":"<p>Kompatibilan s elektri\u010dnim aparatima za brijanje Braun serije 9 i serije 8.<br \/>\nSna\u017ena litij-ionska baterija<br \/>\nPru\u017ea do \u0161est tjedana brijanja<\/p>\n","protected":false},"featured_media":0,"template":"","meta":{"_seopress_robots_primary_cat":"","_seopress_titles_title":"","_seopress_titles_desc":"","_seopress_robots_index":"","iawp_total_views":0},"product_brand":[144],"product_cat":[280,192,279],"product_tag":[],"class_list":{"0":"post-41116","1":"product","2":"type-product","3":"status-publish","5":"product_brand-braun","6":"product_cat-aparati-za-muskarce-279","7":"product_cat-aparati-za-osobnu-njegu","8":"product_cat-brijanje-i-sisanje-192","10":"first","11":"instock","12":"shipping-taxable","13":"purchasable","14":"product-type-simple"},"_links":{"self":[{"href":"https:\/\/singuli.wpress.me\/index.php\/wp-json\/wp\/v2\/product\/41116","targetHints":{"allow":["GET"]}}],"collection":[{"href":"https:\/\/singuli.wpress.me\/index.php\/wp-json\/wp\/v2\/product"}],"about":[{"href":"https:\/\/singuli.wpress.me\/index.php\/wp-json\/wp\/v2\/types\/product"}],"version-history":[{"count":0,"href":"https:\/\/singuli.wpress.me\/index.php\/wp-json\/wp\/v2\/product\/41116\/revisions"}],"wp:attachment":[{"href":"https:\/\/singuli.wpress.me\/index.php\/wp-json\/wp\/v2\/media?parent=41116"}],"wp:term":[{"taxonomy":"product_brand","embeddable":true,"href":"https:\/\/singuli.wpress.me\/index.php\/wp-json\/wp\/v2\/product_brand?post=41116"},{"taxonomy":"product_cat","embeddable":true,"href":"https:\/\/singuli.wpress.me\/index.php\/wp-json\/wp\/v2\/product_cat?post=41116"},{"taxonomy":"product_tag","embeddable":true,"href":"https:\/\/singuli.wpress.me\/index.php\/wp-json\/wp\/v2\/product_tag?post=41116"}],"curies":[{"name":"wp","href":"https:\/\/api.w.org\/{rel}","templated":true}]}}