{"id":41118,"date":"2026-04-19T15:19:44","date_gmt":"2026-04-19T15:19:44","guid":{"rendered":"https:\/\/singuli.wpress.me\/index.php\/proizvod\/shell-brake-and-clutch-fl-dot4-esl-kociona-tekucina-12x0-5l-6-l\/"},"modified":"2026-04-20T12:33:35","modified_gmt":"2026-04-20T12:33:35","slug":"shell-brake-and-clutch-fl-dot4-esl-kociona-tekucina-12x0-5l-6-l","status":"publish","type":"product","link":"https:\/\/singuli.wpress.me\/index.php\/proizvod\/shell-brake-and-clutch-fl-dot4-esl-kociona-tekucina-12x0-5l-6-l\/","title":{"rendered":"SHELL Brake and Clutch FL. DOT4 ESL, ko\u010diona teku\u0107ina, 12&#215;0.5l, 6\u00a0l"},"content":{"rendered":"<p>Visokokvalitetna, tehnolo\u0161ki napredna ko\u010diona teku\u0107ina DOT4 ESL niske viskoznosti. Pru\u017ea dug radni vijek i vrlo dobra svojstva pri niskim temperaturama, posebno pogodan za sustave s ABS-om i dinami\u010dkom kontrolom stabilnosti (DSC). Pru\u017ea izvrsnu za\u0161titu od korozije. Minimalno mokro vreli\u0161te = 170\u00b0C.<\/p>\n","protected":false},"excerpt":{"rendered":"<p>Visokokvalitetna, tehnolo\u0161ki napredna ko\u010diona teku\u0107ina DOT4 ESL  niske viskoznosti<br \/>\nPogodan za sustave s ABS-om i dinami\u010dkom kontrolom  stabilnosti<br \/>\nIzvrsna za\u0161titu od korozije<\/p>\n","protected":false},"featured_media":0,"template":"","meta":{"_seopress_robots_primary_cat":"","_seopress_titles_title":"","_seopress_titles_desc":"","_seopress_robots_index":"","iawp_total_views":0},"product_brand":[326],"product_cat":[243,276],"product_tag":[],"class_list":{"0":"post-41118","1":"product","2":"type-product","3":"status-publish","5":"product_brand-shell","6":"product_cat-automobili-i-motori","7":"product_cat-industrijska-i-specijalna-ulja-243","9":"first","10":"instock","11":"shipping-taxable","12":"purchasable","13":"product-type-simple"},"_links":{"self":[{"href":"https:\/\/singuli.wpress.me\/index.php\/wp-json\/wp\/v2\/product\/41118","targetHints":{"allow":["GET"]}}],"collection":[{"href":"https:\/\/singuli.wpress.me\/index.php\/wp-json\/wp\/v2\/product"}],"about":[{"href":"https:\/\/singuli.wpress.me\/index.php\/wp-json\/wp\/v2\/types\/product"}],"version-history":[{"count":0,"href":"https:\/\/singuli.wpress.me\/index.php\/wp-json\/wp\/v2\/product\/41118\/revisions"}],"wp:attachment":[{"href":"https:\/\/singuli.wpress.me\/index.php\/wp-json\/wp\/v2\/media?parent=41118"}],"wp:term":[{"taxonomy":"product_brand","embeddable":true,"href":"https:\/\/singuli.wpress.me\/index.php\/wp-json\/wp\/v2\/product_brand?post=41118"},{"taxonomy":"product_cat","embeddable":true,"href":"https:\/\/singuli.wpress.me\/index.php\/wp-json\/wp\/v2\/product_cat?post=41118"},{"taxonomy":"product_tag","embeddable":true,"href":"https:\/\/singuli.wpress.me\/index.php\/wp-json\/wp\/v2\/product_tag?post=41118"}],"curies":[{"name":"wp","href":"https:\/\/api.w.org\/{rel}","templated":true}]}}