{"id":41123,"date":"2026-04-19T15:19:45","date_gmt":"2026-04-19T15:19:45","guid":{"rendered":"https:\/\/singuli.wpress.me\/index.php\/proizvod\/make-it-real-kreativni-set-deluxe-set-za-makeover-jednorog\/"},"modified":"2026-04-20T12:33:35","modified_gmt":"2026-04-20T12:33:35","slug":"make-it-real-kreativni-set-deluxe-set-za-makeover-jednorog","status":"publish","type":"product","link":"https:\/\/singuli.wpress.me\/index.php\/proizvod\/make-it-real-kreativni-set-deluxe-set-za-makeover-jednorog\/","title":{"rendered":"MAKE IT REAL, kreativni set, Deluxe set za makeover Jednorog"},"content":{"rendered":"<p>Pretvori svoj svijet kreativnosti u stvarnost i stvori svoj magi\u010dni \u201eLOOK\u201c &#8211; otklju\u010daj magiju dotjerivanja uz ovaj set opremljen svime \u0161to ti je potrebno za &quot;makeover&quot; kao iz bajke! <\/p>\n<p>SADR\u017dAJ: 12 dijelova: kist za sjenilo u obliku jednorogovog roga, 6 boja sjenila, rumenilo, 2 mini kozmeti\u010dke \u010detkice, sjajilo za usta, 2 boje krede za kosu, spu\u017evica, list sa tetova\u017eama, nakit za tijelo, lak za nokte, naljepnice za nokte, ra\u0161pica, upute.<\/p>\n<p>Preporu\u010dena dob: 8+<\/p>\n","protected":false},"excerpt":{"rendered":"<p>Kreativan set<br \/>\nSadr\u017ei vi\u0161e komponenti<br \/>\nDob: 8+god<\/p>\n","protected":false},"featured_media":0,"template":"","meta":{"_seopress_robots_primary_cat":"","_seopress_titles_title":"","_seopress_titles_desc":"","_seopress_robots_index":"","iawp_total_views":0},"product_brand":[441],"product_cat":[221,291],"product_tag":[],"class_list":{"0":"post-41123","1":"product","2":"type-product","3":"status-publish","5":"product_brand-make-it-real","6":"product_cat-igracke","7":"product_cat-igracke-za-djecu-221","9":"first","10":"outofstock","11":"shipping-taxable","12":"purchasable","13":"product-type-simple"},"_links":{"self":[{"href":"https:\/\/singuli.wpress.me\/index.php\/wp-json\/wp\/v2\/product\/41123","targetHints":{"allow":["GET"]}}],"collection":[{"href":"https:\/\/singuli.wpress.me\/index.php\/wp-json\/wp\/v2\/product"}],"about":[{"href":"https:\/\/singuli.wpress.me\/index.php\/wp-json\/wp\/v2\/types\/product"}],"version-history":[{"count":0,"href":"https:\/\/singuli.wpress.me\/index.php\/wp-json\/wp\/v2\/product\/41123\/revisions"}],"wp:attachment":[{"href":"https:\/\/singuli.wpress.me\/index.php\/wp-json\/wp\/v2\/media?parent=41123"}],"wp:term":[{"taxonomy":"product_brand","embeddable":true,"href":"https:\/\/singuli.wpress.me\/index.php\/wp-json\/wp\/v2\/product_brand?post=41123"},{"taxonomy":"product_cat","embeddable":true,"href":"https:\/\/singuli.wpress.me\/index.php\/wp-json\/wp\/v2\/product_cat?post=41123"},{"taxonomy":"product_tag","embeddable":true,"href":"https:\/\/singuli.wpress.me\/index.php\/wp-json\/wp\/v2\/product_tag?post=41123"}],"curies":[{"name":"wp","href":"https:\/\/api.w.org\/{rel}","templated":true}]}}