{"id":41125,"date":"2026-04-19T15:19:46","date_gmt":"2026-04-19T15:19:46","guid":{"rendered":"https:\/\/singuli.wpress.me\/index.php\/proizvod\/pampers-harmonie-pelene-velicina-2-4-8kg-132-kom\/"},"modified":"2026-04-20T12:33:35","modified_gmt":"2026-04-20T12:33:35","slug":"pampers-harmonie-pelene-velicina-2-4-8kg-132-kom","status":"publish","type":"product","link":"https:\/\/singuli.wpress.me\/index.php\/proizvod\/pampers-harmonie-pelene-velicina-2-4-8kg-132-kom\/","title":{"rendered":"PAMPERS Harmonie, pelene, veli\u010dina 2, 4-8kg, 132\u00a0kom"},"content":{"rendered":"<p>Nje\u017ena za\u0161tita ko\u017ee sa sastojcima biljnog porijekla. Pelene-ga\u0107ice Pampers Harmonie izra\u0111ene su od mekanih materijala biljnog porijekla, dermatolo\u0161ki su testirane i nje\u017ene za bebinu ko\u017eu.<\/p>\n<p>Sadr\u017ee 0% dodanih mirisa i losiona, ni jedan od 26 alergena koje je EU izdvojila kao potencijalno opasne i jam\u010de do 12 sati Pampersove suho\u0107e. <\/p>\n<p>Za pouzdanu kvalitetu koju svaki roditelj tra\u017ei. <\/p>\n<p>Zahvaljuju\u0107i potpuno rastezljivom pojasu, lako ih je promijeniti, \u010dak i kad je beba nemirna pri mijenjanju pelena. <\/p>\n<p>Na sebi imaju slatke ilustracije, a opremljene su prakti\u010dnim Pampersovim indikatorom mokre pelene: sve \u0107ete to obo\u017eavati i vi i va\u0161a beba.<\/p>\n<p>Ove pelene-ga\u0107ice izra\u0111ene su od celuloze pribavljene iz odgovornih izvora i certificirane su prema normi Standard 100 udru\u017eenja Oeko-Tex, jednom od najzahtjevnijih svjetskih certifikata.\u017delite li saznati vi\u0161e o komponentama na\u0161ih proizvoda? Posjetite pampers.com.hr<\/p>\n","protected":false},"excerpt":{"rendered":"<p>Izra\u0111ene od mekanih materijala biljnog porijekla<br \/>\n0 % losiona i dodanih mirisa te ne sadr\u017ee nijedan od 26 alergena koje je EU izdvojila kao potencijalno opasne<br \/>\nDo 12 sati Pampersove suho\u0107e<\/p>\n","protected":false},"featured_media":0,"template":"","meta":{"_seopress_robots_primary_cat":"","_seopress_titles_title":"","_seopress_titles_desc":"","_seopress_robots_index":"","iawp_total_views":0},"product_brand":[444],"product_cat":[211,310],"product_tag":[],"class_list":{"0":"post-41125","1":"product","2":"type-product","3":"status-publish","5":"product_brand-pampers","6":"product_cat-njega-majke-i-djeteta","7":"product_cat-pelene-211","9":"first","10":"outofstock","11":"shipping-taxable","12":"purchasable","13":"product-type-simple"},"_links":{"self":[{"href":"https:\/\/singuli.wpress.me\/index.php\/wp-json\/wp\/v2\/product\/41125","targetHints":{"allow":["GET"]}}],"collection":[{"href":"https:\/\/singuli.wpress.me\/index.php\/wp-json\/wp\/v2\/product"}],"about":[{"href":"https:\/\/singuli.wpress.me\/index.php\/wp-json\/wp\/v2\/types\/product"}],"version-history":[{"count":0,"href":"https:\/\/singuli.wpress.me\/index.php\/wp-json\/wp\/v2\/product\/41125\/revisions"}],"wp:attachment":[{"href":"https:\/\/singuli.wpress.me\/index.php\/wp-json\/wp\/v2\/media?parent=41125"}],"wp:term":[{"taxonomy":"product_brand","embeddable":true,"href":"https:\/\/singuli.wpress.me\/index.php\/wp-json\/wp\/v2\/product_brand?post=41125"},{"taxonomy":"product_cat","embeddable":true,"href":"https:\/\/singuli.wpress.me\/index.php\/wp-json\/wp\/v2\/product_cat?post=41125"},{"taxonomy":"product_tag","embeddable":true,"href":"https:\/\/singuli.wpress.me\/index.php\/wp-json\/wp\/v2\/product_tag?post=41125"}],"curies":[{"name":"wp","href":"https:\/\/api.w.org\/{rel}","templated":true}]}}